{"id":12533,"date":"2023-05-23T13:15:40","date_gmt":"2023-05-23T11:15:40","guid":{"rendered":"https:\/\/roundbaltic.eu\/?page_id=12533"},"modified":"2023-05-23T14:10:54","modified_gmt":"2023-05-23T12:10:54","slug":"eucf-privatlivspolitik","status":"publish","type":"page","link":"https:\/\/roundbaltic.eu\/da\/eucf-privatlivspolitik\/","title":{"rendered":"EUCF &#8211; privatlivspolitik"},"content":{"rendered":"\t\t<div data-elementor-type=\"wp-page\" data-elementor-id=\"12533\" class=\"elementor elementor-12533\" data-elementor-post-type=\"page\">\n\t\t\t\t\t\t<section class=\"elementor-section elementor-top-section elementor-element elementor-element-5bcb9ae elementor-section-boxed elementor-section-height-default elementor-section-height-default\" data-id=\"5bcb9ae\" data-element_type=\"section\">\n\t\t\t\t\t\t<div class=\"elementor-container elementor-column-gap-default\">\n\t\t\t\t\t<div class=\"elementor-column elementor-col-66 elementor-top-column elementor-element elementor-element-6b60133\" data-id=\"6b60133\" data-element_type=\"column\">\n\t\t\t<div class=\"elementor-widget-wrap elementor-element-populated\">\n\t\t\t\t\t\t<div class=\"elementor-element elementor-element-f74edb0 elementor-widget elementor-widget-heading\" data-id=\"f74edb0\" data-element_type=\"widget\" data-widget_type=\"heading.default\">\n\t\t\t\t<div class=\"elementor-widget-container\">\n\t\t\t\t\t<h3 class=\"elementor-heading-title elementor-size-default\">Privatlivspolitik - EUCF Events<\/h3>\t\t\t\t<\/div>\n\t\t\t\t<\/div>\n\t\t\t\t\t<\/div>\n\t\t<\/div>\n\t\t\t\t<div class=\"elementor-column elementor-col-33 elementor-top-column elementor-element elementor-element-14e5566\" data-id=\"14e5566\" data-element_type=\"column\">\n\t\t\t<div class=\"elementor-widget-wrap\">\n\t\t\t\t\t\t\t<\/div>\n\t\t<\/div>\n\t\t\t\t\t<\/div>\n\t\t<\/section>\n\t\t\t\t<section class=\"elementor-section elementor-top-section elementor-element elementor-element-e00c5ef elementor-section-boxed elementor-section-height-default elementor-section-height-default\" data-id=\"e00c5ef\" data-element_type=\"section\">\n\t\t\t\t\t\t<div class=\"elementor-container elementor-column-gap-default\">\n\t\t\t\t\t<div class=\"elementor-column elementor-col-66 elementor-top-column elementor-element elementor-element-257af3a\" data-id=\"257af3a\" data-element_type=\"column\">\n\t\t\t<div class=\"elementor-widget-wrap\">\n\t\t\t\t\t\t\t<\/div>\n\t\t<\/div>\n\t\t\t\t<div class=\"elementor-column elementor-col-33 elementor-top-column elementor-element elementor-element-326029b\" data-id=\"326029b\" data-element_type=\"column\">\n\t\t\t<div class=\"elementor-widget-wrap\">\n\t\t\t\t\t\t\t<\/div>\n\t\t<\/div>\n\t\t\t\t\t<\/div>\n\t\t<\/section>\n\t\t\t\t<section class=\"elementor-section elementor-top-section elementor-element elementor-element-5f05787 elementor-section-boxed elementor-section-height-default elementor-section-height-default\" data-id=\"5f05787\" data-element_type=\"section\">\n\t\t\t\t\t\t<div class=\"elementor-container elementor-column-gap-default\">\n\t\t\t\t\t<div class=\"elementor-column elementor-col-66 elementor-top-column elementor-element elementor-element-4913bd0\" data-id=\"4913bd0\" data-element_type=\"column\">\n\t\t\t<div class=\"elementor-widget-wrap elementor-element-populated\">\n\t\t\t\t\t\t<div class=\"elementor-element elementor-element-64e9488 elementor-widget elementor-widget-text-editor\" data-id=\"64e9488\" data-element_type=\"widget\" data-widget_type=\"text-editor.default\">\n\t\t\t\t<div class=\"elementor-widget-container\">\n\t\t\t\t\t\t\t\t\t<p><span style=\"font-size: 14pt;\"><strong>1: Serviceydelsen\u00a0<\/strong><\/span><\/p><p>EC Network har under det EU H2020-finansierede projekt European City Facility og de eksterne kontrahenter (se \u00a7 7 nedenfor), oprettet denne elektroniske tilmeldingsformular for at lette tilmeldingen af deltagere til arrangementer.<\/p><p><span style=\"font-size: 14pt;\"><strong>2: Hvilken slags personoplysninger indsamler vi, til hvilket form\u00e5l og med hvilke tekniske midler?<\/strong><\/span><\/p><h4>Identifikationsdata<\/h4><p>Registreringsformularen indsamler grundl\u00e6ggende oplysninger om hver deltager, herunder deres navn, organisation og kontaktoplysninger.<\/p><p>Ud fra de indsamlede data kan der produceres et badge, som giver registrerede deltagere adgang til konferencestedet (g\u00e6lder ikke for virtuelle arrangementer).<\/p><p>Data indsamlet af tjenesten kan omfatte f\u00f8lgende:<\/p><ul><li>Email adresse<\/li><li>Fornavn<\/li><li>Efternavn<\/li><li>Jobtitel\/funktion<\/li><li>Organisationens navn<\/li><li>Organisationstype<\/li><li>Organisationens adresse<\/li><li>Land<\/li><li>Telefon nummer<\/li><\/ul><p>Derudover kan der indsamles ikke-obligatoriske personoplysninger, s\u00e5som f\u00f8devarerestriktioner og tilg\u00e6ngelighedsbehov.<\/p><p>Nogle data indsamles muligvis ikke til virtuelle begivenheder.<\/p><h4>Yderligere oplysninger givet til dig som en del af tjenesten<\/h4><p>Ved at tilmelde sig et arrangement accepterer deltagerne at modtage specifikke oplysninger. For eksempel vil vi bruge din e-mailadresse og dit navn til at sende en bekr\u00e6ftelses-e-mail. Deltagerne kan ogs\u00e5 modtage information om program\u00e6ndringer, adgangsinstruktioner og sikkerhedsprocedurer.<\/p><p>Efter arrangementet kan personoplysninger ogs\u00e5 bruges til at udtrykke taknemmelighed til hver enkelt deltager for at deltage i arrangementet.<\/p><h4>Teknisk information<\/h4><p>Deltagerne vil registrere sig p\u00e5 webstedet www.roundbaltic.eu, der administreres af EC Network . Til nogle begivenheder kan et login og en adgangskode v\u00e6re angivet i en begivenhedsinvitation og er n\u00f8dvendig for tilmelding.<\/p><p>Felter p\u00e5 registreringssiden er beskyttet mod indtr\u00e6ngende koder eller fors\u00f8g p\u00e5 at f\u00e5 adgang til\/\u00e6ndre\/slette databasen.<\/p><p>En sikret administrativ side giver begr\u00e6nset adgang til de data, der indsamles under kontrol af en udpeget administrator.<\/p><p><strong><span style=\"font-size: 14pt;\">3: Hvem har adgang til de afgivne oplysninger, og hvem videregives de til?<\/span><\/strong><\/p><p>Personoplysninger vil v\u00e6re tilg\u00e6ngelige for det kontraktm\u00e6ssige personale, der arbejder i tilrettel\u00e6ggelsen af denne begivenhed p\u00e5 vegne af EU H2020 European City Facility Projektet. Ingen tredjepart vil modtage de indsendte oplysninger.<\/p><p>Navne p\u00e5 deltagere og deres organisationer er inkluderet i lister, der kun distribueres til deltagere med deres udtrykkelige samtykke. Deltagere kan n\u00e6gte at dele deres kontaktoplysninger p\u00e5 denne m\u00e5de.<\/p><p>Deltagerne kan stille sp\u00f8rgsm\u00e5l eller kommentarer ved at sende en e-mail til eucf@ecnetwork.dk<\/p><p><span style=\"font-size: 14pt;\"><strong>4: Hvordan kan du verificere, \u00e6ndre eller slette dine oplysninger?<\/strong><\/span><\/p><p>Hvis tilmeldte finder en fejl i deres tilmeldingsblanket, er det muligt at tilmelde sig igen uden forudg\u00e5ende varsel til arrang\u00f8ren. De tidligere data vil blive slettet fra databasen.<\/p><p>For at slette hele eller dele af deres data skal registranter sende en anmodning til <a href=\"mailto:eucf@ecnetwork.dk\">eucf@ecnetwork.dk<\/a><\/p><p><span style=\"font-size: 14pt;\"><strong>5: Hvor l\u00e6nge opbevarer vi dine data?<\/strong><\/span><\/p><p>Dine personoplysninger opbevares s\u00e5 l\u00e6nge, det er n\u00f8dvendigt for form\u00e5let med behandlingen af din fil, og s\u00e5 l\u00e6nge det er n\u00f8dvendigt for at opfylde vores juridiske forpligtelser. Du kan til enhver tid anmode om \u00f8jeblikkelig fjernelse af dine personlige data fra vores liste, som forklaret ovenfor.<\/p><p>Hosting leverand\u00f8ren, der er valgt til at g\u00f8re dette p\u00e5 deres vegne, vil opbevare dine personlige data p\u00e5 en sikker \u2013 virusbeskyttet \u2013 elektronisk opbevaring til fremtidig brug.<\/p><p><span style=\"font-size: 14pt;\"><strong>6: Tilladelse til at bruge billeder og blive filmet<\/strong><\/span><\/p><p>Bem\u00e6rk venligst, at der kan tages billeder og videoer under arrangementet, frokoster, kaffepauser, cocktails mv. og kan optages. Nogle begivenheder streames ogs\u00e5 live. Virtuelle begivenheder, der afholdes p\u00e5 webkonference -platforme, kan ogs\u00e5 optages og offentligg\u00f8res online.<\/p><p>EUCF-projektet kan bruge fotografierne og\/eller filmene med dit billede som beskrevet ovenfor i alle typer publikationer, i enhver form for tv-udsendelse eller kommunikation via internettet, for at illustrere eller fremme projektets aktiviteter.<\/p><p>Denne tilladelse g\u00e6lder i hele verden og s\u00e5 l\u00e6nge et billede er underlagt juridisk beskyttelse. Den kan tr\u00e6kkes tilbage ved at informere EC Network p\u00e5 ovenn\u00e6vnte adresse.<\/p><p>I nogle tilf\u00e6lde er valget om at frav\u00e6lge at blive fotograferet eller filmet angivet i tilmeldingsformularen til begivenheden.<\/p><p><strong><span style=\"font-size: 14pt;\">7: GDPR &#8211; General Data Protection Regulation (EU)<\/span><\/strong><\/p><p>EC Network AS er som kontrahent for EU-institutionerne i overensstemmelse med (EU) nr. 2018\/1725 og er som privat virksomhed i overensstemmelse med forordning (EU) nr. 2016\/679 (GDPR).<\/p><p><span style=\"font-size: 14pt;\"><strong>8: Kontaktoplysninger<\/strong><\/span><\/p><p>Skriv venligst til EUCF@ecnetwork.dk for sp\u00f8rgsm\u00e5l eller kommentarer om tjenesten med hensyn til brugen af personlige oplysninger.<\/p><p>Se venligst f\u00f8lgende websted for at f\u00e5 flere oplysninger om databeskyttelse: &#8220;European Data Protection Supervisor, EU&#8217;s uafh\u00e6ngige databeskyttelsesmyndighed&#8221;: <a href=\"https:\/\/edps.europa.eu\">https:\/\/edps.europa.eu<\/a><\/p>\t\t\t\t\t\t\t\t<\/div>\n\t\t\t\t<\/div>\n\t\t\t\t\t<\/div>\n\t\t<\/div>\n\t\t\t\t<div class=\"elementor-column elementor-col-33 elementor-top-column elementor-element elementor-element-12d3929\" data-id=\"12d3929\" data-element_type=\"column\">\n\t\t\t<div class=\"elementor-widget-wrap\">\n\t\t\t\t\t\t\t<\/div>\n\t\t<\/div>\n\t\t\t\t\t<\/div>\n\t\t<\/section>\n\t\t\t\t<\/div>\n\t\t","protected":false},"excerpt":{"rendered":"<p>Privatlivspolitik &#8211; EUCF Events 1: Serviceydelsen\u00a0 EC Network har under det EU H2020-finansierede projekt European City Facility og de eksterne kontrahenter (se \u00a7 7 nedenfor), oprettet denne elektroniske tilmeldingsformular for at lette tilmeldingen af deltagere til arrangementer. 2: Hvilken slags personoplysninger indsamler vi, til hvilket form\u00e5l og med hvilke tekniske midler? Identifikationsdata Registreringsformularen indsamler grundl\u00e6ggende [&hellip;]<\/p>\n","protected":false},"author":2,"featured_media":0,"parent":0,"menu_order":0,"comment_status":"closed","ping_status":"closed","template":"","meta":{"inline_featured_image":false,"footnotes":""},"class_list":["post-12533","page","type-page","status-publish","hentry"],"_links":{"self":[{"href":"https:\/\/roundbaltic.eu\/da\/wp-json\/wp\/v2\/pages\/12533","targetHints":{"allow":["GET"]}}],"collection":[{"href":"https:\/\/roundbaltic.eu\/da\/wp-json\/wp\/v2\/pages"}],"about":[{"href":"https:\/\/roundbaltic.eu\/da\/wp-json\/wp\/v2\/types\/page"}],"author":[{"embeddable":true,"href":"https:\/\/roundbaltic.eu\/da\/wp-json\/wp\/v2\/users\/2"}],"replies":[{"embeddable":true,"href":"https:\/\/roundbaltic.eu\/da\/wp-json\/wp\/v2\/comments?post=12533"}],"version-history":[{"count":10,"href":"https:\/\/roundbaltic.eu\/da\/wp-json\/wp\/v2\/pages\/12533\/revisions"}],"predecessor-version":[{"id":12575,"href":"https:\/\/roundbaltic.eu\/da\/wp-json\/wp\/v2\/pages\/12533\/revisions\/12575"}],"wp:attachment":[{"href":"https:\/\/roundbaltic.eu\/da\/wp-json\/wp\/v2\/media?parent=12533"}],"curies":[{"name":"wp","href":"https:\/\/api.w.org\/{rel}","templated":true}]}}