{"id":2135,"date":"2020-12-09T09:45:57","date_gmt":"2020-12-09T08:45:57","guid":{"rendered":"http:\/\/roundbaltic.eu.185-31-79-130.nmsrv02.dk\/news-and-events\/"},"modified":"2021-04-21T11:20:00","modified_gmt":"2021-04-21T09:20:00","slug":"nyheder-og-events","status":"publish","type":"page","link":"https:\/\/roundbaltic.eu\/da\/nyheder-og-events\/","title":{"rendered":"Nyheder og events"},"content":{"rendered":"\t\t<div data-elementor-type=\"wp-page\" data-elementor-id=\"2135\" class=\"elementor elementor-2135 elementor-38\" data-elementor-post-type=\"page\">\n\t\t\t\t\t\t<section class=\"elementor-section elementor-top-section elementor-element elementor-element-6e3b62fe elementor-section-stretched elementor-section-boxed elementor-section-height-default elementor-section-height-default\" data-id=\"6e3b62fe\" data-element_type=\"section\" data-settings=\"{&quot;background_background&quot;:&quot;classic&quot;,&quot;stretch_section&quot;:&quot;section-stretched&quot;}\">\n\t\t\t\t\t\t\t<div class=\"elementor-background-overlay\"><\/div>\n\t\t\t\t\t\t\t<div class=\"elementor-container elementor-column-gap-default\">\n\t\t\t\t\t<div class=\"elementor-column elementor-col-100 elementor-top-column elementor-element elementor-element-33f584d3\" data-id=\"33f584d3\" data-element_type=\"column\">\n\t\t\t<div class=\"elementor-widget-wrap elementor-element-populated\">\n\t\t\t\t\t\t<div class=\"elementor-element elementor-element-be15abf elementor-widget elementor-widget-heading\" data-id=\"be15abf\" data-element_type=\"widget\" data-widget_type=\"heading.default\">\n\t\t\t\t<div class=\"elementor-widget-container\">\n\t\t\t\t\t<h2 class=\"elementor-heading-title elementor-size-default\">News and events<\/h2>\t\t\t\t<\/div>\n\t\t\t\t<\/div>\n\t\t\t\t\t<\/div>\n\t\t<\/div>\n\t\t\t\t\t<\/div>\n\t\t<\/section>\n\t\t\t\t<section class=\"elementor-section elementor-top-section elementor-element elementor-element-fb611f1 elementor-section-boxed elementor-section-height-default elementor-section-height-default\" data-id=\"fb611f1\" data-element_type=\"section\">\n\t\t\t\t\t\t<div class=\"elementor-container elementor-column-gap-default\">\n\t\t\t\t\t<div class=\"elementor-column elementor-col-100 elementor-top-column elementor-element elementor-element-f821f91\" data-id=\"f821f91\" data-element_type=\"column\">\n\t\t\t<div class=\"elementor-widget-wrap elementor-element-populated\">\n\t\t\t\t\t\t<div class=\"elementor-element elementor-element-a4bf10a elementor-widget elementor-widget-heading\" data-id=\"a4bf10a\" data-element_type=\"widget\" data-widget_type=\"heading.default\">\n\t\t\t\t<div class=\"elementor-widget-container\">\n\t\t\t\t\t<h3 class=\"elementor-heading-title elementor-size-default\"><a href=\"https:\/\/roundbaltic.eu\/news-and-events\/news\/\">News<\/a><\/h3>\t\t\t\t<\/div>\n\t\t\t\t<\/div>\n\t\t\t\t<div class=\"elementor-element elementor-element-b1af598 elementor-widget elementor-widget-tp-dynamic-listing\" data-id=\"b1af598\" data-element_type=\"widget\" data-widget_type=\"tp-dynamic-listing.default\">\n\t\t\t\t<div class=\"elementor-widget-container\">\n\t\t\t\t\t<div id=\"pt-plus-dynamic-listing\" class=\"dynamic-listing post69f4bf25ec66f  list-isotope-metro  dynamic-listing-style-1 hover-image-style-1     tp-dy-l-type-page_listing \"    data-layout-type=\"metro\"  data-metro-columns=\"3\"  data-metro-style=\"style-4\"  data-tablet-metro-columns=\"3\" data-tablet-metro-style=\"style-1\"  data-id=\"post69f4bf25ec66f\" data-style=\"style-1\"   dir= data-enable-isotope=\"1\" filter-type = \"normal\"><div id=\"post69f4bf25ec66f\" class=\"tp-row post-inner-loop   post69f4bf25ec66f    tp_list\" data-extparam= '{\"loading-opt\":\"skeleton\",\"URL-para\":\"\"}'    \"  data-widgetId = b1af598><div class=\"grid-item metro-item1 tb-metro-item1     \"><article id=\"post-12287\" class=\"post-12287 post type-post status-publish format-standard has-post-thumbnail hentry category-events-da category-events-dk category-news-da\">\r\n\t<div class=\"blog-list-content\">\r\n\t\t\t\t\t\t<div class=\"post-content-bottom\">\r\n\t\t\t\t\t\t<h4 class=\"post-title\">\r\n\t<a href=\"https:\/\/roundbaltic.eu\/da\/foerste-nationale-roundbaltic-roundtable-i-danmark\/\" class=\"normal\">F\u00f8rste nationale RoundBaltic Roundtable i Danmark<\/a>\r\n<\/h4>\r\n\t\t\t<div class=\"post-hover-content\">\r\n\t\t\t\t<div class=\"entry-content\">\r\n\t<p>RoundBaltic projektet afholdte sit f\u00f8rste roundtable i Danmark, den 17 - 18 marts 2021. Form\u00e5let med det nationale roundtable var at samle n\u00f8gleakt\u00f8rer til...<\/p>\r\n<\/div>\r\n\t\t\t\t\t\t\t\t\t\t\t\t\r\n\t\t\t<\/div>\r\n\t\t<\/div>\r\n\t\t\t\t\t<a href=\"https:\/\/roundbaltic.eu\/da\/foerste-nationale-roundbaltic-roundtable-i-danmark\/\"><div class=\"blog-bg-image-metro \" style=\"background:url(https:\/\/roundbaltic.eu\/wp-content\/uploads\/2021\/04\/shutterstock_498301201-scaled.jpg) #f7f7f7;\" ><\/div><\/a>\r\n\t\t\t\t<\/div>\r\n<\/article>\r\n<\/div><div class=\"grid-item metro-item2 tb-metro-item2     \"><article id=\"post-9467\" class=\"post-9467 post type-post status-publish format-standard has-post-thumbnail hentry category-bez-kategorii category-events-pl-3 category-events-dk category-news-da\">\r\n\t<div class=\"blog-list-content\">\r\n\t\t\t\t\t\t<div class=\"post-content-bottom\">\r\n\t\t\t\t\t\t<h4 class=\"post-title\">\r\n\t<a href=\"https:\/\/roundbaltic.eu\/da\/andet-nationale-roundbaltic-roundtable-i-danmark\/\" class=\"normal\">Andet nationale RoundBaltic Roundtable i Danmark<\/a>\r\n<\/h4>\r\n\t\t\t<div class=\"post-hover-content\">\r\n\t\t\t\t<div class=\"entry-content\">\r\n\t<p>RoundBaltic projektet afholder sit andet roundtable i Danmark, den 22 september 2022. Form\u00e5let med det nationale roundtable er at samle n\u00f8gleakt\u00f8rer til en dialog...<\/p>\r\n<\/div>\r\n\t\t\t\t\t\t\t\t\t\t\t\t\r\n\t\t\t<\/div>\r\n\t\t<\/div>\r\n\t\t\t\t\t<a href=\"https:\/\/roundbaltic.eu\/da\/andet-nationale-roundbaltic-roundtable-i-danmark\/\"><div class=\"blog-bg-image-metro \" style=\"background:url(https:\/\/roundbaltic.eu\/wp-content\/uploads\/2022\/08\/shutterstock_2013544754-reduced.jpg) #f7f7f7;\" ><\/div><\/a>\r\n\t\t\t\t<\/div>\r\n<\/article>\r\n<\/div><div class=\"grid-item metro-item3 tb-metro-item3     \"><article id=\"post-9460\" class=\"post-9460 post type-post status-publish format-standard has-post-thumbnail hentry category-events-da category-events-dk category-news-da\">\r\n\t<div class=\"blog-list-content\">\r\n\t\t\t\t\t\t<div class=\"post-content-bottom\">\r\n\t\t\t\t\t\t<h4 class=\"post-title\">\r\n\t<a href=\"https:\/\/roundbaltic.eu\/da\/roundtable-om-finansiering-af-energieffektivitet-i-den-almene-sektor\/\" class=\"normal\">Roundtable om Finansiering af Energieffektivitet i den Almene Sektor<\/a>\r\n<\/h4>\r\n\t\t\t<div class=\"post-hover-content\">\r\n\t\t\t\t<div class=\"entry-content\">\r\n\t<p><b>11 maj 2022<\/b><br>\nDet nationale roundtable fokuserede p\u00e5 behovet for finansiering af den gr\u00f8nne omstilling i den almene boligsektor, herunder den mulige integrering af ESCO...<\/p>\r\n<\/div>\r\n\t\t\t\t\t\t\t\t\t\t\t\t\r\n\t\t\t<\/div>\r\n\t\t<\/div>\r\n\t\t\t\t\t<a href=\"https:\/\/roundbaltic.eu\/da\/roundtable-om-finansiering-af-energieffektivitet-i-den-almene-sektor\/\"><div class=\"blog-bg-image-metro \" style=\"background:url(https:\/\/roundbaltic.eu\/wp-content\/uploads\/2021\/06\/iStock-589118460.jpg) #f7f7f7;\" ><\/div><\/a>\r\n\t\t\t\t<\/div>\r\n<\/article>\r\n<\/div><div class=\"grid-item metro-item4 tb-metro-item4     \"><article id=\"post-1824\" class=\"post-1824 post type-post status-publish format-standard has-post-thumbnail hentry category-events-da category-events-dk category-news-da\">\r\n\t<div class=\"blog-list-content\">\r\n\t\t\t\t\t\t<div class=\"post-content-bottom\">\r\n\t\t\t\t\t\t<h4 class=\"post-title\">\r\n\t<a href=\"https:\/\/roundbaltic.eu\/da\/nationalt-roundtable-no-1-dk\/\" class=\"normal\">F\u00f8rste nationale RoundBaltic Roundtable i Danmark<\/a>\r\n<\/h4>\r\n\t\t\t<div class=\"post-hover-content\">\r\n\t\t\t\t<div class=\"entry-content\">\r\n\t<p>RoundBaltic projektet afholdte sit f\u00f8rste roundtable i Danmark, den 17 - 18 marts 2021. Form\u00e5let med det nationale roundtable var at samle n\u00f8gleakt\u00f8rer til...<\/p>\r\n<\/div>\r\n\t\t\t\t\t\t\t\t\t\t\t\t\r\n\t\t\t<\/div>\r\n\t\t<\/div>\r\n\t\t\t\t\t<a href=\"https:\/\/roundbaltic.eu\/da\/nationalt-roundtable-no-1-dk\/\"><div class=\"blog-bg-image-metro \" style=\"background:url(https:\/\/roundbaltic.eu\/wp-content\/uploads\/2021\/04\/shutterstock_498301201-scaled.jpg) #f7f7f7;\" ><\/div><\/a>\r\n\t\t\t\t<\/div>\r\n<\/article>\r\n<\/div><div class=\"grid-item metro-item5 tb-metro-item5     \"><article id=\"post-2818\" class=\"post-2818 post type-post status-publish format-standard has-post-thumbnail hentry category-news-da\">\r\n\t<div class=\"blog-list-content\">\r\n\t\t\t\t\t\t<div class=\"post-content-bottom\">\r\n\t\t\t\t\t\t<h4 class=\"post-title\">\r\n\t<a href=\"https:\/\/roundbaltic.eu\/da\/lancering-af-roundbaltic-projektet\/\" class=\"normal\">Lancering af RoundBaltic Projektet<\/a>\r\n<\/h4>\r\n\t\t\t<div class=\"post-hover-content\">\r\n\t\t\t\t<div class=\"entry-content\">\r\n\t<p>RoundBaltic projektet sigter mod at v\u00e6re drivkraft i at fremme finansiering og implementering af energieffektivitet i \u00a0bygninger og erhverv i \u00d8sters\u00f8regionen med fokus p\u00e5...<\/p>\r\n<\/div>\r\n\t\t\t\t\t\t\t\t\t\t\t\t\r\n\t\t\t<\/div>\r\n\t\t<\/div>\r\n\t\t\t\t\t<a href=\"https:\/\/roundbaltic.eu\/da\/lancering-af-roundbaltic-projektet\/\"><div class=\"blog-bg-image-metro \" style=\"background:url(https:\/\/roundbaltic.eu\/wp-content\/uploads\/2021\/04\/shutterstock_1718548003-scaled.jpg) #f7f7f7;\" ><\/div><\/a>\r\n\t\t\t\t<\/div>\r\n<\/article>\r\n<\/div><\/div><\/div>\t\t\t\t<\/div>\n\t\t\t\t<\/div>\n\t\t\t\t<div class=\"elementor-element elementor-element-0b8e696 elementor-widget elementor-widget-button\" data-id=\"0b8e696\" data-element_type=\"widget\" data-widget_type=\"button.default\">\n\t\t\t\t<div class=\"elementor-widget-container\">\n\t\t\t\t\t\t\t\t\t<div class=\"elementor-button-wrapper\">\n\t\t\t\t\t<a class=\"elementor-button elementor-button-link elementor-size-sm\" href=\"https:\/\/roundbaltic.eu\/news-and-events\/news\/\">\n\t\t\t\t\t\t<span class=\"elementor-button-content-wrapper\">\n\t\t\t\t\t\t\t\t\t<span class=\"elementor-button-text\">Find more news stories<\/span>\n\t\t\t\t\t<\/span>\n\t\t\t\t\t<\/a>\n\t\t\t\t<\/div>\n\t\t\t\t\t\t\t\t<\/div>\n\t\t\t\t<\/div>\n\t\t\t\t\t<\/div>\n\t\t<\/div>\n\t\t\t\t\t<\/div>\n\t\t<\/section>\n\t\t\t\t<section class=\"elementor-section elementor-top-section elementor-element elementor-element-ec50a23 elementor-section-boxed elementor-section-height-default elementor-section-height-default\" data-id=\"ec50a23\" data-element_type=\"section\">\n\t\t\t\t\t\t<div class=\"elementor-container elementor-column-gap-default\">\n\t\t\t\t\t<div class=\"elementor-column elementor-col-100 elementor-top-column elementor-element elementor-element-213d08b\" data-id=\"213d08b\" data-element_type=\"column\">\n\t\t\t<div class=\"elementor-widget-wrap elementor-element-populated\">\n\t\t\t\t\t\t<div class=\"elementor-element elementor-element-4cdcf24 elementor-widget elementor-widget-heading\" data-id=\"4cdcf24\" data-element_type=\"widget\" data-widget_type=\"heading.default\">\n\t\t\t\t<div class=\"elementor-widget-container\">\n\t\t\t\t\t<h3 class=\"elementor-heading-title elementor-size-default\"><a href=\"https:\/\/roundbaltic.eu\/news-and-events\/events\/\">Events<\/a><\/h3>\t\t\t\t<\/div>\n\t\t\t\t<\/div>\n\t\t\t\t<div class=\"elementor-element elementor-element-896aa11 elementor-widget elementor-widget-tp-dynamic-listing\" data-id=\"896aa11\" data-element_type=\"widget\" data-widget_type=\"tp-dynamic-listing.default\">\n\t\t\t\t<div class=\"elementor-widget-container\">\n\t\t\t\t\t<div id=\"pt-plus-dynamic-listing\" class=\"dynamic-listing post69f4bf25f2849  list-isotope-metro  dynamic-listing-style-1 hover-image-style-1     tp-dy-l-type-page_listing \"    data-layout-type=\"metro\"  data-metro-columns=\"3\"  data-metro-style=\"style-4\"  data-tablet-metro-columns=\"3\" data-tablet-metro-style=\"style-1\"  data-id=\"post69f4bf25f2849\" data-style=\"style-1\"   dir= data-enable-isotope=\"1\" filter-type = \"normal\"><div id=\"post69f4bf25f2849\" class=\"tp-row post-inner-loop   post69f4bf25f2849    tp_list\" data-extparam= '{\"loading-opt\":\"skeleton\",\"URL-para\":\"\"}'    \"  data-widgetId = 896aa11><div class=\"grid-item metro-item1 tb-metro-item1     \"><article id=\"post-12287\" class=\"post-12287 post type-post status-publish format-standard has-post-thumbnail hentry category-events-da category-events-dk category-news-da\">\r\n\t<div class=\"blog-list-content\">\r\n\t\t\t\t\t\t<div class=\"post-content-bottom\">\r\n\t\t\t\t\t\t<h4 class=\"post-title\">\r\n\t<a href=\"https:\/\/roundbaltic.eu\/da\/foerste-nationale-roundbaltic-roundtable-i-danmark\/\" class=\"normal\">F\u00f8rste nationale RoundBaltic Roundtable i Danmark<\/a>\r\n<\/h4>\r\n\t\t\t<div class=\"post-hover-content\">\r\n\t\t\t\t<div class=\"entry-content\">\r\n\t<p>RoundBaltic projektet afholdte sit f\u00f8rste roundtable i Danmark, den 17 - 18 marts 2021. Form\u00e5let med det nationale roundtable var at samle n\u00f8gleakt\u00f8rer til...<\/p>\r\n<\/div>\r\n\t\t\t\t\t\t\t\t\t\t\t\t\r\n\t\t\t<\/div>\r\n\t\t<\/div>\r\n\t\t\t\t\t<a href=\"https:\/\/roundbaltic.eu\/da\/foerste-nationale-roundbaltic-roundtable-i-danmark\/\"><div class=\"blog-bg-image-metro \" style=\"background:url(https:\/\/roundbaltic.eu\/wp-content\/uploads\/2021\/04\/shutterstock_498301201-scaled.jpg) #f7f7f7;\" ><\/div><\/a>\r\n\t\t\t\t<\/div>\r\n<\/article>\r\n<\/div><div class=\"grid-item metro-item2 tb-metro-item2     \"><article id=\"post-14415\" class=\"post-14415 post type-post status-publish format-standard has-post-thumbnail hentry category-events-da category-events-dk\">\r\n\t<div class=\"blog-list-content\">\r\n\t\t\t\t\t\t<div class=\"post-content-bottom\">\r\n\t\t\t\t\t\t<h4 class=\"post-title\">\r\n\t<a href=\"https:\/\/roundbaltic.eu\/da\/regionalt-roundtable-i-region-syd-om-almene-boliger\/\" class=\"normal\">Regionalt Roundtable i Region Syd om Almene Boliger<\/a>\r\n<\/h4>\r\n\t\t\t<div class=\"post-hover-content\">\r\n\t\t\t\t<div class=\"entry-content\">\r\n\t<p><b>11 juni 2023, Vejle<\/b>\nForm\u00e5let med det regionale roundtable vat at samle n\u00f8gleakt\u00f8rer til en dialog omkring finansiering af energieffektivitet i Almene Boliger i regionen<\/p>\r\n<\/div>\r\n\t\t\t\t\t\t\t\t\t\t\t\t\r\n\t\t\t<\/div>\r\n\t\t<\/div>\r\n\t\t\t\t\t<a href=\"https:\/\/roundbaltic.eu\/da\/regionalt-roundtable-i-region-syd-om-almene-boliger\/\"><div class=\"blog-bg-image-metro \" style=\"background:url(https:\/\/roundbaltic.eu\/wp-content\/uploads\/2023\/07\/shutterstock_1834925161-scaled.jpg) #f7f7f7;\" ><\/div><\/a>\r\n\t\t\t\t<\/div>\r\n<\/article>\r\n<\/div><div class=\"grid-item metro-item3 tb-metro-item3     \"><article id=\"post-12290\" class=\"post-12290 post type-post status-publish format-standard has-post-thumbnail hentry category-events-da category-events-dk\">\r\n\t<div class=\"blog-list-content\">\r\n\t\t\t\t\t\t<div class=\"post-content-bottom\">\r\n\t\t\t\t\t\t<h4 class=\"post-title\">\r\n\t<a href=\"https:\/\/roundbaltic.eu\/da\/tredje-nationale-roundbaltic-roundtable-i-danmark\/\" class=\"normal\">Tredje nationale RoundBaltic Roundtable i Danmark<\/a>\r\n<\/h4>\r\n\t\t\t<div class=\"post-hover-content\">\r\n\t\t\t\t<div class=\"entry-content\">\r\n\t<p><b>22 maj 2023 <\/b><br>\nRoundBaltic projektet afholdTe sit tredje nationale roundtable i Danmark, den 22 maj 2023. Form\u00e5let med det nationale roundtable var at samle...<\/p>\r\n<\/div>\r\n\t\t\t\t\t\t\t\t\t\t\t\t\r\n\t\t\t<\/div>\r\n\t\t<\/div>\r\n\t\t\t\t\t<a href=\"https:\/\/roundbaltic.eu\/da\/tredje-nationale-roundbaltic-roundtable-i-danmark\/\"><div class=\"blog-bg-image-metro \" style=\"background:url(https:\/\/roundbaltic.eu\/wp-content\/uploads\/2023\/09\/IMG_0015.jpeg) #f7f7f7;\" ><\/div><\/a>\r\n\t\t\t\t<\/div>\r\n<\/article>\r\n<\/div><div class=\"grid-item metro-item4 tb-metro-item4     \"><article id=\"post-14531\" class=\"post-14531 post type-post status-publish format-standard has-post-thumbnail hentry category-events-da category-events-dk\">\r\n\t<div class=\"blog-list-content\">\r\n\t\t\t\t\t\t<div class=\"post-content-bottom\">\r\n\t\t\t\t\t\t<h4 class=\"post-title\">\r\n\t<a href=\"https:\/\/roundbaltic.eu\/da\/andet-regionale-roundtable-oest-danmark-almene-boliger\/\" class=\"normal\">Andet Regionale Roundtable \u00d8st Danmark &#8211; Almene Boliger<\/a>\r\n<\/h4>\r\n\t\t\t<div class=\"post-hover-content\">\r\n\t\t\t\t<div class=\"entry-content\">\r\n\t<p><B>1 juni 2023 <\/B>\nForm\u00e5let med det regionale roundtable er at samle n\u00f8gleakt\u00f8rer til en dialog omkring finansiering af energieffektivitet i Almene Boliger i regionen<\/p>\r\n<\/div>\r\n\t\t\t\t\t\t\t\t\t\t\t\t\r\n\t\t\t<\/div>\r\n\t\t<\/div>\r\n\t\t\t\t\t<a href=\"https:\/\/roundbaltic.eu\/da\/andet-regionale-roundtable-oest-danmark-almene-boliger\/\"><div class=\"blog-bg-image-metro \" style=\"background:url(https:\/\/roundbaltic.eu\/wp-content\/uploads\/2022\/05\/shutterstock_794195980-scaled.jpg) #f7f7f7;\" ><\/div><\/a>\r\n\t\t\t\t<\/div>\r\n<\/article>\r\n<\/div><div class=\"grid-item metro-item5 tb-metro-item5     \"><article id=\"post-14500\" class=\"post-14500 post type-post status-publish format-standard has-post-thumbnail hentry category-events-da category-events-dk\">\r\n\t<div class=\"blog-list-content\">\r\n\t\t\t\t\t\t<div class=\"post-content-bottom\">\r\n\t\t\t\t\t\t<h4 class=\"post-title\">\r\n\t<a href=\"https:\/\/roundbaltic.eu\/da\/andet-regionale-roundtable-oest-danmark-private-boliger\/\" class=\"normal\">Andet Regionale Roundtable \u00d8st Danmark &#8211; Private Boliger<\/a>\r\n<\/h4>\r\n\t\t\t<div class=\"post-hover-content\">\r\n\t\t\t\t<div class=\"entry-content\">\r\n\t<p><B> 25 maj 2023 <\/B>\nForm\u00e5let med det regionale roundtable er at samle n\u00f8gleakt\u00f8rer til en dialog omkring finansiering af energieffektivitet i private boliger i...<\/p>\r\n<\/div>\r\n\t\t\t\t\t\t\t\t\t\t\t\t\r\n\t\t\t<\/div>\r\n\t\t<\/div>\r\n\t\t\t\t\t<a href=\"https:\/\/roundbaltic.eu\/da\/andet-regionale-roundtable-oest-danmark-private-boliger\/\"><div class=\"blog-bg-image-metro \" style=\"background:url(https:\/\/roundbaltic.eu\/wp-content\/uploads\/2022\/11\/shutterstock_2292269913-scaled.jpg) #f7f7f7;\" ><\/div><\/a>\r\n\t\t\t\t<\/div>\r\n<\/article>\r\n<\/div><div class=\"grid-item metro-item6 tb-metro-item6     \"><article id=\"post-11912\" class=\"post-11912 post type-post status-publish format-standard has-post-thumbnail hentry category-events-da category-events-dk\">\r\n\t<div class=\"blog-list-content\">\r\n\t\t\t\t\t\t<div class=\"post-content-bottom\">\r\n\t\t\t\t\t\t<h4 class=\"post-title\">\r\n\t<a href=\"https:\/\/roundbaltic.eu\/da\/andet-regionale-roundtable-i-region-midt\/\" class=\"normal\">Andet Regionale Roundtable i Region Midt<\/a>\r\n<\/h4>\r\n\t\t\t<div class=\"post-hover-content\">\r\n\t\t\t\t<div class=\"entry-content\">\r\n\t<p><b>13 april 2023<\/b><br>\nForm\u00e5let med det regionale roundtable var at samle n\u00f8gleakt\u00f8rer til en dialog omkring finansiering af energieffektivitet i bygninger og erhverv i regionen<\/p>\r\n<\/div>\r\n\t\t\t\t\t\t\t\t\t\t\t\t\r\n\t\t\t<\/div>\r\n\t\t<\/div>\r\n\t\t\t\t\t<a href=\"https:\/\/roundbaltic.eu\/da\/andet-regionale-roundtable-i-region-midt\/\"><div class=\"blog-bg-image-metro \" style=\"background:url(https:\/\/roundbaltic.eu\/wp-content\/uploads\/2023\/02\/shutterstock_2052712241-red3.jpg) #f7f7f7;\" ><\/div><\/a>\r\n\t\t\t\t<\/div>\r\n<\/article>\r\n<\/div><div class=\"grid-item metro-item7 tb-metro-item7     \"><article id=\"post-9460\" class=\"post-9460 post type-post status-publish format-standard has-post-thumbnail hentry category-events-da category-events-dk category-news-da\">\r\n\t<div class=\"blog-list-content\">\r\n\t\t\t\t\t\t<div class=\"post-content-bottom\">\r\n\t\t\t\t\t\t<h4 class=\"post-title\">\r\n\t<a href=\"https:\/\/roundbaltic.eu\/da\/roundtable-om-finansiering-af-energieffektivitet-i-den-almene-sektor\/\" class=\"normal\">Roundtable om Finansiering af Energieffektivitet i den Almene Sektor<\/a>\r\n<\/h4>\r\n\t\t\t<div class=\"post-hover-content\">\r\n\t\t\t\t<div class=\"entry-content\">\r\n\t<p><b>11 maj 2022<\/b><br>\nDet nationale roundtable fokuserede p\u00e5 behovet for finansiering af den gr\u00f8nne omstilling i den almene boligsektor, herunder den mulige integrering af ESCO...<\/p>\r\n<\/div>\r\n\t\t\t\t\t\t\t\t\t\t\t\t\r\n\t\t\t<\/div>\r\n\t\t<\/div>\r\n\t\t\t\t\t<a href=\"https:\/\/roundbaltic.eu\/da\/roundtable-om-finansiering-af-energieffektivitet-i-den-almene-sektor\/\"><div class=\"blog-bg-image-metro \" style=\"background:url(https:\/\/roundbaltic.eu\/wp-content\/uploads\/2021\/06\/iStock-589118460.jpg) #f7f7f7;\" ><\/div><\/a>\r\n\t\t\t\t<\/div>\r\n<\/article>\r\n<\/div><div class=\"grid-item metro-item8 tb-metro-item8     \"><article id=\"post-9252\" class=\"post-9252 post type-post status-publish format-standard has-post-thumbnail hentry category-events-da category-events-dk\">\r\n\t<div class=\"blog-list-content\">\r\n\t\t\t\t\t\t<div class=\"post-content-bottom\">\r\n\t\t\t\t\t\t<h4 class=\"post-title\">\r\n\t<a href=\"https:\/\/roundbaltic.eu\/da\/foerste-regionale-roundtable-oest-danmark\/\" class=\"normal\">F\u00f8rste Regionale Roundtable \u00d8st Danmark<\/a>\r\n<\/h4>\r\n\t\t\t<div class=\"post-hover-content\">\r\n\t\t\t\t<div class=\"entry-content\">\r\n\t<p>Form\u00e5let med det regionale roundtable er at samle n\u00f8gleakt\u00f8rer til en dialog omkring finansiering af energieffektivitet i bygninger og erhverv i regionen<\/p>\r\n<\/div>\r\n\t\t\t\t\t\t\t\t\t\t\t\t\r\n\t\t\t<\/div>\r\n\t\t<\/div>\r\n\t\t\t\t\t<a href=\"https:\/\/roundbaltic.eu\/da\/foerste-regionale-roundtable-oest-danmark\/\"><div class=\"blog-bg-image-metro \" style=\"background:url(https:\/\/roundbaltic.eu\/wp-content\/uploads\/2021\/11\/shutterstock_244708048-scaled.jpg) #f7f7f7;\" ><\/div><\/a>\r\n\t\t\t\t<\/div>\r\n<\/article>\r\n<\/div><\/div><\/div>\t\t\t\t<\/div>\n\t\t\t\t<\/div>\n\t\t\t\t<div class=\"elementor-element elementor-element-616ea9e elementor-widget elementor-widget-button\" data-id=\"616ea9e\" data-element_type=\"widget\" data-widget_type=\"button.default\">\n\t\t\t\t<div class=\"elementor-widget-container\">\n\t\t\t\t\t\t\t\t\t<div class=\"elementor-button-wrapper\">\n\t\t\t\t\t<a class=\"elementor-button elementor-button-link elementor-size-sm\" href=\"https:\/\/roundbaltic.eu\/news-and-events\/events\/\">\n\t\t\t\t\t\t<span class=\"elementor-button-content-wrapper\">\n\t\t\t\t\t\t\t\t\t<span class=\"elementor-button-text\">See all events<\/span>\n\t\t\t\t\t<\/span>\n\t\t\t\t\t<\/a>\n\t\t\t\t<\/div>\n\t\t\t\t\t\t\t\t<\/div>\n\t\t\t\t<\/div>\n\t\t\t\t\t<\/div>\n\t\t<\/div>\n\t\t\t\t\t<\/div>\n\t\t<\/section>\n\t\t\t\t<\/div>\n\t\t","protected":false},"excerpt":{"rendered":"<p>News and events News Fifth test Lorem ipsum dolor sit amet, consectetur adipiscing elit. Vestibulum at massa accumsan, hendrerit urna vitae, laoreet est. Pellentesque vitae metus nec erat pulvinar luctus&#8230; fourth test Lorem ipsum dolor sit amet, consectetur adipiscing elit. Vestibulum at massa accumsan, hendrerit urna vitae, laoreet est. Pellentesque vitae metus nec erat pulvinar [&hellip;]<\/p>\n","protected":false},"author":1,"featured_media":0,"parent":0,"menu_order":0,"comment_status":"closed","ping_status":"closed","template":"","meta":{"inline_featured_image":false,"footnotes":""},"class_list":["post-2135","page","type-page","status-publish","hentry"],"_links":{"self":[{"href":"https:\/\/roundbaltic.eu\/da\/wp-json\/wp\/v2\/pages\/2135","targetHints":{"allow":["GET"]}}],"collection":[{"href":"https:\/\/roundbaltic.eu\/da\/wp-json\/wp\/v2\/pages"}],"about":[{"href":"https:\/\/roundbaltic.eu\/da\/wp-json\/wp\/v2\/types\/page"}],"author":[{"embeddable":true,"href":"https:\/\/roundbaltic.eu\/da\/wp-json\/wp\/v2\/users\/1"}],"replies":[{"embeddable":true,"href":"https:\/\/roundbaltic.eu\/da\/wp-json\/wp\/v2\/comments?post=2135"}],"version-history":[{"count":5,"href":"https:\/\/roundbaltic.eu\/da\/wp-json\/wp\/v2\/pages\/2135\/revisions"}],"predecessor-version":[{"id":2140,"href":"https:\/\/roundbaltic.eu\/da\/wp-json\/wp\/v2\/pages\/2135\/revisions\/2140"}],"wp:attachment":[{"href":"https:\/\/roundbaltic.eu\/da\/wp-json\/wp\/v2\/media?parent=2135"}],"curies":[{"name":"wp","href":"https:\/\/api.w.org\/{rel}","templated":true}]}}