{"id":3007,"date":"2021-05-03T15:23:09","date_gmt":"2021-05-03T13:23:09","guid":{"rendered":"http:\/\/roundbaltic.eu.185-31-79-130.nmsrv02.dk\/?page_id=3007"},"modified":"2021-10-29T11:37:45","modified_gmt":"2021-10-29T09:37:45","slug":"midtjylland","status":"publish","type":"page","link":"https:\/\/roundbaltic.eu\/da\/community\/danmark\/midtjylland\/","title":{"rendered":"Midtjylland"},"content":{"rendered":"\t\t<div data-elementor-type=\"wp-page\" data-elementor-id=\"3007\" class=\"elementor elementor-3007 elementor-1327\" data-elementor-post-type=\"page\">\n\t\t\t\t\t\t<section class=\"elementor-section elementor-top-section elementor-element elementor-element-304b8a8 elementor-section-stretched elementor-section-boxed elementor-section-height-default elementor-section-height-default\" data-id=\"304b8a8\" data-element_type=\"section\" data-settings=\"{&quot;background_background&quot;:&quot;classic&quot;,&quot;stretch_section&quot;:&quot;section-stretched&quot;}\">\n\t\t\t\t\t\t\t<div class=\"elementor-background-overlay\"><\/div>\n\t\t\t\t\t\t\t<div class=\"elementor-container elementor-column-gap-default\">\n\t\t\t\t\t<div class=\"elementor-column elementor-col-100 elementor-top-column elementor-element elementor-element-23218800\" data-id=\"23218800\" data-element_type=\"column\">\n\t\t\t<div class=\"elementor-widget-wrap elementor-element-populated\">\n\t\t\t\t\t\t<div class=\"elementor-element elementor-element-7b0963ca elementor-widget elementor-widget-heading\" data-id=\"7b0963ca\" data-element_type=\"widget\" data-widget_type=\"heading.default\">\n\t\t\t\t<div class=\"elementor-widget-container\">\n\t\t\t\t\t<h2 class=\"elementor-heading-title elementor-size-default\">Midtjylland\n<\/h2>\t\t\t\t<\/div>\n\t\t\t\t<\/div>\n\t\t\t\t\t<\/div>\n\t\t<\/div>\n\t\t\t\t\t<\/div>\n\t\t<\/section>\n\t\t\t\t<section class=\"elementor-section elementor-top-section elementor-element elementor-element-289f5a0 elementor-section-boxed elementor-section-height-default elementor-section-height-default\" data-id=\"289f5a0\" data-element_type=\"section\">\n\t\t\t\t\t\t<div class=\"elementor-container elementor-column-gap-default\">\n\t\t\t\t\t<div class=\"elementor-column elementor-col-100 elementor-top-column elementor-element elementor-element-057c114\" data-id=\"057c114\" data-element_type=\"column\">\n\t\t\t<div class=\"elementor-widget-wrap elementor-element-populated\">\n\t\t\t\t\t\t\t<\/div>\n\t\t<\/div>\n\t\t\t\t\t<\/div>\n\t\t<\/section>\n\t\t\t\t<section class=\"elementor-section elementor-top-section elementor-element elementor-element-407d7e98 elementor-section-full_width elementor-section-stretched elementor-section-height-default elementor-section-height-default\" data-id=\"407d7e98\" data-element_type=\"section\" data-settings=\"{&quot;stretch_section&quot;:&quot;section-stretched&quot;,&quot;background_background&quot;:&quot;classic&quot;}\">\n\t\t\t\t\t\t<div class=\"elementor-container elementor-column-gap-default\">\n\t\t\t\t\t<div class=\"elementor-column elementor-col-50 elementor-top-column elementor-element elementor-element-df8649f halfImgTextAlignLeft\" data-id=\"df8649f\" data-element_type=\"column\">\n\t\t\t<div class=\"elementor-widget-wrap elementor-element-populated\">\n\t\t\t\t\t\t<div class=\"elementor-element elementor-element-4c3f1747 elementor-widget elementor-widget-text-editor\" data-id=\"4c3f1747\" data-element_type=\"widget\" data-widget_type=\"text-editor.default\">\n\t\t\t\t<div class=\"elementor-widget-container\">\n\t\t\t\t\t\t\t\t\t<p><strong>Region Midtjylland<\/strong> ledes af et regionsr\u00e5d, der best\u00e5r af 41 politikere, der v\u00e6lges hvert fjerde \u00e5r. Regionen best\u00e5r af 19 kommuner og i alt omkring 1,3 mio. indbyggere. Regionernes ansvar ligger inden for omr\u00e5derne sundhed, psykiatri, social og regional udvikling.<\/p><p>13 af kommunerne har underskrevet borgmesterpagten (Covenant of Mayors). Sammen med energiregnskabet giver Region Midtjylland de data, som kommunerne har brug for til at overv\u00e5ge og rapportere om fremdriften af deres SEAPs\/SECAPs. Regionen har v\u00e6ret &#8220;Regional Covenant -koordinator&#8221; siden 2017.<\/p><p>Regionen er involveret i et samarbejde for at forbedre energi- og klimaplanl\u00e6gningen i forhold til C40 -standarden for klimaplanl\u00e6gning (DK2020). M\u00e5let er at fokusere p\u00e5 alle sektorer inden for kommunernes geografiske omr\u00e5de, og derigennem banen vejen for at opn\u00e5 CO2 -neutralitet i 2050.<\/p>\t\t\t\t\t\t\t\t<\/div>\n\t\t\t\t<\/div>\n\t\t\t\t\t<\/div>\n\t\t<\/div>\n\t\t\t\t<div class=\"elementor-column elementor-col-50 elementor-top-column elementor-element elementor-element-4c0ba2a6\" data-id=\"4c0ba2a6\" data-element_type=\"column\" data-settings=\"{&quot;background_background&quot;:&quot;classic&quot;}\">\n\t\t\t<div class=\"elementor-widget-wrap elementor-element-populated\">\n\t\t\t\t\t\t<div class=\"elementor-element elementor-element-dd12207 elementor-widget elementor-widget-shortcode\" data-id=\"dd12207\" data-element_type=\"widget\" data-widget_type=\"shortcode.default\">\n\t\t\t\t<div class=\"elementor-widget-container\">\n\t\t\t\t\t\t\t<div class=\"elementor-shortcode\"><div class=\"map_wrapper\" id=\"map_wrapper_2762\">\n<div class=\"map_box\" style=\"max-width:2200px\">\n<div class=\"map_aspect_ratio\" style=\"padding-top:56%\" data-padding-top=\"56%\" data-padding-top-mobile=\"\">\n<div class=\"map_container\">\n<div class=\"map_render map_loading\" id=\"map_2762\"><\/div>\n<\/div>\n<\/div>\n<\/div>\n<\/div><\/div>\n\t\t\t\t\t\t<\/div>\n\t\t\t\t<\/div>\n\t\t\t\t\t<\/div>\n\t\t<\/div>\n\t\t\t\t\t<\/div>\n\t\t<\/section>\n\t\t\t\t<section class=\"elementor-section elementor-top-section elementor-element elementor-element-4dedce29 elementor-section-full_width elementor-section-stretched elementor-section-height-default elementor-section-height-default\" data-id=\"4dedce29\" data-element_type=\"section\" data-settings=\"{&quot;stretch_section&quot;:&quot;section-stretched&quot;,&quot;background_background&quot;:&quot;classic&quot;}\">\n\t\t\t\t\t\t<div class=\"elementor-container elementor-column-gap-default\">\n\t\t\t\t\t<div class=\"elementor-column elementor-col-50 elementor-top-column elementor-element elementor-element-59260bfd\" data-id=\"59260bfd\" data-element_type=\"column\" data-settings=\"{&quot;background_background&quot;:&quot;classic&quot;}\">\n\t\t\t<div class=\"elementor-widget-wrap elementor-element-populated\">\n\t\t\t\t\t\t<div class=\"elementor-element elementor-element-85c61f1 elementor-widget elementor-widget-image\" data-id=\"85c61f1\" data-element_type=\"widget\" data-widget_type=\"image.default\">\n\t\t\t\t<div class=\"elementor-widget-container\">\n\t\t\t\t\t\t\t\t\t\t\t\t\t\t\t<img fetchpriority=\"high\" decoding=\"async\" width=\"926\" height=\"544\" src=\"https:\/\/roundbaltic.eu\/wp-content\/uploads\/2021\/04\/central-denmark.png\" class=\"attachment-large size-large wp-image-3011\" alt=\"\" srcset=\"https:\/\/roundbaltic.eu\/wp-content\/uploads\/2021\/04\/central-denmark.png 926w, https:\/\/roundbaltic.eu\/wp-content\/uploads\/2021\/04\/central-denmark-300x176.png 300w, https:\/\/roundbaltic.eu\/wp-content\/uploads\/2021\/04\/central-denmark-768x451.png 768w\" sizes=\"(max-width: 926px) 100vw, 926px\" \/>\t\t\t\t\t\t\t\t\t\t\t\t\t\t\t<\/div>\n\t\t\t\t<\/div>\n\t\t\t\t\t<\/div>\n\t\t<\/div>\n\t\t\t\t<div class=\"elementor-column elementor-col-50 elementor-top-column elementor-element elementor-element-5d486fe halfImgTextAlignRight\" data-id=\"5d486fe\" data-element_type=\"column\">\n\t\t\t<div class=\"elementor-widget-wrap elementor-element-populated\">\n\t\t\t\t\t\t<div class=\"elementor-element elementor-element-6ae0c96f elementor-widget elementor-widget-text-editor\" data-id=\"6ae0c96f\" data-element_type=\"widget\" data-widget_type=\"text-editor.default\">\n\t\t\t\t<div class=\"elementor-widget-container\">\n\t\t\t\t\t\t\t\t\t<p>Lokale myndigheders (kommuner) rolle i fremme af energirenovering er at facilitere m\u00e5ls\u00e6tninger om CO2-reduktion indenfor kommunens geografiske omr\u00e5de.<\/p><p>Mange kommuner har aktivt fremmet energibesparelser hos private slutbrugere i samarbejde med andre lokale interessenter, for det meste forsyningsselskaber, i relation til den lokale strategiske energiplanl\u00e6gningsproces. Der er en lang tradition for samarbejde mellem kommunerne, herunder koordinering af fysisk planl\u00e6gning og energistrategier og overv\u00e5gning af CO2-emissioner. Dette samarbejde er i h\u00f8j grad blevet faciliteret af regionen.<\/p>\t\t\t\t\t\t\t\t<\/div>\n\t\t\t\t<\/div>\n\t\t\t\t\t<\/div>\n\t\t<\/div>\n\t\t\t\t\t<\/div>\n\t\t<\/section>\n\t\t\t\t<section class=\"elementor-section elementor-top-section elementor-element elementor-element-6ca932d1 elementor-section-full_width elementor-section-stretched elementor-section-height-default elementor-section-height-default\" data-id=\"6ca932d1\" data-element_type=\"section\" data-settings=\"{&quot;stretch_section&quot;:&quot;section-stretched&quot;,&quot;background_background&quot;:&quot;classic&quot;}\">\n\t\t\t\t\t\t<div class=\"elementor-container elementor-column-gap-default\">\n\t\t\t\t\t<div class=\"elementor-column elementor-col-50 elementor-top-column elementor-element elementor-element-6860901e halfImgTextAlignLeft\" data-id=\"6860901e\" data-element_type=\"column\">\n\t\t\t<div class=\"elementor-widget-wrap elementor-element-populated\">\n\t\t\t\t\t\t<div class=\"elementor-element elementor-element-1c4ef5de elementor-widget elementor-widget-heading\" data-id=\"1c4ef5de\" data-element_type=\"widget\" data-widget_type=\"heading.default\">\n\t\t\t\t<div class=\"elementor-widget-container\">\n\t\t\t\t\t<h3 class=\"elementor-heading-title elementor-size-default\">ELENA projektet REFER-CDR<\/h3>\t\t\t\t<\/div>\n\t\t\t\t<\/div>\n\t\t\t\t<div class=\"elementor-element elementor-element-3d7fe0d1 elementor-widget elementor-widget-text-editor\" data-id=\"3d7fe0d1\" data-element_type=\"widget\" data-widget_type=\"text-editor.default\">\n\t\t\t\t<div class=\"elementor-widget-container\">\n\t\t\t\t\t\t\t\t\t<p>Med 21,5 mio. kr. i st\u00f8tte fra EU ELENA programme har Region Midtjylland assisteret fjernvarmeselskaber mod stigende varmepriser i sammenh\u00e6ng med at fremme en gr\u00f8n omstilling under projektet kaldet REFER-CDR project (Renewable Energy for Emission Reduction in Central Denmark Region). Projektet, der l\u00f8b indtil April 2021, har leveret assistance til projektudvikling for 24 fjernvarmeselskaber og givet selskaberne et solidt grundlag for at finde b\u00e6redygtige og kosteffektive investereringer i fjernvarmel\u00f8sninger baseret p\u00e5 vedvarende energi og\/eller energieffektivitet. Varmev\u00e6rkerne har via projektet gennemf\u00f8rt investeringer for mere end 500 mio. kr. i tiltag som varmepumper, distributionssystemer, biogas og solvarme, som finansieres med l\u00e5n fra KommuneKredit med kommunal garanti.<\/p>\t\t\t\t\t\t\t\t<\/div>\n\t\t\t\t<\/div>\n\t\t\t\t<div class=\"elementor-element elementor-element-fe7901e elementor-widget elementor-widget-text-editor\" data-id=\"fe7901e\" data-element_type=\"widget\" data-widget_type=\"text-editor.default\">\n\t\t\t\t<div class=\"elementor-widget-container\">\n\t\t\t\t\t\t\t\t\t<a style=\"text-decoration: underline;\" href=\"https:\/\/www.refer-cdr.eu\/engelsk\/\">L\u00e6s mere<\/a>\t\t\t\t\t\t\t\t<\/div>\n\t\t\t\t<\/div>\n\t\t\t\t<div class=\"elementor-element elementor-element-5fe94bd elementor-widget elementor-widget-image\" data-id=\"5fe94bd\" data-element_type=\"widget\" data-widget_type=\"image.default\">\n\t\t\t\t<div class=\"elementor-widget-container\">\n\t\t\t\t\t\t\t\t\t\t\t\t\t\t\t\t<a href=\"https:\/\/www.refer-cdr.eu\/engelsk\/\" target=\"_blank\">\n\t\t\t\t\t\t\t<img decoding=\"async\" width=\"425\" height=\"140\" src=\"https:\/\/roundbaltic.eu\/wp-content\/uploads\/2021\/04\/refer-logo.png\" class=\"attachment-large size-large wp-image-3009\" alt=\"\" srcset=\"https:\/\/roundbaltic.eu\/wp-content\/uploads\/2021\/04\/refer-logo.png 425w, https:\/\/roundbaltic.eu\/wp-content\/uploads\/2021\/04\/refer-logo-300x99.png 300w\" sizes=\"(max-width: 425px) 100vw, 425px\" \/>\t\t\t\t\t\t\t\t<\/a>\n\t\t\t\t\t\t\t\t\t\t\t\t\t\t\t<\/div>\n\t\t\t\t<\/div>\n\t\t\t\t\t<\/div>\n\t\t<\/div>\n\t\t\t\t<div class=\"elementor-column elementor-col-50 elementor-top-column elementor-element elementor-element-778848d1\" data-id=\"778848d1\" data-element_type=\"column\" data-settings=\"{&quot;background_background&quot;:&quot;classic&quot;}\">\n\t\t\t<div class=\"elementor-widget-wrap elementor-element-populated\">\n\t\t\t\t\t\t<div class=\"elementor-element elementor-element-5c881b3d elementor-widget elementor-widget-image\" data-id=\"5c881b3d\" data-element_type=\"widget\" data-widget_type=\"image.default\">\n\t\t\t\t<div class=\"elementor-widget-container\">\n\t\t\t\t\t\t\t\t\t\t\t\t\t\t\t<img decoding=\"async\" width=\"1024\" height=\"684\" src=\"https:\/\/roundbaltic.eu\/wp-content\/uploads\/2021\/04\/shutterstock_1839687187-reduced-1-1024x684.jpg\" class=\"attachment-large size-large wp-image-3012\" alt=\"\" srcset=\"https:\/\/roundbaltic.eu\/wp-content\/uploads\/2021\/04\/shutterstock_1839687187-reduced-1-1024x684.jpg 1024w, https:\/\/roundbaltic.eu\/wp-content\/uploads\/2021\/04\/shutterstock_1839687187-reduced-1-300x200.jpg 300w, https:\/\/roundbaltic.eu\/wp-content\/uploads\/2021\/04\/shutterstock_1839687187-reduced-1-768x513.jpg 768w, https:\/\/roundbaltic.eu\/wp-content\/uploads\/2021\/04\/shutterstock_1839687187-reduced-1-1536x1025.jpg 1536w, https:\/\/roundbaltic.eu\/wp-content\/uploads\/2021\/04\/shutterstock_1839687187-reduced-1-2048x1367.jpg 2048w\" sizes=\"(max-width: 1024px) 100vw, 1024px\" \/>\t\t\t\t\t\t\t\t\t\t\t\t\t\t\t<\/div>\n\t\t\t\t<\/div>\n\t\t\t\t<div class=\"elementor-element elementor-element-d05feaa elementor-widget elementor-widget-image\" data-id=\"d05feaa\" data-element_type=\"widget\" data-widget_type=\"image.default\">\n\t\t\t\t<div class=\"elementor-widget-container\">\n\t\t\t\t\t\t\t\t\t\t\t\t\t\t\t\t<a href=\"https:\/\/www.rm.dk\/om-os\/english\/\" target=\"_blank\">\n\t\t\t\t\t\t\t<img loading=\"lazy\" decoding=\"async\" width=\"300\" height=\"147\" src=\"https:\/\/roundbaltic.eu\/wp-content\/uploads\/2021\/04\/engelsk_logo_illu_hjemmeside-300x147.jpg\" class=\"attachment-medium size-medium wp-image-1865\" alt=\"\" srcset=\"https:\/\/roundbaltic.eu\/wp-content\/uploads\/2021\/04\/engelsk_logo_illu_hjemmeside-300x147.jpg 300w, https:\/\/roundbaltic.eu\/wp-content\/uploads\/2021\/04\/engelsk_logo_illu_hjemmeside.jpg 352w\" sizes=\"(max-width: 300px) 100vw, 300px\" \/>\t\t\t\t\t\t\t\t<\/a>\n\t\t\t\t\t\t\t\t\t\t\t\t\t\t\t<\/div>\n\t\t\t\t<\/div>\n\t\t\t\t\t<\/div>\n\t\t<\/div>\n\t\t\t\t\t<\/div>\n\t\t<\/section>\n\t\t\t\t<section class=\"elementor-section elementor-top-section elementor-element elementor-element-088f2ad elementor-section-boxed elementor-section-height-default elementor-section-height-default\" data-id=\"088f2ad\" data-element_type=\"section\">\n\t\t\t\t\t\t<div class=\"elementor-container elementor-column-gap-default\">\n\t\t\t\t\t<div class=\"elementor-column elementor-col-100 elementor-top-column elementor-element elementor-element-e768295\" data-id=\"e768295\" data-element_type=\"column\">\n\t\t\t<div class=\"elementor-widget-wrap elementor-element-populated\">\n\t\t\t\t\t\t<div class=\"elementor-element elementor-element-2f50a31 elementor-widget elementor-widget-spacer\" data-id=\"2f50a31\" data-element_type=\"widget\" data-widget_type=\"spacer.default\">\n\t\t\t\t<div class=\"elementor-widget-container\">\n\t\t\t\t\t\t\t<div class=\"elementor-spacer\">\n\t\t\t<div class=\"elementor-spacer-inner\"><\/div>\n\t\t<\/div>\n\t\t\t\t\t\t<\/div>\n\t\t\t\t<\/div>\n\t\t\t\t\t<\/div>\n\t\t<\/div>\n\t\t\t\t\t<\/div>\n\t\t<\/section>\n\t\t\t\t<\/div>\n\t\t","protected":false},"excerpt":{"rendered":"<p>Midtjylland Region Midtjylland ledes af et regionsr\u00e5d, der best\u00e5r af 41 politikere, der v\u00e6lges hvert fjerde \u00e5r. Regionen best\u00e5r af 19 kommuner og i alt omkring 1,3 mio. indbyggere. Regionernes ansvar ligger inden for omr\u00e5derne sundhed, psykiatri, social og regional udvikling. 13 af kommunerne har underskrevet borgmesterpagten (Covenant of Mayors). Sammen med energiregnskabet giver Region [&hellip;]<\/p>\n","protected":false},"author":2,"featured_media":0,"parent":1841,"menu_order":0,"comment_status":"closed","ping_status":"closed","template":"","meta":{"inline_featured_image":false,"footnotes":""},"class_list":["post-3007","page","type-page","status-publish","hentry"],"_links":{"self":[{"href":"https:\/\/roundbaltic.eu\/da\/wp-json\/wp\/v2\/pages\/3007","targetHints":{"allow":["GET"]}}],"collection":[{"href":"https:\/\/roundbaltic.eu\/da\/wp-json\/wp\/v2\/pages"}],"about":[{"href":"https:\/\/roundbaltic.eu\/da\/wp-json\/wp\/v2\/types\/page"}],"author":[{"embeddable":true,"href":"https:\/\/roundbaltic.eu\/da\/wp-json\/wp\/v2\/users\/2"}],"replies":[{"embeddable":true,"href":"https:\/\/roundbaltic.eu\/da\/wp-json\/wp\/v2\/comments?post=3007"}],"version-history":[{"count":32,"href":"https:\/\/roundbaltic.eu\/da\/wp-json\/wp\/v2\/pages\/3007\/revisions"}],"predecessor-version":[{"id":7891,"href":"https:\/\/roundbaltic.eu\/da\/wp-json\/wp\/v2\/pages\/3007\/revisions\/7891"}],"up":[{"embeddable":true,"href":"https:\/\/roundbaltic.eu\/da\/wp-json\/wp\/v2\/pages\/1841"}],"wp:attachment":[{"href":"https:\/\/roundbaltic.eu\/da\/wp-json\/wp\/v2\/media?parent=3007"}],"curies":[{"name":"wp","href":"https:\/\/api.w.org\/{rel}","templated":true}]}}