{"id":3013,"date":"2021-05-03T15:20:26","date_gmt":"2021-05-03T13:20:26","guid":{"rendered":"http:\/\/roundbaltic.eu.185-31-79-130.nmsrv02.dk\/?page_id=3013"},"modified":"2021-10-29T11:40:27","modified_gmt":"2021-10-29T09:40:27","slug":"syddanmark","status":"publish","type":"page","link":"https:\/\/roundbaltic.eu\/da\/community\/danmark\/syddanmark\/","title":{"rendered":"Syddanmark"},"content":{"rendered":"\t\t<div data-elementor-type=\"wp-page\" data-elementor-id=\"3013\" class=\"elementor elementor-3013 elementor-1329\" data-elementor-post-type=\"page\">\n\t\t\t\t\t\t<section class=\"elementor-section elementor-top-section elementor-element elementor-element-6436878d elementor-section-stretched elementor-section-boxed elementor-section-height-default elementor-section-height-default\" data-id=\"6436878d\" data-element_type=\"section\" data-settings=\"{&quot;background_background&quot;:&quot;classic&quot;,&quot;stretch_section&quot;:&quot;section-stretched&quot;}\">\n\t\t\t\t\t\t\t<div class=\"elementor-background-overlay\"><\/div>\n\t\t\t\t\t\t\t<div class=\"elementor-container elementor-column-gap-default\">\n\t\t\t\t\t<div class=\"elementor-column elementor-col-100 elementor-top-column elementor-element elementor-element-40f8e4d2\" data-id=\"40f8e4d2\" data-element_type=\"column\">\n\t\t\t<div class=\"elementor-widget-wrap elementor-element-populated\">\n\t\t\t\t\t\t<div class=\"elementor-element elementor-element-18b2ba5f elementor-widget elementor-widget-heading\" data-id=\"18b2ba5f\" data-element_type=\"widget\" data-widget_type=\"heading.default\">\n\t\t\t\t<div class=\"elementor-widget-container\">\n\t\t\t\t\t<h2 class=\"elementor-heading-title elementor-size-default\">Syddanmark<\/h2>\t\t\t\t<\/div>\n\t\t\t\t<\/div>\n\t\t\t\t\t<\/div>\n\t\t<\/div>\n\t\t\t\t\t<\/div>\n\t\t<\/section>\n\t\t\t\t<section class=\"elementor-section elementor-top-section elementor-element elementor-element-5add9a02 elementor-section-boxed elementor-section-height-default elementor-section-height-default\" data-id=\"5add9a02\" data-element_type=\"section\">\n\t\t\t\t\t\t<div class=\"elementor-container elementor-column-gap-default\">\n\t\t\t\t\t<div class=\"elementor-column elementor-col-100 elementor-top-column elementor-element elementor-element-6d855f91\" data-id=\"6d855f91\" data-element_type=\"column\">\n\t\t\t<div class=\"elementor-widget-wrap\">\n\t\t\t\t\t\t\t<\/div>\n\t\t<\/div>\n\t\t\t\t\t<\/div>\n\t\t<\/section>\n\t\t\t\t<section class=\"elementor-section elementor-top-section elementor-element elementor-element-246b7489 elementor-section-full_width elementor-section-stretched elementor-section-height-default elementor-section-height-default\" data-id=\"246b7489\" data-element_type=\"section\" data-settings=\"{&quot;stretch_section&quot;:&quot;section-stretched&quot;,&quot;background_background&quot;:&quot;classic&quot;}\">\n\t\t\t\t\t\t<div class=\"elementor-container elementor-column-gap-default\">\n\t\t\t\t\t<div class=\"elementor-column elementor-col-50 elementor-top-column elementor-element elementor-element-f08b918 halfImgTextAlignLeft\" data-id=\"f08b918\" data-element_type=\"column\">\n\t\t\t<div class=\"elementor-widget-wrap elementor-element-populated\">\n\t\t\t\t\t\t<div class=\"elementor-element elementor-element-1018651e elementor-widget elementor-widget-text-editor\" data-id=\"1018651e\" data-element_type=\"widget\" data-widget_type=\"text-editor.default\">\n\t\t\t\t<div class=\"elementor-widget-container\">\n\t\t\t\t\t\t\t\t\t<p><strong>Syddanmark<\/strong> best\u00e5r af 22 kommuner og i alt omkring 1,2 millioner indbyggere. Regionernes ansvar ligger inden for omr\u00e5derne sundhed, psykiatri, social og regional udvikling.<\/p><p>I de senere \u00e5r har RSD v\u00e6ret aktivt engageret i b\u00e6redygtig energi og klima. Et initiativ har v\u00e6ret Strategisk energiplanl\u00e6gning, st\u00f8ttet af den danske regering, der omfatter en planl\u00e6gningsproces om, hvordan kommuner i koordinering med den regionale myndighed kan udarbejde lokale energi- og klimaplaner. Parallelt hermed har flere af kommunerne underskrevet borgmesterpagten og involveret et samarbejde om at forbedre energi- og klimaplanl\u00e6gningen i forhold til C40 -standarden for klimaplanl\u00e6gning (DK2020).<\/p>\t\t\t\t\t\t\t\t<\/div>\n\t\t\t\t<\/div>\n\t\t\t\t\t<\/div>\n\t\t<\/div>\n\t\t\t\t<div class=\"elementor-column elementor-col-50 elementor-top-column elementor-element elementor-element-57a210e1\" data-id=\"57a210e1\" data-element_type=\"column\" data-settings=\"{&quot;background_background&quot;:&quot;classic&quot;}\">\n\t\t\t<div class=\"elementor-widget-wrap elementor-element-populated\">\n\t\t\t\t\t\t<div class=\"elementor-element elementor-element-517edd6a elementor-widget elementor-widget-shortcode\" data-id=\"517edd6a\" data-element_type=\"widget\" data-widget_type=\"shortcode.default\">\n\t\t\t\t<div class=\"elementor-widget-container\">\n\t\t\t\t\t\t\t<div class=\"elementor-shortcode\"><div class=\"map_wrapper\" id=\"map_wrapper_2762\">\n<div class=\"map_box\" style=\"max-width:2200px\">\n<div class=\"map_aspect_ratio\" style=\"padding-top:56%\" data-padding-top=\"56%\" data-padding-top-mobile=\"\">\n<div class=\"map_container\">\n<div class=\"map_render map_loading\" id=\"map_2762\"><\/div>\n<\/div>\n<\/div>\n<\/div>\n<\/div><\/div>\n\t\t\t\t\t\t<\/div>\n\t\t\t\t<\/div>\n\t\t\t\t\t<\/div>\n\t\t<\/div>\n\t\t\t\t\t<\/div>\n\t\t<\/section>\n\t\t\t\t<section class=\"elementor-section elementor-top-section elementor-element elementor-element-1cb6b562 elementor-section-full_width elementor-section-stretched elementor-section-height-default elementor-section-height-default\" data-id=\"1cb6b562\" data-element_type=\"section\" data-settings=\"{&quot;stretch_section&quot;:&quot;section-stretched&quot;,&quot;background_background&quot;:&quot;classic&quot;}\">\n\t\t\t\t\t\t<div class=\"elementor-container elementor-column-gap-default\">\n\t\t\t\t\t<div class=\"elementor-column elementor-col-50 elementor-top-column elementor-element elementor-element-5e8604ce\" data-id=\"5e8604ce\" data-element_type=\"column\" data-settings=\"{&quot;background_background&quot;:&quot;classic&quot;}\">\n\t\t\t<div class=\"elementor-widget-wrap elementor-element-populated\">\n\t\t\t\t\t\t<div class=\"elementor-element elementor-element-4018f619 elementor-widget elementor-widget-image\" data-id=\"4018f619\" data-element_type=\"widget\" data-widget_type=\"image.default\">\n\t\t\t\t<div class=\"elementor-widget-container\">\n\t\t\t\t\t\t\t\t\t\t\t\t\t\t\t<img fetchpriority=\"high\" decoding=\"async\" width=\"815\" height=\"697\" src=\"https:\/\/roundbaltic.eu\/wp-content\/uploads\/2021\/04\/Picture-OSS-RSD-5.jpg\" class=\"attachment-large size-large wp-image-1905\" alt=\"\" srcset=\"https:\/\/roundbaltic.eu\/wp-content\/uploads\/2021\/04\/Picture-OSS-RSD-5.jpg 815w, https:\/\/roundbaltic.eu\/wp-content\/uploads\/2021\/04\/Picture-OSS-RSD-5-300x257.jpg 300w, https:\/\/roundbaltic.eu\/wp-content\/uploads\/2021\/04\/Picture-OSS-RSD-5-768x657.jpg 768w\" sizes=\"(max-width: 815px) 100vw, 815px\" \/>\t\t\t\t\t\t\t\t\t\t\t\t\t\t\t<\/div>\n\t\t\t\t<\/div>\n\t\t\t\t\t<\/div>\n\t\t<\/div>\n\t\t\t\t<div class=\"elementor-column elementor-col-50 elementor-top-column elementor-element elementor-element-42cef198 halfImgTextAlignRight\" data-id=\"42cef198\" data-element_type=\"column\">\n\t\t\t<div class=\"elementor-widget-wrap elementor-element-populated\">\n\t\t\t\t\t\t<div class=\"elementor-element elementor-element-5e89e641 elementor-widget elementor-widget-text-editor\" data-id=\"5e89e641\" data-element_type=\"widget\" data-widget_type=\"text-editor.default\">\n\t\t\t\t<div class=\"elementor-widget-container\">\n\t\t\t\t\t\t\t\t\t<p>Kommunerne i Region Syddanmark bruger hinanden meget til erfaringsudveksling, og der findes forskellige typer af milj\u00f8netv\u00e6rk: Green Network (Fredericia), Erhvervshus Fyn (Middelfart, Nordfyns, Nyborg, Assens, Faaborg-Midtfyn , Kerteminde, Svendborg), Greenet (Esbjerg, Billund, Fan\u00f8, Varde og Vejen) og Green Cities.<\/p><p>Et nyligt initiativ er, at RSD har startet en indsats for at udskifte olie- og gasfyr i huse med varmepumper, hvilket medf\u00f8rer store milj\u00f8m\u00e6ssige gevinster. Regionen har ans\u00f8gt og var t\u00e6t p\u00e5 at skaffe midler fra EU&#8217;s PDA-program til at underst\u00f8tte denne proces via one-stop-shop-platforme, der opererer i tre dele af regionen, som vist p\u00e5 kortet. RoundBaltic-interventionen giver en god mulighed for at f\u00f8lge op p\u00e5 dette initiativ, herunder at tilf\u00f8je energirenoveringer til installationen af varmepumper i husene.<\/p>\t\t\t\t\t\t\t\t<\/div>\n\t\t\t\t<\/div>\n\t\t\t\t\t<\/div>\n\t\t<\/div>\n\t\t\t\t\t<\/div>\n\t\t<\/section>\n\t\t\t\t<section class=\"elementor-section elementor-top-section elementor-element elementor-element-7b2cc1c5 elementor-section-full_width elementor-section-stretched elementor-section-height-default elementor-section-height-default\" data-id=\"7b2cc1c5\" data-element_type=\"section\" data-settings=\"{&quot;stretch_section&quot;:&quot;section-stretched&quot;,&quot;background_background&quot;:&quot;classic&quot;}\">\n\t\t\t\t\t\t<div class=\"elementor-container elementor-column-gap-default\">\n\t\t\t\t\t<div class=\"elementor-column elementor-col-50 elementor-top-column elementor-element elementor-element-19641901 halfImgTextAlignLeft\" data-id=\"19641901\" data-element_type=\"column\">\n\t\t\t<div class=\"elementor-widget-wrap elementor-element-populated\">\n\t\t\t\t\t\t<div class=\"elementor-element elementor-element-65601413 elementor-widget elementor-widget-heading\" data-id=\"65601413\" data-element_type=\"widget\" data-widget_type=\"heading.default\">\n\t\t\t\t<div class=\"elementor-widget-container\">\n\t\t\t\t\t<h3 class=\"elementor-heading-title elementor-size-default\">ELENA Project EPSD\n<\/h3>\t\t\t\t<\/div>\n\t\t\t\t<\/div>\n\t\t\t\t<div class=\"elementor-element elementor-element-7a46bb0d elementor-widget elementor-widget-text-editor\" data-id=\"7a46bb0d\" data-element_type=\"widget\" data-widget_type=\"text-editor.default\">\n\t\t\t\t<div class=\"elementor-widget-container\">\n\t\t\t\t\t\t\t\t\t<p>14 municipalities and the Region of Southern Denmark initiated the EPSD project, and all the involved 15 partners invested in energy savings measures in the project period February 2014\u2013 February 2017. Within the building envelope, the main investments were focusing on: insulation in attic or roof, insulating of walls, replacing old window with new low energy class and replacing doors. The energy saving projects completed focussing on Installation were: Conversion from oil or natural gas to district heating, Heat-pump installation, low energy consuming pumps and fans, improved heat recovery on air system, Insulating warm distribution pipes, household appliances, solar PV and solar heating.<\/p><p>The amounts invested for the 3 categories of energy investments, are: \u00b7 Building envelope: EUR 34 719 175 \u00b7 Installations: EUR 35 255 301 \u00b7 Street lighting: EUR 9,031,122<\/p>\t\t\t\t\t\t\t\t<\/div>\n\t\t\t\t<\/div>\n\t\t\t\t<div class=\"elementor-element elementor-element-11d5ab0b elementor-widget elementor-widget-text-editor\" data-id=\"11d5ab0b\" data-element_type=\"widget\" data-widget_type=\"text-editor.default\">\n\t\t\t\t<div class=\"elementor-widget-container\">\n\t\t\t\t\t\t\t\t\t<p><a style=\"text-decoration: underline;\" href=\"https:\/\/www.refer-cdr.eu\/engelsk\/\">Read more<\/a><\/p>\t\t\t\t\t\t\t\t<\/div>\n\t\t\t\t<\/div>\n\t\t\t\t\t<\/div>\n\t\t<\/div>\n\t\t\t\t<div class=\"elementor-column elementor-col-50 elementor-top-column elementor-element elementor-element-7d04c511\" data-id=\"7d04c511\" data-element_type=\"column\" data-settings=\"{&quot;background_background&quot;:&quot;classic&quot;}\">\n\t\t\t<div class=\"elementor-widget-wrap elementor-element-populated\">\n\t\t\t\t\t\t<div class=\"elementor-element elementor-element-7b0e4615 elementor-widget elementor-widget-image\" data-id=\"7b0e4615\" data-element_type=\"widget\" data-widget_type=\"image.default\">\n\t\t\t\t<div class=\"elementor-widget-container\">\n\t\t\t\t\t\t\t\t\t\t\t\t\t\t\t<img decoding=\"async\" width=\"1024\" height=\"566\" src=\"https:\/\/roundbaltic.eu\/wp-content\/uploads\/2021\/04\/shutterstock_221607736-red-1024x566.jpg\" class=\"attachment-large size-large wp-image-1909\" alt=\"\" srcset=\"https:\/\/roundbaltic.eu\/wp-content\/uploads\/2021\/04\/shutterstock_221607736-red-1024x566.jpg 1024w, https:\/\/roundbaltic.eu\/wp-content\/uploads\/2021\/04\/shutterstock_221607736-red-300x166.jpg 300w, https:\/\/roundbaltic.eu\/wp-content\/uploads\/2021\/04\/shutterstock_221607736-red-768x424.jpg 768w, https:\/\/roundbaltic.eu\/wp-content\/uploads\/2021\/04\/shutterstock_221607736-red-1536x848.jpg 1536w, https:\/\/roundbaltic.eu\/wp-content\/uploads\/2021\/04\/shutterstock_221607736-red-2048x1131.jpg 2048w\" sizes=\"(max-width: 1024px) 100vw, 1024px\" \/>\t\t\t\t\t\t\t\t\t\t\t\t\t\t\t<\/div>\n\t\t\t\t<\/div>\n\t\t\t\t<div class=\"elementor-element elementor-element-62329ab2 elementor-widget elementor-widget-image\" data-id=\"62329ab2\" data-element_type=\"widget\" data-widget_type=\"image.default\">\n\t\t\t\t<div class=\"elementor-widget-container\">\n\t\t\t\t\t\t\t\t\t\t\t\t\t\t\t\t<a href=\"https:\/\/www.rm.dk\/om-os\/english\/\" target=\"_blank\">\n\t\t\t\t\t\t\t<img decoding=\"async\" width=\"300\" height=\"157\" src=\"https:\/\/roundbaltic.eu\/wp-content\/uploads\/2021\/04\/Region-Syddanmark-Logo_GB-300x157.jpg\" class=\"attachment-medium size-medium wp-image-1913\" alt=\"\" srcset=\"https:\/\/roundbaltic.eu\/wp-content\/uploads\/2021\/04\/Region-Syddanmark-Logo_GB-300x157.jpg 300w, https:\/\/roundbaltic.eu\/wp-content\/uploads\/2021\/04\/Region-Syddanmark-Logo_GB-1024x537.jpg 1024w, https:\/\/roundbaltic.eu\/wp-content\/uploads\/2021\/04\/Region-Syddanmark-Logo_GB-768x403.jpg 768w, https:\/\/roundbaltic.eu\/wp-content\/uploads\/2021\/04\/Region-Syddanmark-Logo_GB.jpg 1027w\" sizes=\"(max-width: 300px) 100vw, 300px\" \/>\t\t\t\t\t\t\t\t<\/a>\n\t\t\t\t\t\t\t\t\t\t\t\t\t\t\t<\/div>\n\t\t\t\t<\/div>\n\t\t\t\t\t<\/div>\n\t\t<\/div>\n\t\t\t\t\t<\/div>\n\t\t<\/section>\n\t\t\t\t<\/div>\n\t\t","protected":false},"excerpt":{"rendered":"<p>Syddanmark Syddanmark best\u00e5r af 22 kommuner og i alt omkring 1,2 millioner indbyggere. Regionernes ansvar ligger inden for omr\u00e5derne sundhed, psykiatri, social og regional udvikling. I de senere \u00e5r har RSD v\u00e6ret aktivt engageret i b\u00e6redygtig energi og klima. Et initiativ har v\u00e6ret Strategisk energiplanl\u00e6gning, st\u00f8ttet af den danske regering, der omfatter en planl\u00e6gningsproces om, [&hellip;]<\/p>\n","protected":false},"author":2,"featured_media":0,"parent":1841,"menu_order":0,"comment_status":"closed","ping_status":"closed","template":"","meta":{"inline_featured_image":false,"footnotes":""},"class_list":["post-3013","page","type-page","status-publish","hentry"],"_links":{"self":[{"href":"https:\/\/roundbaltic.eu\/da\/wp-json\/wp\/v2\/pages\/3013","targetHints":{"allow":["GET"]}}],"collection":[{"href":"https:\/\/roundbaltic.eu\/da\/wp-json\/wp\/v2\/pages"}],"about":[{"href":"https:\/\/roundbaltic.eu\/da\/wp-json\/wp\/v2\/types\/page"}],"author":[{"embeddable":true,"href":"https:\/\/roundbaltic.eu\/da\/wp-json\/wp\/v2\/users\/2"}],"replies":[{"embeddable":true,"href":"https:\/\/roundbaltic.eu\/da\/wp-json\/wp\/v2\/comments?post=3013"}],"version-history":[{"count":16,"href":"https:\/\/roundbaltic.eu\/da\/wp-json\/wp\/v2\/pages\/3013\/revisions"}],"predecessor-version":[{"id":7897,"href":"https:\/\/roundbaltic.eu\/da\/wp-json\/wp\/v2\/pages\/3013\/revisions\/7897"}],"up":[{"embeddable":true,"href":"https:\/\/roundbaltic.eu\/da\/wp-json\/wp\/v2\/pages\/1841"}],"wp:attachment":[{"href":"https:\/\/roundbaltic.eu\/da\/wp-json\/wp\/v2\/media?parent=3013"}],"curies":[{"name":"wp","href":"https:\/\/api.w.org\/{rel}","templated":true}]}}