{"id":3353,"date":"2021-05-07T19:09:41","date_gmt":"2021-05-07T17:09:41","guid":{"rendered":"http:\/\/roundbaltic.eu.185-31-79-130.nmsrv02.dk\/?page_id=3353"},"modified":"2021-05-07T19:10:23","modified_gmt":"2021-05-07T17:10:23","slug":"lodzkie","status":"publish","type":"page","link":"https:\/\/roundbaltic.eu\/da\/lodzkie\/","title":{"rendered":"\u0141\u00f3dzkie"},"content":{"rendered":"\t\t<div data-elementor-type=\"wp-page\" data-elementor-id=\"3353\" class=\"elementor elementor-3353 elementor-1341\" data-elementor-post-type=\"page\">\n\t\t\t\t\t\t<section class=\"elementor-section elementor-top-section elementor-element elementor-element-66052bbc elementor-section-stretched elementor-section-boxed elementor-section-height-default elementor-section-height-default\" data-id=\"66052bbc\" data-element_type=\"section\" data-settings=\"{&quot;background_background&quot;:&quot;classic&quot;,&quot;stretch_section&quot;:&quot;section-stretched&quot;}\">\n\t\t\t\t\t\t\t<div class=\"elementor-background-overlay\"><\/div>\n\t\t\t\t\t\t\t<div class=\"elementor-container elementor-column-gap-default\">\n\t\t\t\t\t<div class=\"elementor-column elementor-col-100 elementor-top-column elementor-element elementor-element-face8a7\" data-id=\"face8a7\" data-element_type=\"column\">\n\t\t\t<div class=\"elementor-widget-wrap elementor-element-populated\">\n\t\t\t\t\t\t<div class=\"elementor-element elementor-element-11c978ba elementor-widget elementor-widget-heading\" data-id=\"11c978ba\" data-element_type=\"widget\" data-widget_type=\"heading.default\">\n\t\t\t\t<div class=\"elementor-widget-container\">\n\t\t\t\t\t<h2 class=\"elementor-heading-title elementor-size-default\">L\u00f3dzkie, Poland<\/h2>\t\t\t\t<\/div>\n\t\t\t\t<\/div>\n\t\t\t\t\t<\/div>\n\t\t<\/div>\n\t\t\t\t\t<\/div>\n\t\t<\/section>\n\t\t\t\t<section class=\"elementor-section elementor-top-section elementor-element elementor-element-51d6b71d elementor-section-full_width elementor-section-stretched elementor-section-height-default elementor-section-height-default\" data-id=\"51d6b71d\" data-element_type=\"section\" data-settings=\"{&quot;stretch_section&quot;:&quot;section-stretched&quot;,&quot;background_background&quot;:&quot;classic&quot;}\">\n\t\t\t\t\t\t<div class=\"elementor-container elementor-column-gap-default\">\n\t\t\t\t\t<div class=\"elementor-column elementor-col-50 elementor-top-column elementor-element elementor-element-7aaa47ec halfImgTextAlignLeft\" data-id=\"7aaa47ec\" data-element_type=\"column\">\n\t\t\t<div class=\"elementor-widget-wrap elementor-element-populated\">\n\t\t\t\t\t\t<div class=\"elementor-element elementor-element-1c57ad0c elementor-widget elementor-widget-text-editor\" data-id=\"1c57ad0c\" data-element_type=\"widget\" data-widget_type=\"text-editor.default\">\n\t\t\t\t<div class=\"elementor-widget-container\">\n\t\t\t\t\t\t\t\t\t<p><strong>The \u0141\u00f3d\u017a Voivodeship<\/strong> is located in the central part of the country. It covers an area of \u200b\u200b18,218.95 km\u00b2. According to data from June 30, 2020, the voivodeship was inhabited by about 2.4 million people. It has the lowest forest cover in the country. The capital of the voivodeship is \u0141\u00f3d\u017a.<\/p><p>There are 46 cities in the Lodzkie Voivodship, including 3 cities with poviat status.<\/p><p>The total number of residential buildings in 2019 was 462,648. There were 1,032,240 apartments with a total area of \u200b\u200b71,909,358 m2, 60% of which are located in cities. About 30% of the total number of flats was built in the years 1945-1970.<\/p><p>Due to the lignite resources, Be\u0142chat\u00f3w is home to the largest open-cast mine of this raw material in Europe. Although the voivodship considers a gradual decrease in the share of coal in electricity production, the Z\u0142oczew lignite deposit ensuring the maintenance of the Be\u0142chat\u00f3w power plant operation is still considered a prospective resource for this production in the \u0141\u00f3d\u017a voivodeship.<\/p><p>\u00a0<\/p>\t\t\t\t\t\t\t\t<\/div>\n\t\t\t\t<\/div>\n\t\t\t\t\t<\/div>\n\t\t<\/div>\n\t\t\t\t<div class=\"elementor-column elementor-col-50 elementor-top-column elementor-element elementor-element-1e7478ea\" data-id=\"1e7478ea\" data-element_type=\"column\" data-settings=\"{&quot;background_background&quot;:&quot;classic&quot;}\">\n\t\t\t<div class=\"elementor-widget-wrap elementor-element-populated\">\n\t\t\t\t\t\t<div class=\"elementor-element elementor-element-4893f453 elementor-widget elementor-widget-shortcode\" data-id=\"4893f453\" data-element_type=\"widget\" data-widget_type=\"shortcode.default\">\n\t\t\t\t<div class=\"elementor-widget-container\">\n\t\t\t\t\t\t\t<div class=\"elementor-shortcode\"><div class=\"map_wrapper\" id=\"map_wrapper_3280\">\n<div class=\"map_box\" style=\"max-width:2200px\">\n<div class=\"map_aspect_ratio\" style=\"padding-top:56%\" data-padding-top=\"56%\" data-padding-top-mobile=\"\">\n<div class=\"map_container\">\n<div class=\"map_render map_loading\" id=\"map_3280\"><\/div>\n<\/div>\n<\/div>\n<\/div>\n<\/div><\/div>\n\t\t\t\t\t\t<\/div>\n\t\t\t\t<\/div>\n\t\t\t\t\t<\/div>\n\t\t<\/div>\n\t\t\t\t\t<\/div>\n\t\t<\/section>\n\t\t\t\t<section class=\"elementor-section elementor-top-section elementor-element elementor-element-37b15a21 elementor-section-boxed elementor-section-height-default elementor-section-height-default\" data-id=\"37b15a21\" data-element_type=\"section\">\n\t\t\t\t\t\t<div class=\"elementor-container elementor-column-gap-default\">\n\t\t\t\t\t<div class=\"elementor-column elementor-col-50 elementor-top-column elementor-element elementor-element-557e1e49\" data-id=\"557e1e49\" data-element_type=\"column\">\n\t\t\t<div class=\"elementor-widget-wrap\">\n\t\t\t\t\t\t\t<\/div>\n\t\t<\/div>\n\t\t\t\t<div class=\"elementor-column elementor-col-50 elementor-top-column elementor-element elementor-element-b3f9710\" data-id=\"b3f9710\" data-element_type=\"column\">\n\t\t\t<div class=\"elementor-widget-wrap elementor-element-populated\">\n\t\t\t\t\t\t<div class=\"elementor-element elementor-element-a164da0 elementor-widget elementor-widget-heading\" data-id=\"a164da0\" data-element_type=\"widget\" data-widget_type=\"heading.default\">\n\t\t\t\t<div class=\"elementor-widget-container\">\n\t\t\t\t\t<h2 class=\"elementor-heading-title elementor-size-default\">Energy Strategy<\/h2>\t\t\t\t<\/div>\n\t\t\t\t<\/div>\n\t\t\t\t\t<\/div>\n\t\t<\/div>\n\t\t\t\t\t<\/div>\n\t\t<\/section>\n\t\t\t\t<section class=\"elementor-section elementor-top-section elementor-element elementor-element-6e5c7bff elementor-section-full_width elementor-section-stretched elementor-section-height-default elementor-section-height-default\" data-id=\"6e5c7bff\" data-element_type=\"section\" data-settings=\"{&quot;stretch_section&quot;:&quot;section-stretched&quot;,&quot;background_background&quot;:&quot;classic&quot;}\">\n\t\t\t\t\t\t<div class=\"elementor-container elementor-column-gap-default\">\n\t\t\t\t\t<div class=\"elementor-column elementor-col-50 elementor-top-column elementor-element elementor-element-7e341d80\" data-id=\"7e341d80\" data-element_type=\"column\" data-settings=\"{&quot;background_background&quot;:&quot;classic&quot;}\">\n\t\t\t<div class=\"elementor-widget-wrap elementor-element-populated\">\n\t\t\t\t\t\t<div class=\"elementor-element elementor-element-3d9ba030 elementor-widget elementor-widget-image\" data-id=\"3d9ba030\" data-element_type=\"widget\" data-widget_type=\"image.default\">\n\t\t\t\t<div class=\"elementor-widget-container\">\n\t\t\t\t\t\t\t\t\t\t\t\t\t\t\t<img fetchpriority=\"high\" decoding=\"async\" width=\"1024\" height=\"683\" src=\"https:\/\/roundbaltic.eu\/wp-content\/uploads\/2021\/04\/shutterstock_1850713141-1024x683.jpg\" class=\"attachment-large size-large wp-image-2412\" alt=\"\" srcset=\"https:\/\/roundbaltic.eu\/wp-content\/uploads\/2021\/04\/shutterstock_1850713141-1024x683.jpg 1024w, https:\/\/roundbaltic.eu\/wp-content\/uploads\/2021\/04\/shutterstock_1850713141-300x200.jpg 300w, https:\/\/roundbaltic.eu\/wp-content\/uploads\/2021\/04\/shutterstock_1850713141-768x512.jpg 768w, https:\/\/roundbaltic.eu\/wp-content\/uploads\/2021\/04\/shutterstock_1850713141-1536x1024.jpg 1536w, https:\/\/roundbaltic.eu\/wp-content\/uploads\/2021\/04\/shutterstock_1850713141-2048x1366.jpg 2048w\" sizes=\"(max-width: 1024px) 100vw, 1024px\" \/>\t\t\t\t\t\t\t\t\t\t\t\t\t\t\t<\/div>\n\t\t\t\t<\/div>\n\t\t\t\t\t<\/div>\n\t\t<\/div>\n\t\t\t\t<div class=\"elementor-column elementor-col-50 elementor-top-column elementor-element elementor-element-4f499a77 halfImgTextAlignRight\" data-id=\"4f499a77\" data-element_type=\"column\">\n\t\t\t<div class=\"elementor-widget-wrap elementor-element-populated\">\n\t\t\t\t\t\t<div class=\"elementor-element elementor-element-6dd34f7e elementor-widget elementor-widget-text-editor\" data-id=\"6dd34f7e\" data-element_type=\"widget\" data-widget_type=\"text-editor.default\">\n\t\t\t\t<div class=\"elementor-widget-container\">\n\t\t\t\t\t\t\t\t\t<p>The Lodzkie Voivodship does not have a separately formulated energy efficiency policy. Many financial mechanisms are used in the region to support the implementation of projects in the field of energy efficiency, both local and national, refundable and subsidized.<\/p><p>The main problem is low air quality in the voivodship, which poses a high threat to the health of the inhabitants. The scale of changes in introducing low-emission heating systems and improving the energy efficiency of buildings is insufficient. The main reasons for this are the lack of sufficient financial resources and the uncertainty of financing.<\/p><p>\u00a0<\/p>\t\t\t\t\t\t\t\t<\/div>\n\t\t\t\t<\/div>\n\t\t\t\t\t<\/div>\n\t\t<\/div>\n\t\t\t\t\t<\/div>\n\t\t<\/section>\n\t\t\t\t<section class=\"elementor-section elementor-top-section elementor-element elementor-element-7106695d elementor-section-boxed elementor-section-height-default elementor-section-height-default\" data-id=\"7106695d\" data-element_type=\"section\">\n\t\t\t\t\t\t<div class=\"elementor-container elementor-column-gap-default\">\n\t\t\t\t\t<div class=\"elementor-column elementor-col-66 elementor-top-column elementor-element elementor-element-57194524\" data-id=\"57194524\" data-element_type=\"column\">\n\t\t\t<div class=\"elementor-widget-wrap elementor-element-populated\">\n\t\t\t\t\t\t<div class=\"elementor-element elementor-element-67594996 elementor-widget elementor-widget-heading\" data-id=\"67594996\" data-element_type=\"widget\" data-widget_type=\"heading.default\">\n\t\t\t\t<div class=\"elementor-widget-container\">\n\t\t\t\t\t<h3 class=\"elementor-heading-title elementor-size-default\">Financial Mechanisms<\/h3>\t\t\t\t<\/div>\n\t\t\t\t<\/div>\n\t\t\t\t\t<\/div>\n\t\t<\/div>\n\t\t\t\t<div class=\"elementor-column elementor-col-33 elementor-top-column elementor-element elementor-element-4c738fdb\" data-id=\"4c738fdb\" data-element_type=\"column\">\n\t\t\t<div class=\"elementor-widget-wrap\">\n\t\t\t\t\t\t\t<\/div>\n\t\t<\/div>\n\t\t\t\t\t<\/div>\n\t\t<\/section>\n\t\t\t\t<section class=\"elementor-section elementor-top-section elementor-element elementor-element-62bf1682 elementor-section-boxed elementor-section-height-default elementor-section-height-default\" data-id=\"62bf1682\" data-element_type=\"section\">\n\t\t\t\t\t\t<div class=\"elementor-container elementor-column-gap-default\">\n\t\t\t\t\t<div class=\"elementor-column elementor-col-66 elementor-top-column elementor-element elementor-element-54eaab81\" data-id=\"54eaab81\" data-element_type=\"column\">\n\t\t\t<div class=\"elementor-widget-wrap elementor-element-populated\">\n\t\t\t\t\t\t<div class=\"elementor-element elementor-element-398aad5d elementor-widget elementor-widget-text-editor\" data-id=\"398aad5d\" data-element_type=\"widget\" data-widget_type=\"text-editor.default\">\n\t\t\t\t<div class=\"elementor-widget-container\">\n\t\t\t\t\t\t\t\t\t<p>In order to increase the pace of modernization, it is required to reach with financial instruments to urban-rural centers, where the level of thermomodersation\u00a0 is very low. In achieving the objectives can help raise awareness of investors on the availability of sources of investment<\/p>\t\t\t\t\t\t\t\t<\/div>\n\t\t\t\t<\/div>\n\t\t\t\t\t<\/div>\n\t\t<\/div>\n\t\t\t\t<div class=\"elementor-column elementor-col-33 elementor-top-column elementor-element elementor-element-fa16f0a\" data-id=\"fa16f0a\" data-element_type=\"column\">\n\t\t\t<div class=\"elementor-widget-wrap elementor-element-populated\">\n\t\t\t\t\t\t<div class=\"elementor-element elementor-element-49ce50d3 elementor-widget elementor-widget-image\" data-id=\"49ce50d3\" data-element_type=\"widget\" data-widget_type=\"image.default\">\n\t\t\t\t<div class=\"elementor-widget-container\">\n\t\t\t\t\t\t\t\t\t\t\t\t\t\t\t<img decoding=\"async\" width=\"1024\" height=\"682\" src=\"https:\/\/roundbaltic.eu\/wp-content\/uploads\/2021\/04\/shutterstock_1718548003-1024x682.jpg\" class=\"attachment-large size-large wp-image-2111\" alt=\"\" srcset=\"https:\/\/roundbaltic.eu\/wp-content\/uploads\/2021\/04\/shutterstock_1718548003-1024x682.jpg 1024w, https:\/\/roundbaltic.eu\/wp-content\/uploads\/2021\/04\/shutterstock_1718548003-300x200.jpg 300w, https:\/\/roundbaltic.eu\/wp-content\/uploads\/2021\/04\/shutterstock_1718548003-768x511.jpg 768w, https:\/\/roundbaltic.eu\/wp-content\/uploads\/2021\/04\/shutterstock_1718548003-1536x1022.jpg 1536w, https:\/\/roundbaltic.eu\/wp-content\/uploads\/2021\/04\/shutterstock_1718548003-2048x1363.jpg 2048w\" sizes=\"(max-width: 1024px) 100vw, 1024px\" \/>\t\t\t\t\t\t\t\t\t\t\t\t\t\t\t<\/div>\n\t\t\t\t<\/div>\n\t\t\t\t\t<\/div>\n\t\t<\/div>\n\t\t\t\t\t<\/div>\n\t\t<\/section>\n\t\t\t\t<section class=\"elementor-section elementor-top-section elementor-element elementor-element-55f7aea8 elementor-section-boxed elementor-section-height-default elementor-section-height-default\" data-id=\"55f7aea8\" data-element_type=\"section\">\n\t\t\t\t\t\t<div class=\"elementor-container elementor-column-gap-default\">\n\t\t\t\t\t<div class=\"elementor-column elementor-col-33 elementor-top-column elementor-element elementor-element-33937879\" data-id=\"33937879\" data-element_type=\"column\">\n\t\t\t<div class=\"elementor-widget-wrap\">\n\t\t\t\t\t\t\t<\/div>\n\t\t<\/div>\n\t\t\t\t<div class=\"elementor-column elementor-col-66 elementor-top-column elementor-element elementor-element-1be2c061\" data-id=\"1be2c061\" data-element_type=\"column\">\n\t\t\t<div class=\"elementor-widget-wrap elementor-element-populated\">\n\t\t\t\t\t\t<div class=\"elementor-element elementor-element-7e08bfd7 elementor-widget elementor-widget-heading\" data-id=\"7e08bfd7\" data-element_type=\"widget\" data-widget_type=\"heading.default\">\n\t\t\t\t<div class=\"elementor-widget-container\">\n\t\t\t\t\t<h3 class=\"elementor-heading-title elementor-size-default\">Main project actions in the region<\/h3>\t\t\t\t<\/div>\n\t\t\t\t<\/div>\n\t\t\t\t\t<\/div>\n\t\t<\/div>\n\t\t\t\t\t<\/div>\n\t\t<\/section>\n\t\t\t\t<section class=\"elementor-section elementor-top-section elementor-element elementor-element-3fce2433 elementor-section-boxed elementor-section-height-default elementor-section-height-default\" data-id=\"3fce2433\" data-element_type=\"section\">\n\t\t\t\t\t\t<div class=\"elementor-container elementor-column-gap-default\">\n\t\t\t\t\t<div class=\"elementor-column elementor-col-33 elementor-top-column elementor-element elementor-element-15d1eaa2\" data-id=\"15d1eaa2\" data-element_type=\"column\">\n\t\t\t<div class=\"elementor-widget-wrap elementor-element-populated\">\n\t\t\t\t\t\t<div class=\"elementor-element elementor-element-2a864722 elementor-widget elementor-widget-image\" data-id=\"2a864722\" data-element_type=\"widget\" data-widget_type=\"image.default\">\n\t\t\t\t<div class=\"elementor-widget-container\">\n\t\t\t\t\t\t\t\t\t\t\t\t\t\t\t<img decoding=\"async\" width=\"1024\" height=\"539\" src=\"https:\/\/roundbaltic.eu\/wp-content\/uploads\/2021\/04\/shutterstock_1747523120-1024x539.jpg\" class=\"attachment-large size-large wp-image-2597\" alt=\"\" srcset=\"https:\/\/roundbaltic.eu\/wp-content\/uploads\/2021\/04\/shutterstock_1747523120-1024x539.jpg 1024w, https:\/\/roundbaltic.eu\/wp-content\/uploads\/2021\/04\/shutterstock_1747523120-300x158.jpg 300w, https:\/\/roundbaltic.eu\/wp-content\/uploads\/2021\/04\/shutterstock_1747523120-768x404.jpg 768w, https:\/\/roundbaltic.eu\/wp-content\/uploads\/2021\/04\/shutterstock_1747523120-1536x808.jpg 1536w, https:\/\/roundbaltic.eu\/wp-content\/uploads\/2021\/04\/shutterstock_1747523120-2048x1078.jpg 2048w\" sizes=\"(max-width: 1024px) 100vw, 1024px\" \/>\t\t\t\t\t\t\t\t\t\t\t\t\t\t\t<\/div>\n\t\t\t\t<\/div>\n\t\t\t\t\t<\/div>\n\t\t<\/div>\n\t\t\t\t<div class=\"elementor-column elementor-col-66 elementor-top-column elementor-element elementor-element-eb95ca7\" data-id=\"eb95ca7\" data-element_type=\"column\">\n\t\t\t<div class=\"elementor-widget-wrap elementor-element-populated\">\n\t\t\t\t\t\t<div class=\"elementor-element elementor-element-644dd15c elementor-widget elementor-widget-text-editor\" data-id=\"644dd15c\" data-element_type=\"widget\" data-widget_type=\"text-editor.default\">\n\t\t\t\t<div class=\"elementor-widget-container\">\n\t\t\t\t\t\t\t\t\t<p>Currently, access to information about financial support is based on the activities of energy advisers at the WFO\u015aiGW in \u0141\u00f3d\u017a, European Funds Information Points (RPO), Business Innovation Center, \u0141\u00f3d\u017a Regional Development Agency, Foundation for Enterprise Development and many other institutions offering their individual offer.<\/p><p>In 2020, BNP Paribas Bank concluded agreements with national and European development banks (European Investment Bank &#8211; EIB and Bank Gospodarstwa Krajowego &#8211; BGK) and launched two new energy efficiency financing programs for multi-family residential buildings (housing communities) and commercial buildings. As part of the ELENA program, managers can count on assistance from in the preparation of technical documentation, performance of an energy audit in three variants, preparation of an application to BGK for a thermomodernization bonus, technical assistance facilitating the preparation of investments and applying for funding.<\/p>\t\t\t\t\t\t\t\t<\/div>\n\t\t\t\t<\/div>\n\t\t\t\t\t<\/div>\n\t\t<\/div>\n\t\t\t\t\t<\/div>\n\t\t<\/section>\n\t\t\t\t<section class=\"elementor-section elementor-top-section elementor-element elementor-element-4ba93a97 elementor-section-boxed elementor-section-height-default elementor-section-height-default\" data-id=\"4ba93a97\" data-element_type=\"section\">\n\t\t\t\t\t\t<div class=\"elementor-container elementor-column-gap-default\">\n\t\t\t\t\t<div class=\"elementor-column elementor-col-66 elementor-top-column elementor-element elementor-element-55451fc2\" data-id=\"55451fc2\" data-element_type=\"column\">\n\t\t\t<div class=\"elementor-widget-wrap elementor-element-populated\">\n\t\t\t\t\t\t<div class=\"elementor-element elementor-element-58b74c78 elementor-widget elementor-widget-image\" data-id=\"58b74c78\" data-element_type=\"widget\" data-widget_type=\"image.default\">\n\t\t\t\t<div class=\"elementor-widget-container\">\n\t\t\t\t\t\t\t\t\t\t\t\t\t\t\t<img loading=\"lazy\" decoding=\"async\" width=\"298\" height=\"300\" src=\"https:\/\/roundbaltic.eu\/wp-content\/uploads\/2021\/04\/logo-AUiPE-298x300.jpg\" class=\"attachment-medium size-medium wp-image-2516\" alt=\"\" srcset=\"https:\/\/roundbaltic.eu\/wp-content\/uploads\/2021\/04\/logo-AUiPE-298x300.jpg 298w, https:\/\/roundbaltic.eu\/wp-content\/uploads\/2021\/04\/logo-AUiPE-150x150.jpg 150w, https:\/\/roundbaltic.eu\/wp-content\/uploads\/2021\/04\/logo-AUiPE.jpg 417w\" sizes=\"(max-width: 298px) 100vw, 298px\" \/>\t\t\t\t\t\t\t\t\t\t\t\t\t\t\t<\/div>\n\t\t\t\t<\/div>\n\t\t\t\t\t<\/div>\n\t\t<\/div>\n\t\t\t\t<div class=\"elementor-column elementor-col-33 elementor-top-column elementor-element elementor-element-47ff1145\" data-id=\"47ff1145\" data-element_type=\"column\">\n\t\t\t<div class=\"elementor-widget-wrap elementor-element-populated\">\n\t\t\t\t\t\t<div class=\"elementor-element elementor-element-338c86bc elementor-widget elementor-widget-heading\" data-id=\"338c86bc\" data-element_type=\"widget\" data-widget_type=\"heading.default\">\n\t\t\t\t<div class=\"elementor-widget-container\">\n\t\t\t\t\t<h6 class=\"elementor-heading-title elementor-size-large\">Agency for Power Usage and Conservation  <\/h6>\t\t\t\t<\/div>\n\t\t\t\t<\/div>\n\t\t\t\t\t<\/div>\n\t\t<\/div>\n\t\t\t\t\t<\/div>\n\t\t<\/section>\n\t\t\t\t<section class=\"elementor-section elementor-top-section elementor-element elementor-element-5235c096 elementor-section-boxed elementor-section-height-default elementor-section-height-default\" data-id=\"5235c096\" data-element_type=\"section\">\n\t\t\t\t\t\t<div class=\"elementor-container elementor-column-gap-default\">\n\t\t\t\t\t<div class=\"elementor-column elementor-col-66 elementor-top-column elementor-element elementor-element-90a6b83\" data-id=\"90a6b83\" data-element_type=\"column\">\n\t\t\t<div class=\"elementor-widget-wrap elementor-element-populated\">\n\t\t\t\t\t\t<div class=\"elementor-element elementor-element-53f0fc6b elementor-widget elementor-widget-text-editor\" data-id=\"53f0fc6b\" data-element_type=\"widget\" data-widget_type=\"text-editor.default\">\n\t\t\t\t<div class=\"elementor-widget-container\">\n\t\t\t\t\t\t\t\t\t<p>AUIPE have been operating since 1997. We are a company specializing in expert and advisory activities in the field of energy efficiency and organization of educational and training activities in the field of renewable energy sources and energy efficiency.<br \/>Based on the knowledge of the market, rich achievements and experience, we offer the highest quality services related to effective and rational use of energy. We strive to disseminate and implement the best standards and practices related to the use of renewable energy and energy efficiency.<br \/>We support local governments in the implementation of tasks related to the planning and organization of fuel and energy supplies, energy management and the implementation of a low-emission economy plans.<br \/>We advise clients in the process of project implementation: defining the scope and shape of the project, selecting sources of financing and applying for funding.<br \/>We are a member of the National Association Respect for Energy and the Environment&#8221; (SAPE-Poland).<\/p>\t\t\t\t\t\t\t\t<\/div>\n\t\t\t\t<\/div>\n\t\t\t\t\t<\/div>\n\t\t<\/div>\n\t\t\t\t<div class=\"elementor-column elementor-col-33 elementor-top-column elementor-element elementor-element-396a5746\" data-id=\"396a5746\" data-element_type=\"column\">\n\t\t\t<div class=\"elementor-widget-wrap elementor-element-populated\">\n\t\t\t\t\t\t<div class=\"elementor-element elementor-element-4dc5beda elementor-widget elementor-widget-image\" data-id=\"4dc5beda\" data-element_type=\"widget\" data-widget_type=\"image.default\">\n\t\t\t\t<div class=\"elementor-widget-container\">\n\t\t\t\t\t\t\t\t\t\t\t\t\t\t\t<img loading=\"lazy\" decoding=\"async\" width=\"1024\" height=\"673\" src=\"https:\/\/roundbaltic.eu\/wp-content\/uploads\/2021\/04\/shutterstock_155581556-1024x673.jpg\" class=\"attachment-large size-large wp-image-2474\" alt=\"\" srcset=\"https:\/\/roundbaltic.eu\/wp-content\/uploads\/2021\/04\/shutterstock_155581556-1024x673.jpg 1024w, https:\/\/roundbaltic.eu\/wp-content\/uploads\/2021\/04\/shutterstock_155581556-300x197.jpg 300w, https:\/\/roundbaltic.eu\/wp-content\/uploads\/2021\/04\/shutterstock_155581556-768x505.jpg 768w, https:\/\/roundbaltic.eu\/wp-content\/uploads\/2021\/04\/shutterstock_155581556-1536x1009.jpg 1536w, https:\/\/roundbaltic.eu\/wp-content\/uploads\/2021\/04\/shutterstock_155581556-2048x1346.jpg 2048w\" sizes=\"(max-width: 1024px) 100vw, 1024px\" \/>\t\t\t\t\t\t\t\t\t\t\t\t\t\t\t<\/div>\n\t\t\t\t<\/div>\n\t\t\t\t\t<\/div>\n\t\t<\/div>\n\t\t\t\t\t<\/div>\n\t\t<\/section>\n\t\t\t\t<\/div>\n\t\t","protected":false},"excerpt":{"rendered":"<p>L\u00f3dzkie, Poland The \u0141\u00f3d\u017a Voivodeship is located in the central part of the country. It covers an area of \u200b\u200b18,218.95 km\u00b2. According to data from June 30, 2020, the voivodeship was inhabited by about 2.4 million people. It has the lowest forest cover in the country. The capital of the voivodeship is \u0141\u00f3d\u017a. There are [&hellip;]<\/p>\n","protected":false},"author":2,"featured_media":0,"parent":0,"menu_order":0,"comment_status":"closed","ping_status":"closed","template":"","meta":{"inline_featured_image":false,"footnotes":""},"class_list":["post-3353","page","type-page","status-publish","hentry"],"_links":{"self":[{"href":"https:\/\/roundbaltic.eu\/da\/wp-json\/wp\/v2\/pages\/3353","targetHints":{"allow":["GET"]}}],"collection":[{"href":"https:\/\/roundbaltic.eu\/da\/wp-json\/wp\/v2\/pages"}],"about":[{"href":"https:\/\/roundbaltic.eu\/da\/wp-json\/wp\/v2\/types\/page"}],"author":[{"embeddable":true,"href":"https:\/\/roundbaltic.eu\/da\/wp-json\/wp\/v2\/users\/2"}],"replies":[{"embeddable":true,"href":"https:\/\/roundbaltic.eu\/da\/wp-json\/wp\/v2\/comments?post=3353"}],"version-history":[{"count":4,"href":"https:\/\/roundbaltic.eu\/da\/wp-json\/wp\/v2\/pages\/3353\/revisions"}],"predecessor-version":[{"id":3357,"href":"https:\/\/roundbaltic.eu\/da\/wp-json\/wp\/v2\/pages\/3353\/revisions\/3357"}],"wp:attachment":[{"href":"https:\/\/roundbaltic.eu\/da\/wp-json\/wp\/v2\/media?parent=3353"}],"curies":[{"name":"wp","href":"https:\/\/api.w.org\/{rel}","templated":true}]}}