{"id":6638,"date":"2021-04-06T11:03:28","date_gmt":"2021-04-06T09:03:28","guid":{"rendered":"https:\/\/roundbaltic.eu\/community\/danmark\/east-denmark\/"},"modified":"2021-09-10T22:56:58","modified_gmt":"2021-09-10T20:56:58","slug":"oest-danmark","status":"publish","type":"page","link":"https:\/\/roundbaltic.eu\/da\/community\/danmark\/oest-danmark\/","title":{"rendered":"\u00d8st Danmark"},"content":{"rendered":"\t\t<div data-elementor-type=\"wp-page\" data-elementor-id=\"6638\" class=\"elementor elementor-6638 elementor-1331\" data-elementor-post-type=\"page\">\n\t\t\t\t\t\t<section class=\"elementor-section elementor-top-section elementor-element elementor-element-26b04fc4 elementor-section-stretched elementor-section-boxed elementor-section-height-default elementor-section-height-default\" data-id=\"26b04fc4\" data-element_type=\"section\" data-settings=\"{&quot;background_background&quot;:&quot;classic&quot;,&quot;stretch_section&quot;:&quot;section-stretched&quot;}\">\n\t\t\t\t\t\t\t<div class=\"elementor-background-overlay\"><\/div>\n\t\t\t\t\t\t\t<div class=\"elementor-container elementor-column-gap-default\">\n\t\t\t\t\t<div class=\"elementor-column elementor-col-100 elementor-top-column elementor-element elementor-element-5735054\" data-id=\"5735054\" data-element_type=\"column\">\n\t\t\t<div class=\"elementor-widget-wrap elementor-element-populated\">\n\t\t\t\t\t\t<div class=\"elementor-element elementor-element-34e75fbc elementor-widget elementor-widget-heading\" data-id=\"34e75fbc\" data-element_type=\"widget\" data-widget_type=\"heading.default\">\n\t\t\t\t<div class=\"elementor-widget-container\">\n\t\t\t\t\t<h2 class=\"elementor-heading-title elementor-size-default\">\u00d8st Danmark\n<\/h2>\t\t\t\t<\/div>\n\t\t\t\t<\/div>\n\t\t\t\t\t<\/div>\n\t\t<\/div>\n\t\t\t\t\t<\/div>\n\t\t<\/section>\n\t\t\t\t<section class=\"elementor-section elementor-top-section elementor-element elementor-element-f695922 elementor-section-boxed elementor-section-height-default elementor-section-height-default\" data-id=\"f695922\" data-element_type=\"section\">\n\t\t\t\t\t\t<div class=\"elementor-container elementor-column-gap-default\">\n\t\t\t\t\t<div class=\"elementor-column elementor-col-100 elementor-top-column elementor-element elementor-element-4ca6d8b5\" data-id=\"4ca6d8b5\" data-element_type=\"column\">\n\t\t\t<div class=\"elementor-widget-wrap\">\n\t\t\t\t\t\t\t<\/div>\n\t\t<\/div>\n\t\t\t\t\t<\/div>\n\t\t<\/section>\n\t\t\t\t<section class=\"elementor-section elementor-top-section elementor-element elementor-element-6721a861 elementor-section-full_width elementor-section-stretched elementor-section-height-default elementor-section-height-default\" data-id=\"6721a861\" data-element_type=\"section\" data-settings=\"{&quot;stretch_section&quot;:&quot;section-stretched&quot;,&quot;background_background&quot;:&quot;classic&quot;}\">\n\t\t\t\t\t\t<div class=\"elementor-container elementor-column-gap-default\">\n\t\t\t\t\t<div class=\"elementor-column elementor-col-50 elementor-top-column elementor-element elementor-element-55d991fd halfImgTextAlignLeft\" data-id=\"55d991fd\" data-element_type=\"column\">\n\t\t\t<div class=\"elementor-widget-wrap elementor-element-populated\">\n\t\t\t\t\t\t<div class=\"elementor-element elementor-element-e7db231 elementor-widget elementor-widget-text-editor\" data-id=\"e7db231\" data-element_type=\"widget\" data-widget_type=\"text-editor.default\">\n\t\t\t\t<div class=\"elementor-widget-container\">\n\t\t\t\t\t\t\t\t\t<div><p>\u00d8st Danmark delen af RoundBaltic Projektet best\u00e5r af Region Hovedstaden og Region Sj\u00e6lland, tilsammen 46 kommuner.<\/p><p>RoundBaltic-partneren GATE21 assisterer regionerne i planl\u00e6gning og implementering af regionale roundtables inden for de tre temaer:<\/p><ul><li>Enfamilieshuse<\/li><li>Almene Boliger<\/li><li>5. generations fjernvarme<\/li><\/ul><\/div><div><a href=\"https:\/\/www.gate21.dk\/roundbaltic\/\" target=\"_blank\" rel=\"noopener\">Gate21.dk &#8211; Roundbaltic<\/a><\/div><div>\u00a0<\/div><div>\u00a0<\/div>\t\t\t\t\t\t\t\t<\/div>\n\t\t\t\t<\/div>\n\t\t\t\t\t<\/div>\n\t\t<\/div>\n\t\t\t\t<div class=\"elementor-column elementor-col-50 elementor-top-column elementor-element elementor-element-49ceed35\" data-id=\"49ceed35\" data-element_type=\"column\" data-settings=\"{&quot;background_background&quot;:&quot;classic&quot;}\">\n\t\t\t<div class=\"elementor-widget-wrap elementor-element-populated\">\n\t\t\t\t\t\t<div class=\"elementor-element elementor-element-369adca1 elementor-widget elementor-widget-shortcode\" data-id=\"369adca1\" data-element_type=\"widget\" data-widget_type=\"shortcode.default\">\n\t\t\t\t<div class=\"elementor-widget-container\">\n\t\t\t\t\t\t\t<div class=\"elementor-shortcode\"><div class=\"map_wrapper\" id=\"map_wrapper_2762\">\n<div class=\"map_box\" style=\"max-width:2200px\">\n<div class=\"map_aspect_ratio\" style=\"padding-top:56%\" data-padding-top=\"56%\" data-padding-top-mobile=\"\">\n<div class=\"map_container\">\n<div class=\"map_render map_loading\" id=\"map_2762\"><\/div>\n<\/div>\n<\/div>\n<\/div>\n<\/div><\/div>\n\t\t\t\t\t\t<\/div>\n\t\t\t\t<\/div>\n\t\t\t\t\t<\/div>\n\t\t<\/div>\n\t\t\t\t\t<\/div>\n\t\t<\/section>\n\t\t\t\t<\/div>\n\t\t","protected":false},"excerpt":{"rendered":"<p>\u00d8st Danmark \u00d8st Danmark delen af RoundBaltic Projektet best\u00e5r af Region Hovedstaden og Region Sj\u00e6lland, tilsammen 46 kommuner. RoundBaltic-partneren GATE21 assisterer regionerne i planl\u00e6gning og implementering af regionale roundtables inden for de tre temaer: Enfamilieshuse Almene Boliger 5. generations fjernvarme Gate21.dk &#8211; Roundbaltic\u00a0\u00a0<\/p>\n","protected":false},"author":1,"featured_media":0,"parent":1841,"menu_order":0,"comment_status":"closed","ping_status":"closed","template":"","meta":{"inline_featured_image":false,"footnotes":""},"class_list":["post-6638","page","type-page","status-publish","hentry"],"_links":{"self":[{"href":"https:\/\/roundbaltic.eu\/da\/wp-json\/wp\/v2\/pages\/6638","targetHints":{"allow":["GET"]}}],"collection":[{"href":"https:\/\/roundbaltic.eu\/da\/wp-json\/wp\/v2\/pages"}],"about":[{"href":"https:\/\/roundbaltic.eu\/da\/wp-json\/wp\/v2\/types\/page"}],"author":[{"embeddable":true,"href":"https:\/\/roundbaltic.eu\/da\/wp-json\/wp\/v2\/users\/1"}],"replies":[{"embeddable":true,"href":"https:\/\/roundbaltic.eu\/da\/wp-json\/wp\/v2\/comments?post=6638"}],"version-history":[{"count":13,"href":"https:\/\/roundbaltic.eu\/da\/wp-json\/wp\/v2\/pages\/6638\/revisions"}],"predecessor-version":[{"id":6657,"href":"https:\/\/roundbaltic.eu\/da\/wp-json\/wp\/v2\/pages\/6638\/revisions\/6657"}],"up":[{"embeddable":true,"href":"https:\/\/roundbaltic.eu\/da\/wp-json\/wp\/v2\/pages\/1841"}],"wp:attachment":[{"href":"https:\/\/roundbaltic.eu\/da\/wp-json\/wp\/v2\/media?parent=6638"}],"curies":[{"name":"wp","href":"https:\/\/api.w.org\/{rel}","templated":true}]}}