{"id":13547,"date":"2023-09-06T15:04:13","date_gmt":"2023-09-06T13:04:13","guid":{"rendered":"https:\/\/roundbaltic.eu\/kurzeme\/"},"modified":"2023-09-06T15:04:14","modified_gmt":"2023-09-06T13:04:14","slug":"kurzeme","status":"publish","type":"page","link":"https:\/\/roundbaltic.eu\/lv\/kurzeme\/","title":{"rendered":"Kurzeme"},"content":{"rendered":"\t\t<div data-elementor-type=\"wp-page\" data-elementor-id=\"13547\" class=\"elementor elementor-13547 elementor-1347\" data-elementor-post-type=\"page\">\n\t\t\t\t\t\t<section class=\"elementor-section elementor-top-section elementor-element elementor-element-d567f7d elementor-section-stretched elementor-section-boxed elementor-section-height-default elementor-section-height-default\" data-id=\"d567f7d\" data-element_type=\"section\" data-settings=\"{&quot;background_background&quot;:&quot;classic&quot;,&quot;stretch_section&quot;:&quot;section-stretched&quot;}\">\n\t\t\t\t\t\t\t<div class=\"elementor-background-overlay\"><\/div>\n\t\t\t\t\t\t\t<div class=\"elementor-container elementor-column-gap-default\">\n\t\t\t\t\t<div class=\"elementor-column elementor-col-100 elementor-top-column elementor-element elementor-element-4eb84072\" data-id=\"4eb84072\" data-element_type=\"column\">\n\t\t\t<div class=\"elementor-widget-wrap elementor-element-populated\">\n\t\t\t\t\t\t<div class=\"elementor-element elementor-element-5bc91354 elementor-widget elementor-widget-heading\" data-id=\"5bc91354\" data-element_type=\"widget\" data-widget_type=\"heading.default\">\n\t\t\t\t<div class=\"elementor-widget-container\">\n\t\t\t\t\t<h2 class=\"elementor-heading-title elementor-size-default\">Kurzemes re\u0123ions<\/h2>\t\t\t\t<\/div>\n\t\t\t\t<\/div>\n\t\t\t\t\t<\/div>\n\t\t<\/div>\n\t\t\t\t\t<\/div>\n\t\t<\/section>\n\t\t\t\t<section class=\"elementor-section elementor-top-section elementor-element elementor-element-4842b633 elementor-section-boxed elementor-section-height-default elementor-section-height-default\" data-id=\"4842b633\" data-element_type=\"section\">\n\t\t\t\t\t\t<div class=\"elementor-container elementor-column-gap-default\">\n\t\t\t\t\t<div class=\"elementor-column elementor-col-100 elementor-top-column elementor-element elementor-element-6c18e6e8\" data-id=\"6c18e6e8\" data-element_type=\"column\">\n\t\t\t<div class=\"elementor-widget-wrap\">\n\t\t\t\t\t\t\t<\/div>\n\t\t<\/div>\n\t\t\t\t\t<\/div>\n\t\t<\/section>\n\t\t\t\t<section class=\"elementor-section elementor-top-section elementor-element elementor-element-6ac8490b elementor-section-full_width elementor-section-stretched elementor-section-height-default elementor-section-height-default\" data-id=\"6ac8490b\" data-element_type=\"section\" data-settings=\"{&quot;stretch_section&quot;:&quot;section-stretched&quot;,&quot;background_background&quot;:&quot;classic&quot;}\">\n\t\t\t\t\t\t<div class=\"elementor-container elementor-column-gap-default\">\n\t\t\t\t\t<div class=\"elementor-column elementor-col-50 elementor-top-column elementor-element elementor-element-12fbd3e8 halfImgTextAlignLeft\" data-id=\"12fbd3e8\" data-element_type=\"column\">\n\t\t\t<div class=\"elementor-widget-wrap elementor-element-populated\">\n\t\t\t\t\t\t<div class=\"elementor-element elementor-element-7f907eea elementor-widget elementor-widget-text-editor\" data-id=\"7f907eea\" data-element_type=\"widget\" data-widget_type=\"text-editor.default\">\n\t\t\t\t<div class=\"elementor-widget-container\">\n\t\t\t\t\t\t\t\t\tKurzemes re\u0123ions atrodas Latvijas rietumu da\u013ca un aiz\u0146em 16 054 t\u016bkst. km<sup>2 <\/sup>jeb 24,85% no Latvijas teritorijas.\r\n\r\nKurzemes pl\u0101no\u0161anas re\u0123ions (turpm\u0101k \u2013 KPR) tika izveidots ar m\u0113r\u0137i \u2013 nodro\u0161in\u0101t re\u0123iona att\u012bst\u012bbas pl\u0101no\u0161anu, koordin\u0101ciju, pa\u0161vald\u012bbu un citu valsts p\u0101rvaldes iest\u0101\u017eu sadarb\u012bbu. KPR atrodas Vides aizsardz\u012bbas un re\u0123ion\u0101l\u0101s att\u012bst\u012bbas ministrijas p\u0101rraudz\u012bb\u0101.\r\n\r\nKPR veido 20 pa\u0161vald\u012bbas \u2013 2 liel\u0101k\u0101s pils\u0113tas Liep\u0101ja un Ventspils un 18 maz\u0101ki re\u0123ioni. Re\u0123iona liel\u0101k\u0101 pils\u0113ta ir Liep\u0101ja (68 945 iedz\u012bvot\u0101ji), kas ir tre\u0161\u0101 liel\u0101k\u0101 pils\u0113ta Latvij\u0101. KPR l\u012bdz \u0161im nav izstr\u0101d\u0101jis vienotu Ener\u0123\u0113tikas r\u012bc\u012bbas pl\u0101nu re\u0123ionam, ta\u010du re\u0123ion\u0101 ir akt\u012bvas pa\u0161vald\u012bbas, piem\u0113ram, Liep\u0101ja, kas valsts l\u012bmen\u012b energoefektivit\u0101tes projektos ir krietni t\u0101l\u0101k. Viens no re\u0123iona strat\u0113\u0123iskiem m\u0113r\u0137iem ir\u00a0 ekoefektivit\u0101te resursu izmanto\u0161an\u0101 \u2013 no zema resursu p\u0101rstr\u0101des l\u012bme\u0146a uz augstu p\u0101rstr\u0101di, no energopat\u0113ri\u0146a uz energotaup\u012bbu \u2013 vair\u0101k var padar\u012bt ar maz\u0101kiem resursiem.\r\n\r\nLiep\u0101ja b\u016bvniec\u012bbas nozar\u0113 cent\u0101s \u012bstenot vair\u0101kas iniciat\u012bvas un aktivit\u0101tes:\r\n<ul>\r\n \t<li>Energop\u0101rvald\u012bbas sist\u0113mas uztur\u0113\u0161ana<\/li>\r\n \t<li>Pa\u0161vald\u012bbas \u0113ku un infrastrukt\u016bras ilgtsp\u0113j\u012bga uztur\u0113\u0161ana<\/li>\r\n<\/ul>\r\nP\u0113d\u0113jo 10-15 gadu laik\u0101 Liep\u0101j\u0101 ir renov\u0113tas gandr\u012bz visas pa\u0161vald\u012bbas \u0113kas, iz\u0146emot da\u017eas v\u0113sturisk\u0101s \u0113kas. Ilgtermi\u0146\u0101 viens no potenci\u0101li lab\u0101kajiem risin\u0101jumiem \u0113ku renov\u0101cijas projektu \u012bsteno\u0161anai un palielin\u0101tam finans\u0113jumam b\u016bs Energoefektivit\u0101tes pakalpojuma l\u012bgums, kas \u013cautu pa\u0161vald\u012bbai veikt v\u0113rien\u012bgus energoefektivit\u0101tes pas\u0101kumus ar tre\u0161o personu finans\u0113jumu. Lai to izdar\u012btu, ir j\u0101pl\u0101no vismaz \u0161\u0101das darb\u012bbas:\r\n<ul>\r\n \t<li>ESKO populariz\u0113\u0161ana sabiedr\u012bb\u0101<\/li>\r\n \t<li>Energoefekt\u012bvu ideju \u0123ener\u0113\u0161ana (piem\u0113ram, hakatoni vai tehnolo\u0123iju maratoni)<\/li>\r\n \t<li>pal\u012bdz\u012bba ESKO pakalpojuma pas\u016bt\u012bjuma sagatavo\u0161an\u0101<\/li>\r\n \t<li>projektu \u012bsteno\u0161ana un sasniegto rezult\u0101tu izplat\u012b\u0161ana<\/li>\r\n \t<li>izcil\u012bbas centra vai vienas pieturas a\u0123ent\u016bras izveide<\/li>\r\n<\/ul>\t\t\t\t\t\t\t\t<\/div>\n\t\t\t\t<\/div>\n\t\t\t\t\t<\/div>\n\t\t<\/div>\n\t\t\t\t<div class=\"elementor-column elementor-col-50 elementor-top-column elementor-element elementor-element-60214099\" data-id=\"60214099\" data-element_type=\"column\" data-settings=\"{&quot;background_background&quot;:&quot;classic&quot;}\">\n\t\t\t<div class=\"elementor-widget-wrap elementor-element-populated\">\n\t\t\t\t\t\t<div class=\"elementor-element elementor-element-500be6b1 elementor-widget elementor-widget-shortcode\" data-id=\"500be6b1\" data-element_type=\"widget\" data-widget_type=\"shortcode.default\">\n\t\t\t\t<div class=\"elementor-widget-container\">\n\t\t\t\t\t\t\t<div class=\"elementor-shortcode\"><div class=\"map_wrapper\" id=\"map_wrapper_9372\">\n<div class=\"map_box\" style=\"max-width:2200px\">\n<div class=\"map_aspect_ratio\" style=\"padding-top:56%\" data-padding-top=\"56%\" data-padding-top-mobile=\"0%\">\n<div class=\"map_container\">\n<div class=\"map_render map_loading\" id=\"map_9372\"><\/div>\n<\/div>\n<\/div>\n<\/div>\n<\/div><\/div>\n\t\t\t\t\t\t<\/div>\n\t\t\t\t<\/div>\n\t\t\t\t<div class=\"elementor-element elementor-element-fa1ff45 elementor-widget elementor-widget-image\" data-id=\"fa1ff45\" data-element_type=\"widget\" data-widget_type=\"image.default\">\n\t\t\t\t<div class=\"elementor-widget-container\">\n\t\t\t\t\t\t\t\t\t\t\t\t\t\t\t<img fetchpriority=\"high\" decoding=\"async\" width=\"262\" height=\"300\" src=\"https:\/\/roundbaltic.eu\/wp-content\/uploads\/2022\/06\/Kurzeme-Logo-262x300.jpg\" class=\"attachment-medium size-medium wp-image-9419\" alt=\"\" srcset=\"https:\/\/roundbaltic.eu\/wp-content\/uploads\/2022\/06\/Kurzeme-Logo-262x300.jpg 262w, https:\/\/roundbaltic.eu\/wp-content\/uploads\/2022\/06\/Kurzeme-Logo.jpg 678w\" sizes=\"(max-width: 262px) 100vw, 262px\" \/>\t\t\t\t\t\t\t\t\t\t\t\t\t\t\t<\/div>\n\t\t\t\t<\/div>\n\t\t\t\t\t<\/div>\n\t\t<\/div>\n\t\t\t\t\t<\/div>\n\t\t<\/section>\n\t\t\t\t<\/div>\n\t\t","protected":false},"excerpt":{"rendered":"<p>Kurzemes re\u0123ions Kurzemes re\u0123ions atrodas Latvijas rietumu da\u013ca un aiz\u0146em 16 054 t\u016bkst. km2 jeb 24,85% no Latvijas teritorijas. Kurzemes pl\u0101no\u0161anas re\u0123ions (turpm\u0101k \u2013 KPR) tika izveidots ar m\u0113r\u0137i \u2013 nodro\u0161in\u0101t re\u0123iona att\u012bst\u012bbas pl\u0101no\u0161anu, koordin\u0101ciju, pa\u0161vald\u012bbu un citu valsts p\u0101rvaldes iest\u0101\u017eu sadarb\u012bbu. KPR atrodas Vides aizsardz\u012bbas un re\u0123ion\u0101l\u0101s att\u012bst\u012bbas ministrijas p\u0101rraudz\u012bb\u0101. KPR veido 20 pa\u0161vald\u012bbas [&hellip;]<\/p>\n","protected":false},"author":1,"featured_media":0,"parent":0,"menu_order":0,"comment_status":"closed","ping_status":"closed","template":"","meta":{"inline_featured_image":false,"footnotes":""},"class_list":["post-13547","page","type-page","status-publish","hentry"],"_links":{"self":[{"href":"https:\/\/roundbaltic.eu\/lv\/wp-json\/wp\/v2\/pages\/13547","targetHints":{"allow":["GET"]}}],"collection":[{"href":"https:\/\/roundbaltic.eu\/lv\/wp-json\/wp\/v2\/pages"}],"about":[{"href":"https:\/\/roundbaltic.eu\/lv\/wp-json\/wp\/v2\/types\/page"}],"author":[{"embeddable":true,"href":"https:\/\/roundbaltic.eu\/lv\/wp-json\/wp\/v2\/users\/1"}],"replies":[{"embeddable":true,"href":"https:\/\/roundbaltic.eu\/lv\/wp-json\/wp\/v2\/comments?post=13547"}],"version-history":[{"count":1,"href":"https:\/\/roundbaltic.eu\/lv\/wp-json\/wp\/v2\/pages\/13547\/revisions"}],"predecessor-version":[{"id":13548,"href":"https:\/\/roundbaltic.eu\/lv\/wp-json\/wp\/v2\/pages\/13547\/revisions\/13548"}],"wp:attachment":[{"href":"https:\/\/roundbaltic.eu\/lv\/wp-json\/wp\/v2\/media?parent=13547"}],"curies":[{"name":"wp","href":"https:\/\/api.w.org\/{rel}","templated":true}]}}