{"id":2174,"date":"2020-12-09T09:45:43","date_gmt":"2020-12-09T08:45:43","guid":{"rendered":"http:\/\/roundbaltic.eu.185-31-79-130.nmsrv02.dk\/countries\/"},"modified":"2023-09-06T17:32:36","modified_gmt":"2023-09-06T15:32:36","slug":"community","status":"publish","type":"page","link":"https:\/\/roundbaltic.eu\/lv\/community\/","title":{"rendered":"Projekta sast\u0101vs"},"content":{"rendered":"\t\t<div data-elementor-type=\"wp-page\" data-elementor-id=\"2174\" class=\"elementor elementor-2174 elementor-36\" data-elementor-post-type=\"page\">\n\t\t\t\t\t\t<section class=\"elementor-section elementor-top-section elementor-element elementor-element-3d0acc38 elementor-section-stretched elementor-section-boxed elementor-section-height-default elementor-section-height-default\" data-id=\"3d0acc38\" data-element_type=\"section\" data-settings=\"{&quot;background_background&quot;:&quot;classic&quot;,&quot;stretch_section&quot;:&quot;section-stretched&quot;}\">\n\t\t\t\t\t\t\t<div class=\"elementor-background-overlay\"><\/div>\n\t\t\t\t\t\t\t<div class=\"elementor-container elementor-column-gap-default\">\n\t\t\t\t\t<div class=\"elementor-column elementor-col-100 elementor-top-column elementor-element elementor-element-43cf946b\" data-id=\"43cf946b\" data-element_type=\"column\">\n\t\t\t<div class=\"elementor-widget-wrap elementor-element-populated\">\n\t\t\t\t\t\t<div class=\"elementor-element elementor-element-42557c25 elementor-widget elementor-widget-heading\" data-id=\"42557c25\" data-element_type=\"widget\" data-widget_type=\"heading.default\">\n\t\t\t\t<div class=\"elementor-widget-container\">\n\t\t\t\t\t<h2 class=\"elementor-heading-title elementor-size-default\">RoundBaltic intervences valstis un re\u0123ioni<\/h2>\t\t\t\t<\/div>\n\t\t\t\t<\/div>\n\t\t\t\t\t<\/div>\n\t\t<\/div>\n\t\t\t\t\t<\/div>\n\t\t<\/section>\n\t\t\t\t<section class=\"elementor-section elementor-top-section elementor-element elementor-element-92d9d9b elementor-section-stretched elementor-section-boxed elementor-section-height-default elementor-section-height-default\" data-id=\"92d9d9b\" data-element_type=\"section\" data-settings=\"{&quot;stretch_section&quot;:&quot;section-stretched&quot;}\">\n\t\t\t\t\t\t<div class=\"elementor-container elementor-column-gap-default\">\n\t\t\t\t\t<div class=\"elementor-column elementor-col-100 elementor-top-column elementor-element elementor-element-81179a8\" data-id=\"81179a8\" data-element_type=\"column\">\n\t\t\t<div class=\"elementor-widget-wrap elementor-element-populated\">\n\t\t\t\t\t\t<div class=\"elementor-element elementor-element-a113c5c elementor-widget elementor-widget-heading\" data-id=\"a113c5c\" data-element_type=\"widget\" data-widget_type=\"heading.default\">\n\t\t\t\t<div class=\"elementor-widget-container\">\n\t\t\t\t\t<h3 class=\"elementor-heading-title elementor-size-default\">Atbalsts aktivit\u0101t\u0113m 12 Eiropas re\u0123ionos<\/h3>\t\t\t\t<\/div>\n\t\t\t\t<\/div>\n\t\t\t\t<div class=\"elementor-element elementor-element-d168549 elementor-widget elementor-widget-text-editor\" data-id=\"d168549\" data-element_type=\"widget\" data-widget_type=\"text-editor.default\">\n\t\t\t\t<div class=\"elementor-widget-container\">\n\t\t\t\t\t\t\t\t\t<p>Kopum\u0101 RoundBaltic darb\u012bbas atbalst\u012bs ilgtsp\u0113j\u012bgu ener\u0123ijas ieguld\u012bjumu \u012bsteno\u0161anu D\u0101nij\u0101, Polij\u0101 un Latvij\u0101. \u012apa\u0161s atbalsts tiks pie\u0161\u0137irts aktivit\u0101t\u0113m re\u0123ion\u0101l\u0101 l\u012bmen\u012b un re\u0123ion\u0101laj\u0101m\u00a0 apa\u013co galdu diskusij\u0101m, to sadarb\u012bba ar nacion\u0101la m\u0113roga apap\u013co galdu diskusij\u0101m, lai veidotu valsts atbalsta sist\u0113mu. RoundBaltic pl\u0101nos un \u012bstenos re\u0123ion\u0101l\u0101s apa\u013c\u0101 galda diskus 3 D\u0101nijas re\u0123ionos, 7 Polijas re\u0123ionos un 2 Latvijas re\u0123ionos &#8211; kopum\u0101 12 Eiropas re\u0123ionos.<\/p>\t\t\t\t\t\t\t\t<\/div>\n\t\t\t\t<\/div>\n\t\t\t\t\t<\/div>\n\t\t<\/div>\n\t\t\t\t\t<\/div>\n\t\t<\/section>\n\t\t\t\t<section class=\"elementor-section elementor-top-section elementor-element elementor-element-799e7c8 elementor-section-full_width elementor-section-stretched elementor-section-height-default elementor-section-height-default\" data-id=\"799e7c8\" data-element_type=\"section\" data-settings=\"{&quot;stretch_section&quot;:&quot;section-stretched&quot;,&quot;background_background&quot;:&quot;classic&quot;}\">\n\t\t\t\t\t\t<div class=\"elementor-container elementor-column-gap-default\">\n\t\t\t\t\t<div class=\"elementor-column elementor-col-50 elementor-top-column elementor-element elementor-element-64ae9b2 halfImgTextAlignLeft\" data-id=\"64ae9b2\" data-element_type=\"column\">\n\t\t\t<div class=\"elementor-widget-wrap elementor-element-populated\">\n\t\t\t\t\t\t<div class=\"elementor-element elementor-element-60a242f elementor-widget elementor-widget-heading\" data-id=\"60a242f\" data-element_type=\"widget\" data-widget_type=\"heading.default\">\n\t\t\t\t<div class=\"elementor-widget-container\">\n\t\t\t\t\t<h3 class=\"elementor-heading-title elementor-size-default\">RoundBaltic Latvij\u0101<\/h3>\t\t\t\t<\/div>\n\t\t\t\t<\/div>\n\t\t\t\t<div class=\"elementor-element elementor-element-f90577f elementor-widget elementor-widget-text-editor\" data-id=\"f90577f\" data-element_type=\"widget\" data-widget_type=\"text-editor.default\">\n\t\t\t\t<div class=\"elementor-widget-container\">\n\t\t\t\t\t\t\t\t\t<p>SEI foruma aktivit\u0101tes Latvij\u0101 ir biju\u0161as vair\u0101kas &#8211; konference R\u012bg\u0101 2016. gada 11. novembr\u012b, kurai sekoja divas apa\u013co galdu diskusijas. Pirmais apa\u013cais galds notika R\u012bg\u0101 2018. gada 26. apr\u012bl\u012b, bet otrais &#8211; 2019. gada 10. apr\u012bl\u012b.<\/p><p>RoundBaltic sekos \u0161o iepriek\u0161\u0113jo diskusiju ieteikumiem, lai tos izpild\u012btu un ieviestu ar\u012b re\u0123ion\u0101l\u0101 l\u012bmen\u012b. Kopum\u0101 Latvij\u0101 tiek pl\u0101notas tr\u012bs nacion\u0101la m\u0113roga apa\u013c\u0101 galda diskusijas, ko papildin\u0101s 2 re\u0123ion\u0101l\u0101s apa\u013c\u0101 galda diskusijas\u00a0 katr\u0101 no 2 re\u0123ioniem.<\/p>\t\t\t\t\t\t\t\t<\/div>\n\t\t\t\t<\/div>\n\t\t\t\t\t<\/div>\n\t\t<\/div>\n\t\t\t\t<div class=\"elementor-column elementor-col-50 elementor-top-column elementor-element elementor-element-78aa2bc\" data-id=\"78aa2bc\" data-element_type=\"column\" data-settings=\"{&quot;background_background&quot;:&quot;classic&quot;}\">\n\t\t\t<div class=\"elementor-widget-wrap elementor-element-populated\">\n\t\t\t\t\t\t<div class=\"elementor-element elementor-element-7e1f5bf elementor-widget elementor-widget-shortcode\" data-id=\"7e1f5bf\" data-element_type=\"widget\" data-widget_type=\"shortcode.default\">\n\t\t\t\t<div class=\"elementor-widget-container\">\n\t\t\t\t\t\t\t<div class=\"elementor-shortcode\"><div class=\"map_wrapper\" id=\"map_wrapper_13554\">\n<div class=\"map_box\" style=\"max-width:2200px\">\n<div class=\"map_aspect_ratio\" style=\"padding-top:56%\" data-padding-top=\"56%\" data-padding-top-mobile=\"0%\">\n<div class=\"map_container\">\n<div class=\"map_render map_loading\" id=\"map_13554\"><\/div>\n<\/div>\n<\/div>\n<\/div>\n<\/div><\/div>\n\t\t\t\t\t\t<\/div>\n\t\t\t\t<\/div>\n\t\t\t\t\t<\/div>\n\t\t<\/div>\n\t\t\t\t\t<\/div>\n\t\t<\/section>\n\t\t\t\t<\/div>\n\t\t","protected":false},"excerpt":{"rendered":"<p>RoundBaltic intervences valstis un re\u0123ioni Atbalsts aktivit\u0101t\u0113m 12 Eiropas re\u0123ionos Kopum\u0101 RoundBaltic darb\u012bbas atbalst\u012bs ilgtsp\u0113j\u012bgu ener\u0123ijas ieguld\u012bjumu \u012bsteno\u0161anu D\u0101nij\u0101, Polij\u0101 un Latvij\u0101. \u012apa\u0161s atbalsts tiks pie\u0161\u0137irts aktivit\u0101t\u0113m re\u0123ion\u0101l\u0101 l\u012bmen\u012b un re\u0123ion\u0101laj\u0101m\u00a0 apa\u013co galdu diskusij\u0101m, to sadarb\u012bba ar nacion\u0101la m\u0113roga apap\u013co galdu diskusij\u0101m, lai veidotu valsts atbalsta sist\u0113mu. RoundBaltic pl\u0101nos un \u012bstenos re\u0123ion\u0101l\u0101s apa\u013c\u0101 galda diskus [&hellip;]<\/p>\n","protected":false},"author":1,"featured_media":0,"parent":0,"menu_order":0,"comment_status":"closed","ping_status":"closed","template":"","meta":{"inline_featured_image":false,"footnotes":""},"class_list":["post-2174","page","type-page","status-publish","hentry"],"_links":{"self":[{"href":"https:\/\/roundbaltic.eu\/lv\/wp-json\/wp\/v2\/pages\/2174","targetHints":{"allow":["GET"]}}],"collection":[{"href":"https:\/\/roundbaltic.eu\/lv\/wp-json\/wp\/v2\/pages"}],"about":[{"href":"https:\/\/roundbaltic.eu\/lv\/wp-json\/wp\/v2\/types\/page"}],"author":[{"embeddable":true,"href":"https:\/\/roundbaltic.eu\/lv\/wp-json\/wp\/v2\/users\/1"}],"replies":[{"embeddable":true,"href":"https:\/\/roundbaltic.eu\/lv\/wp-json\/wp\/v2\/comments?post=2174"}],"version-history":[{"count":35,"href":"https:\/\/roundbaltic.eu\/lv\/wp-json\/wp\/v2\/pages\/2174\/revisions"}],"predecessor-version":[{"id":13632,"href":"https:\/\/roundbaltic.eu\/lv\/wp-json\/wp\/v2\/pages\/2174\/revisions\/13632"}],"wp:attachment":[{"href":"https:\/\/roundbaltic.eu\/lv\/wp-json\/wp\/v2\/media?parent=2174"}],"curies":[{"name":"wp","href":"https:\/\/api.w.org\/{rel}","templated":true}]}}