{"id":2187,"date":"2020-12-09T09:45:57","date_gmt":"2020-12-09T08:45:57","guid":{"rendered":"http:\/\/roundbaltic.eu.185-31-79-130.nmsrv02.dk\/news-and-events\/"},"modified":"2021-06-23T09:56:43","modified_gmt":"2021-06-23T07:56:43","slug":"jaunumi-un-pasakumi","status":"publish","type":"page","link":"https:\/\/roundbaltic.eu\/lv\/jaunumi-un-pasakumi\/","title":{"rendered":"Jaunumi un pas\u0101kumi"},"content":{"rendered":"\t\t<div data-elementor-type=\"wp-page\" data-elementor-id=\"2187\" class=\"elementor elementor-2187 elementor-38\" data-elementor-post-type=\"page\">\n\t\t\t\t\t\t<section class=\"elementor-section elementor-top-section elementor-element elementor-element-6e3b62fe elementor-section-stretched elementor-section-boxed elementor-section-height-default elementor-section-height-default\" data-id=\"6e3b62fe\" data-element_type=\"section\" data-settings=\"{&quot;background_background&quot;:&quot;classic&quot;,&quot;stretch_section&quot;:&quot;section-stretched&quot;}\">\n\t\t\t\t\t\t\t<div class=\"elementor-background-overlay\"><\/div>\n\t\t\t\t\t\t\t<div class=\"elementor-container elementor-column-gap-default\">\n\t\t\t\t\t<div class=\"elementor-column elementor-col-100 elementor-top-column elementor-element elementor-element-33f584d3\" data-id=\"33f584d3\" data-element_type=\"column\">\n\t\t\t<div class=\"elementor-widget-wrap elementor-element-populated\">\n\t\t\t\t\t\t<div class=\"elementor-element elementor-element-be15abf elementor-widget elementor-widget-heading\" data-id=\"be15abf\" data-element_type=\"widget\" data-widget_type=\"heading.default\">\n\t\t\t\t<div class=\"elementor-widget-container\">\n\t\t\t\t\t<h2 class=\"elementor-heading-title elementor-size-default\">News and events<\/h2>\t\t\t\t<\/div>\n\t\t\t\t<\/div>\n\t\t\t\t\t<\/div>\n\t\t<\/div>\n\t\t\t\t\t<\/div>\n\t\t<\/section>\n\t\t\t\t<section class=\"elementor-section elementor-top-section elementor-element elementor-element-fb611f1 elementor-section-boxed elementor-section-height-default elementor-section-height-default\" data-id=\"fb611f1\" data-element_type=\"section\">\n\t\t\t\t\t\t<div class=\"elementor-container elementor-column-gap-default\">\n\t\t\t\t\t<div class=\"elementor-column elementor-col-100 elementor-top-column elementor-element elementor-element-f821f91\" data-id=\"f821f91\" data-element_type=\"column\">\n\t\t\t<div class=\"elementor-widget-wrap elementor-element-populated\">\n\t\t\t\t\t\t<div class=\"elementor-element elementor-element-a4bf10a elementor-widget elementor-widget-heading\" data-id=\"a4bf10a\" data-element_type=\"widget\" data-widget_type=\"heading.default\">\n\t\t\t\t<div class=\"elementor-widget-container\">\n\t\t\t\t\t<h3 class=\"elementor-heading-title elementor-size-default\"><a href=\"https:\/\/roundbaltic.eu\/news-and-events\/news\/\">News<\/a><\/h3>\t\t\t\t<\/div>\n\t\t\t\t<\/div>\n\t\t\t\t<div class=\"elementor-element elementor-element-b1af598 elementor-widget elementor-widget-tp-dynamic-listing\" data-id=\"b1af598\" data-element_type=\"widget\" data-widget_type=\"tp-dynamic-listing.default\">\n\t\t\t\t<div class=\"elementor-widget-container\">\n\t\t\t\t\t<h3 class=\"theplus-posts-not-found\">No Post Found<\/h3>\t\t\t\t<\/div>\n\t\t\t\t<\/div>\n\t\t\t\t<div class=\"elementor-element elementor-element-0b8e696 elementor-widget elementor-widget-button\" data-id=\"0b8e696\" data-element_type=\"widget\" data-widget_type=\"button.default\">\n\t\t\t\t<div class=\"elementor-widget-container\">\n\t\t\t\t\t\t\t\t\t<div class=\"elementor-button-wrapper\">\n\t\t\t\t\t<a class=\"elementor-button elementor-button-link elementor-size-sm\" href=\"https:\/\/roundbaltic.eu\/news-and-events\/news\/\">\n\t\t\t\t\t\t<span class=\"elementor-button-content-wrapper\">\n\t\t\t\t\t\t\t\t\t<span class=\"elementor-button-text\">Find more news stories<\/span>\n\t\t\t\t\t<\/span>\n\t\t\t\t\t<\/a>\n\t\t\t\t<\/div>\n\t\t\t\t\t\t\t\t<\/div>\n\t\t\t\t<\/div>\n\t\t\t\t\t<\/div>\n\t\t<\/div>\n\t\t\t\t\t<\/div>\n\t\t<\/section>\n\t\t\t\t<section class=\"elementor-section elementor-top-section elementor-element elementor-element-ec50a23 elementor-section-boxed elementor-section-height-default elementor-section-height-default\" data-id=\"ec50a23\" data-element_type=\"section\">\n\t\t\t\t\t\t<div class=\"elementor-container elementor-column-gap-default\">\n\t\t\t\t\t<div class=\"elementor-column elementor-col-100 elementor-top-column elementor-element elementor-element-213d08b\" data-id=\"213d08b\" data-element_type=\"column\">\n\t\t\t<div class=\"elementor-widget-wrap elementor-element-populated\">\n\t\t\t\t\t\t<div class=\"elementor-element elementor-element-4cdcf24 elementor-widget elementor-widget-heading\" data-id=\"4cdcf24\" data-element_type=\"widget\" data-widget_type=\"heading.default\">\n\t\t\t\t<div class=\"elementor-widget-container\">\n\t\t\t\t\t<h3 class=\"elementor-heading-title elementor-size-default\"><a href=\"https:\/\/roundbaltic.eu\/news-and-events\/events\/\">Events<\/a><\/h3>\t\t\t\t<\/div>\n\t\t\t\t<\/div>\n\t\t\t\t<div class=\"elementor-element elementor-element-896aa11 elementor-widget elementor-widget-tp-dynamic-listing\" data-id=\"896aa11\" data-element_type=\"widget\" data-widget_type=\"tp-dynamic-listing.default\">\n\t\t\t\t<div class=\"elementor-widget-container\">\n\t\t\t\t\t<div id=\"pt-plus-dynamic-listing\" class=\"dynamic-listing post69f4bf76a9e7a  list-isotope-metro  dynamic-listing-style-1 hover-image-style-1     tp-dy-l-type-page_listing \"    data-layout-type=\"metro\"  data-metro-columns=\"3\"  data-metro-style=\"style-4\"  data-tablet-metro-columns=\"3\" data-tablet-metro-style=\"style-1\"  data-id=\"post69f4bf76a9e7a\" data-style=\"style-1\"   dir= data-enable-isotope=\"1\" filter-type = \"normal\"><div id=\"post69f4bf76a9e7a\" class=\"tp-row post-inner-loop   post69f4bf76a9e7a    tp_list\" data-extparam= '{\"loading-opt\":\"skeleton\",\"URL-para\":\"\"}'    \"  data-widgetId = 896aa11><div class=\"grid-item metro-item1 tb-metro-item1     \"><article id=\"post-13580\" class=\"post-13580 post type-post status-publish format-standard has-post-thumbnail hentry category-events-lv-4 category-events-lv-lv\">\r\n\t<div class=\"blog-list-content\">\r\n\t\t\t\t\t\t<div class=\"post-content-bottom\">\r\n\t\t\t\t\t\t<h4 class=\"post-title\">\r\n\t<a href=\"https:\/\/roundbaltic.eu\/lv\/first-roundtable-in-vidzeme-planning-region-latvia\/\" class=\"normal\">Pirmais apa\u013cais galds Vidzemes pl\u0101no\u0161anas re\u0123ion\u0101 &#8211; Latvija...<\/a>\r\n<\/h4>\r\n\t\t\t<div class=\"post-hover-content\">\r\n\t\t\t\t<div class=\"entry-content\">\r\n\t<p><b>2021. gada 8. decembris - Online <\/b> \r\nPas\u0101kums tika sadal\u012bts plen\u0101rsesij\u0101 visiem dal\u012bbniekiem un div\u0101s paral\u0113l\u0101s tematisk\u0101s sesij\u0101s, kas bija velt\u012btas attiec\u012bgi sabiedriskaj\u0101m \u0113k\u0101m...<\/p>\r\n<\/div>\r\n\t\t\t\t\t\t\t\t\t\t\t\t\r\n\t\t\t<\/div>\r\n\t\t<\/div>\r\n\t\t\t\t\t<a href=\"https:\/\/roundbaltic.eu\/lv\/first-roundtable-in-vidzeme-planning-region-latvia\/\"><div class=\"blog-bg-image-metro \" style=\"background:url(https:\/\/roundbaltic.eu\/wp-content\/uploads\/2021\/06\/iStock-146754344-scaled.jpg) #f7f7f7;\" ><\/div><\/a>\r\n\t\t\t\t<\/div>\r\n<\/article>\r\n<\/div><div class=\"grid-item metro-item2 tb-metro-item2     \"><article id=\"post-13569\" class=\"post-13569 post type-post status-publish format-standard has-post-thumbnail hentry category-events-lv-4 category-events-lv-lv\">\r\n\t<div class=\"blog-list-content\">\r\n\t\t\t\t\t\t<div class=\"post-content-bottom\">\r\n\t\t\t\t\t\t<h4 class=\"post-title\">\r\n\t<a href=\"https:\/\/roundbaltic.eu\/lv\/second-roundtable-in-vidzemes-planning-region-latvia\/\" class=\"normal\">Otrais apa\u013cais galds Vidzemes pl\u0101no\u0161anas re\u0123ion\u0101 &#8211; Latvija...<\/a>\r\n<\/h4>\r\n\t\t\t<div class=\"post-hover-content\">\r\n\t\t\t\t<div class=\"entry-content\">\r\n\t<p><b>2023. gada 3. marts - Online <\/b> \r\n2023. gada 2. mart\u0101 Latvijas Vides invest\u012bciju fonds sadarb\u012bb\u0101 ar viet\u0113jiem partneriem r\u012bkoja ceturto re\u0123ion\u0101lo apa\u013c\u0101 galda...<\/p>\r\n<\/div>\r\n\t\t\t\t\t\t\t\t\t\t\t\t\r\n\t\t\t<\/div>\r\n\t\t<\/div>\r\n\t\t\t\t\t<a href=\"https:\/\/roundbaltic.eu\/lv\/second-roundtable-in-vidzemes-planning-region-latvia\/\"><div class=\"blog-bg-image-metro \" style=\"background:url(https:\/\/roundbaltic.eu\/wp-content\/uploads\/2023\/03\/shutterstock_1195502563-red.jpg) #f7f7f7;\" ><\/div><\/a>\r\n\t\t\t\t<\/div>\r\n<\/article>\r\n<\/div><div class=\"grid-item metro-item3 tb-metro-item3     \"><article id=\"post-13565\" class=\"post-13565 post type-post status-publish format-standard has-post-thumbnail hentry category-events-lv-4 category-events-lv-lv\">\r\n\t<div class=\"blog-list-content\">\r\n\t\t\t\t\t\t<div class=\"post-content-bottom\">\r\n\t\t\t\t\t\t<h4 class=\"post-title\">\r\n\t<a href=\"https:\/\/roundbaltic.eu\/lv\/third-national-roundtable-in-latvia\/\" class=\"normal\">Tre\u0161ais Nacion\u0101lais apa\u013cais galds Latvij\u0101<\/a>\r\n<\/h4>\r\n\t\t\t<div class=\"post-hover-content\">\r\n\t\t\t\t<div class=\"entry-content\">\r\n\t<p><b>2023. gada 1. j\u016bnijs, R\u012bga <\/b> <BR> Nacion\u0101l\u0101 apa\u013c\u0101 galda diskusija bija velt\u012bta ilgtsp\u0113j\u012bgas energoefektivit\u0101tes finans\u0113\u0161anas sist\u0113mas izstr\u0101dei un ievie\u0161anai Latvij\u0101. Pas\u0101kumu organiz\u0113ja Latvijas...<\/p>\r\n<\/div>\r\n\t\t\t\t\t\t\t\t\t\t\t\t\r\n\t\t\t<\/div>\r\n\t\t<\/div>\r\n\t\t\t\t\t<a href=\"https:\/\/roundbaltic.eu\/lv\/third-national-roundtable-in-latvia\/\"><div class=\"blog-bg-image-metro \" style=\"background:url(https:\/\/roundbaltic.eu\/wp-content\/uploads\/2023\/07\/shutterstock_321505376-scaled.jpg) #f7f7f7;\" ><\/div><\/a>\r\n\t\t\t\t<\/div>\r\n<\/article>\r\n<\/div><div class=\"grid-item metro-item4 tb-metro-item4     \"><article id=\"post-13571\" class=\"post-13571 post type-post status-publish format-standard has-post-thumbnail hentry category-events-lv-4 category-events-lv-lv\">\r\n\t<div class=\"blog-list-content\">\r\n\t\t\t\t\t\t<div class=\"post-content-bottom\">\r\n\t\t\t\t\t\t<h4 class=\"post-title\">\r\n\t<a href=\"https:\/\/roundbaltic.eu\/lv\/second-roundtable-in-kurzeme-planning-region-latvia\/\" class=\"normal\">Otrais apa\u013cais galds Kurzemes pl\u0101no\u0161anas re\u0123ion\u0101 &#8211; Latvija...<\/a>\r\n<\/h4>\r\n\t\t\t<div class=\"post-hover-content\">\r\n\t\t\t\t<div class=\"entry-content\">\r\n\t<p><b>2023. gada 12. janv\u0101ris - Online <\/b> \r\n2023. gada 12. janv\u0101r\u012b Latvijas Vides invest\u012bciju fonds sadarb\u012bb\u0101 ar viet\u0113jiem partneriem r\u012bkoja tre\u0161o re\u0123ion\u0101lo apa\u013c\u0101 galda...<\/p>\r\n<\/div>\r\n\t\t\t\t\t\t\t\t\t\t\t\t\r\n\t\t\t<\/div>\r\n\t\t<\/div>\r\n\t\t\t\t\t<a href=\"https:\/\/roundbaltic.eu\/lv\/second-roundtable-in-kurzeme-planning-region-latvia\/\"><div class=\"blog-bg-image-metro \" style=\"background:url(https:\/\/roundbaltic.eu\/wp-content\/uploads\/2023\/01\/shutterstock_119464222-2.jpg) #f7f7f7;\" ><\/div><\/a>\r\n\t\t\t\t<\/div>\r\n<\/article>\r\n<\/div><div class=\"grid-item metro-item5 tb-metro-item5     \"><article id=\"post-13578\" class=\"post-13578 post type-post status-publish format-standard has-post-thumbnail hentry category-events-lv-4 category-events-lv-lv\">\r\n\t<div class=\"blog-list-content\">\r\n\t\t\t\t\t\t<div class=\"post-content-bottom\">\r\n\t\t\t\t\t\t<h4 class=\"post-title\">\r\n\t<a href=\"https:\/\/roundbaltic.eu\/lv\/second-national-roundtable-in-latvia\/\" class=\"normal\">Otrais Nacion\u0101lais apa\u013cais galds Latvij\u0101<\/a>\r\n<\/h4>\r\n\t\t\t<div class=\"post-hover-content\">\r\n\t\t\t\t<div class=\"entry-content\">\r\n\t<p><b> 2022. gada 25. maijs, R\u012bga <\/b> <BR> Nacion\u0101l\u0101 apa\u013c\u0101 galda diskusija bija v\u0113rsta uz diskusiju un ieteikumu snieg\u0161anu ilgtsp\u0113j\u012bga energoefektivit\u0101tes finans\u0113\u0161anas ietvara izveidei...<\/p>\r\n<\/div>\r\n\t\t\t\t\t\t\t\t\t\t\t\t\r\n\t\t\t<\/div>\r\n\t\t<\/div>\r\n\t\t\t\t\t<a href=\"https:\/\/roundbaltic.eu\/lv\/second-national-roundtable-in-latvia\/\"><div class=\"blog-bg-image-metro \" style=\"background:url(https:\/\/roundbaltic.eu\/wp-content\/uploads\/2022\/05\/shutterstock_187465343.jpg) #f7f7f7;\" ><\/div><\/a>\r\n\t\t\t\t<\/div>\r\n<\/article>\r\n<\/div><div class=\"grid-item metro-item6 tb-metro-item6     \"><article id=\"post-13575\" class=\"post-13575 post type-post status-publish format-standard has-post-thumbnail hentry category-events-lv-4 category-events-lv-lv\">\r\n\t<div class=\"blog-list-content\">\r\n\t\t\t\t\t\t<div class=\"post-content-bottom\">\r\n\t\t\t\t\t\t<h4 class=\"post-title\">\r\n\t<a href=\"https:\/\/roundbaltic.eu\/lv\/first-national-roundtable-in-latvia\/\" class=\"normal\">Pirmais Nacion\u0101lais apa\u013cais galds Latvij\u0101<\/a>\r\n<\/h4>\r\n\t\t\t<div class=\"post-hover-content\">\r\n\t\t\t\t<div class=\"entry-content\">\r\n\t<p><b>2021. gada 6. - 7. maijs <\/b> <BR> Pas\u0101kumu organiz\u0113ja RoundBaltic projekta partneris \"Latvijas Vides invest\u012bciju fonds\" sadarb\u012bb\u0101 ar Vides aizsardz\u012bbas un re\u0123ion\u0101l\u0101s att\u012bst\u012bbas...<\/p>\r\n<\/div>\r\n\t\t\t\t\t\t\t\t\t\t\t\t\r\n\t\t\t<\/div>\r\n\t\t<\/div>\r\n\t\t\t\t\t<a href=\"https:\/\/roundbaltic.eu\/lv\/first-national-roundtable-in-latvia\/\"><div class=\"blog-bg-image-metro \" style=\"background:url(https:\/\/roundbaltic.eu\/wp-content\/uploads\/2021\/05\/iStock-628613086-scaled-e1620052650851-1.jpg) #f7f7f7;\" ><\/div><\/a>\r\n\t\t\t\t<\/div>\r\n<\/article>\r\n<\/div><\/div><\/div>\t\t\t\t<\/div>\n\t\t\t\t<\/div>\n\t\t\t\t<div class=\"elementor-element elementor-element-616ea9e elementor-widget elementor-widget-button\" data-id=\"616ea9e\" data-element_type=\"widget\" data-widget_type=\"button.default\">\n\t\t\t\t<div class=\"elementor-widget-container\">\n\t\t\t\t\t\t\t\t\t<div class=\"elementor-button-wrapper\">\n\t\t\t\t\t<a class=\"elementor-button elementor-button-link elementor-size-sm\" href=\"https:\/\/roundbaltic.eu\/news-and-events\/events\/\">\n\t\t\t\t\t\t<span class=\"elementor-button-content-wrapper\">\n\t\t\t\t\t\t\t\t\t<span class=\"elementor-button-text\">See all events<\/span>\n\t\t\t\t\t<\/span>\n\t\t\t\t\t<\/a>\n\t\t\t\t<\/div>\n\t\t\t\t\t\t\t\t<\/div>\n\t\t\t\t<\/div>\n\t\t\t\t\t<\/div>\n\t\t<\/div>\n\t\t\t\t\t<\/div>\n\t\t<\/section>\n\t\t\t\t<\/div>\n\t\t","protected":false},"excerpt":{"rendered":"<p>News and events News Fifth test Lorem ipsum dolor sit amet, consectetur adipiscing elit. Vestibulum at massa accumsan, hendrerit urna vitae, laoreet est. Pellentesque vitae metus nec erat pulvinar luctus&#8230; fourth test Lorem ipsum dolor sit amet, consectetur adipiscing elit. Vestibulum at massa accumsan, hendrerit urna vitae, laoreet est. Pellentesque vitae metus nec erat pulvinar [&hellip;]<\/p>\n","protected":false},"author":1,"featured_media":0,"parent":0,"menu_order":0,"comment_status":"closed","ping_status":"closed","template":"","meta":{"inline_featured_image":false,"footnotes":""},"class_list":["post-2187","page","type-page","status-publish","hentry"],"_links":{"self":[{"href":"https:\/\/roundbaltic.eu\/lv\/wp-json\/wp\/v2\/pages\/2187","targetHints":{"allow":["GET"]}}],"collection":[{"href":"https:\/\/roundbaltic.eu\/lv\/wp-json\/wp\/v2\/pages"}],"about":[{"href":"https:\/\/roundbaltic.eu\/lv\/wp-json\/wp\/v2\/types\/page"}],"author":[{"embeddable":true,"href":"https:\/\/roundbaltic.eu\/lv\/wp-json\/wp\/v2\/users\/1"}],"replies":[{"embeddable":true,"href":"https:\/\/roundbaltic.eu\/lv\/wp-json\/wp\/v2\/comments?post=2187"}],"version-history":[{"count":2,"href":"https:\/\/roundbaltic.eu\/lv\/wp-json\/wp\/v2\/pages\/2187\/revisions"}],"predecessor-version":[{"id":5144,"href":"https:\/\/roundbaltic.eu\/lv\/wp-json\/wp\/v2\/pages\/2187\/revisions\/5144"}],"wp:attachment":[{"href":"https:\/\/roundbaltic.eu\/lv\/wp-json\/wp\/v2\/media?parent=2187"}],"curies":[{"name":"wp","href":"https:\/\/api.w.org\/{rel}","templated":true}]}}