{"id":2202,"date":"2020-12-09T09:45:34","date_gmt":"2020-12-09T08:45:34","guid":{"rendered":"http:\/\/roundbaltic.eu.185-31-79-130.nmsrv02.dk\/the-project\/"},"modified":"2023-09-06T17:21:18","modified_gmt":"2023-09-06T15:21:18","slug":"projekts","status":"publish","type":"page","link":"https:\/\/roundbaltic.eu\/lv\/projekts\/","title":{"rendered":"Projekts"},"content":{"rendered":"\t\t<div data-elementor-type=\"wp-page\" data-elementor-id=\"2202\" class=\"elementor elementor-2202 elementor-34\" data-elementor-post-type=\"page\">\n\t\t\t\t\t\t<section class=\"elementor-section elementor-top-section elementor-element elementor-element-549c2c9f elementor-section-stretched elementor-section-boxed elementor-section-height-default elementor-section-height-default\" data-id=\"549c2c9f\" data-element_type=\"section\" data-settings=\"{&quot;background_background&quot;:&quot;classic&quot;,&quot;stretch_section&quot;:&quot;section-stretched&quot;}\">\n\t\t\t\t\t\t\t<div class=\"elementor-background-overlay\"><\/div>\n\t\t\t\t\t\t\t<div class=\"elementor-container elementor-column-gap-default\">\n\t\t\t\t\t<div class=\"elementor-column elementor-col-100 elementor-top-column elementor-element elementor-element-58b9bf7a\" data-id=\"58b9bf7a\" data-element_type=\"column\">\n\t\t\t<div class=\"elementor-widget-wrap elementor-element-populated\">\n\t\t\t\t\t\t<div class=\"elementor-element elementor-element-d51e109 elementor-widget elementor-widget-heading\" data-id=\"d51e109\" data-element_type=\"widget\" data-widget_type=\"heading.default\">\n\t\t\t\t<div class=\"elementor-widget-container\">\n\t\t\t\t\t<h2 class=\"elementor-heading-title elementor-size-default\">Projekts<\/h2>\t\t\t\t<\/div>\n\t\t\t\t<\/div>\n\t\t\t\t\t<\/div>\n\t\t<\/div>\n\t\t\t\t\t<\/div>\n\t\t<\/section>\n\t\t\t\t<section class=\"elementor-section elementor-top-section elementor-element elementor-element-75286784 elementor-section-full_width elementor-section-stretched elementor-section-height-default elementor-section-height-default\" data-id=\"75286784\" data-element_type=\"section\" data-settings=\"{&quot;stretch_section&quot;:&quot;section-stretched&quot;,&quot;background_background&quot;:&quot;classic&quot;}\">\n\t\t\t\t\t\t<div class=\"elementor-container elementor-column-gap-default\">\n\t\t\t\t\t<div class=\"elementor-column elementor-col-50 elementor-top-column elementor-element elementor-element-2c8c4ec9 halfImgTextAlignLeft\" data-id=\"2c8c4ec9\" data-element_type=\"column\">\n\t\t\t<div class=\"elementor-widget-wrap elementor-element-populated\">\n\t\t\t\t\t\t<div class=\"elementor-element elementor-element-2ba7cf98 elementor-widget elementor-widget-heading\" data-id=\"2ba7cf98\" data-element_type=\"widget\" data-widget_type=\"heading.default\">\n\t\t\t\t<div class=\"elementor-widget-container\">\n\t\t\t\t\t<h3 class=\"elementor-heading-title elementor-size-default\">Konteksts<\/h3>\t\t\t\t<\/div>\n\t\t\t\t<\/div>\n\t\t\t\t<div class=\"elementor-element elementor-element-5c6c9dfa elementor-widget elementor-widget-text-editor\" data-id=\"5c6c9dfa\" data-element_type=\"widget\" data-widget_type=\"text-editor.default\">\n\t\t\t\t<div class=\"elementor-widget-container\">\n\t\t\t\t\t\t\t\t\t<p>RoundBaltic projekta galvenais m\u0113r\u0137is ir atbalst\u012bt iniciat\u012bvas Vied\u0101s finanses vied\u0101m \u0113k\u0101m jeb Smart Finance for Smart Buildings (SFSB) ievie\u0161anu Baltijas j\u016bras re\u0123ion\u0101, jo \u012bpa\u0161i projekta tie\u0161\u0101s m\u0113r\u0137a valst\u012bs Polij\u0101, Latvij\u0101 un D\u0101nij\u0101.<\/p><p>Tr\u012bs p\u012bl\u0101ri Vied\u0101s finanses viedaj\u0101m \u0113k\u0101m attiecas uz:<\/p><ol><li>Lab\u0101ka publisko l\u012bdzek\u013cu izmanto\u0161ana, maksim\u0101li palielinot to pieejam\u012bbu caur finan\u0161u instrumentiem, nov\u0113r\u0161ot konstat\u0113t\u0101s tirgus nepiln\u012bbas un lab\u0101k m\u0113r\u0137\u0113jot dot\u0101cijas maz\u0101k aizsarg\u0101tiem pat\u0113r\u0113t\u0101jiem. Piel\u0101gotas finans\u0113\u0161anas sh\u0113mas un riska dal\u012b\u0161anas meh\u0101nismi, ko atbalsta no valsts l\u012bdzek\u013ciem, lai piesaist\u012btu priv\u0101t\u0101s invest\u012bcijas ilgtsp\u0113j\u012bg\u0101 ener\u0123ij\u0101.<\/li><li>Projektu apkopo\u0161ana un atbalsts, palielinot v\u0113rien\u012bgu invest\u012bciju projektu pieejam\u012bbu, lai uztur\u0113tu invest\u012bciju platformas un izveidotu finan\u0161u instrumentus. To var pan\u0101kt, sniedzot pal\u012bdz\u012bbu projekta izstr\u0101d\u0113 un veicinot vienas pieturas a\u0123ent\u016bras izveidi projektu izstr\u0101d\u0101t\u0101jiem.<\/li><li>Energoefektivit\u0101tes ieguld\u012bjumu risku mazin\u0101\u0161ana, atkl\u0101jot re\u0101los riskus un ieguvumus no ilgtsp\u0113j\u012bg\u0101m invest\u012bcij\u0101m ener\u0123\u0113tik\u0101, pamatojoties uz tirgus pier\u0101d\u012bjumiem un sasniegumiem, k\u0101 ar\u012b \u012bpa\u0161i ilgtsp\u0113j\u012bgas ener\u0123ijas veido\u0161anas finans\u0113\u0161anas produktu izstr\u0101di.<\/li><\/ol><p>RoundBaltic iesaiste var pal\u012bdz\u0113t veicin\u0101t \u0161o procesu un ir veids, k\u0101 atrast struktur\u0113tus risin\u0101jumus energoefektivit\u0101tes ieguld\u012bjumiem Polij\u0101, Latvij\u0101 un D\u0101nij\u0101. Tas notiks mijiedarb\u012bb\u0101 ar saist\u012bt\u0101m politikas iniciat\u012bv\u0101m, piem\u0113ram, Green Deal, Ener\u0123\u0113tikas savien\u012bbas p\u0101rvald\u012bbu un saist\u012btajiem Nacion\u0101lajiem Ener\u0123\u0113tikas un klimata pl\u0101niem, valsts finans\u0113juma programm\u0101m un SEI forumiem, kuru m\u0113r\u0137is ir savienot energoefektivit\u0101tes un finan\u0161u nozari vis\u0101 Eirop\u0101.<\/p>\t\t\t\t\t\t\t\t<\/div>\n\t\t\t\t<\/div>\n\t\t\t\t\t<\/div>\n\t\t<\/div>\n\t\t\t\t<div class=\"elementor-column elementor-col-50 elementor-top-column elementor-element elementor-element-555a8101\" data-id=\"555a8101\" data-element_type=\"column\" data-settings=\"{&quot;background_background&quot;:&quot;classic&quot;}\">\n\t\t\t<div class=\"elementor-widget-wrap elementor-element-populated\">\n\t\t\t\t\t\t<div class=\"elementor-element elementor-element-ea64394 elementor-widget elementor-widget-image\" data-id=\"ea64394\" data-element_type=\"widget\" data-widget_type=\"image.default\">\n\t\t\t\t<div class=\"elementor-widget-container\">\n\t\t\t\t\t\t\t\t\t\t\t\t\t\t\t<img fetchpriority=\"high\" decoding=\"async\" width=\"1024\" height=\"682\" src=\"https:\/\/roundbaltic.eu\/wp-content\/uploads\/2021\/04\/shutterstock_1718548003-1024x682.jpg\" class=\"attachment-large size-large wp-image-3787\" alt=\"\" srcset=\"https:\/\/roundbaltic.eu\/wp-content\/uploads\/2021\/04\/shutterstock_1718548003-1024x682.jpg 1024w, https:\/\/roundbaltic.eu\/wp-content\/uploads\/2021\/04\/shutterstock_1718548003-300x200.jpg 300w, https:\/\/roundbaltic.eu\/wp-content\/uploads\/2021\/04\/shutterstock_1718548003-768x511.jpg 768w, https:\/\/roundbaltic.eu\/wp-content\/uploads\/2021\/04\/shutterstock_1718548003-1536x1022.jpg 1536w, https:\/\/roundbaltic.eu\/wp-content\/uploads\/2021\/04\/shutterstock_1718548003-2048x1363.jpg 2048w\" sizes=\"(max-width: 1024px) 100vw, 1024px\" \/>\t\t\t\t\t\t\t\t\t\t\t\t\t\t\t<\/div>\n\t\t\t\t<\/div>\n\t\t\t\t\t<\/div>\n\t\t<\/div>\n\t\t\t\t\t<\/div>\n\t\t<\/section>\n\t\t\t\t<section class=\"elementor-section elementor-top-section elementor-element elementor-element-753cbac2 elementor-section-stretched elementor-reverse-mobile elementor-section-boxed elementor-section-height-default elementor-section-height-default\" data-id=\"753cbac2\" data-element_type=\"section\" data-settings=\"{&quot;stretch_section&quot;:&quot;section-stretched&quot;,&quot;background_background&quot;:&quot;classic&quot;}\">\n\t\t\t\t\t\t<div class=\"elementor-container elementor-column-gap-default\">\n\t\t\t\t\t<div class=\"elementor-column elementor-col-50 elementor-top-column elementor-element elementor-element-6696c2d7\" data-id=\"6696c2d7\" data-element_type=\"column\" data-settings=\"{&quot;background_background&quot;:&quot;classic&quot;}\">\n\t\t\t<div class=\"elementor-widget-wrap elementor-element-populated\">\n\t\t\t\t\t\t<div class=\"elementor-element elementor-element-fdf10da elementor-widget elementor-widget-image\" data-id=\"fdf10da\" data-element_type=\"widget\" data-widget_type=\"image.default\">\n\t\t\t\t<div class=\"elementor-widget-container\">\n\t\t\t\t\t\t\t\t\t\t\t\t\t\t\t<img decoding=\"async\" width=\"900\" height=\"1024\" src=\"https:\/\/roundbaltic.eu\/wp-content\/uploads\/2021\/05\/10.05.21-flyer-roundbaltic-tabel-900x1024.png\" class=\"attachment-large size-large wp-image-3605\" alt=\"\" srcset=\"https:\/\/roundbaltic.eu\/wp-content\/uploads\/2021\/05\/10.05.21-flyer-roundbaltic-tabel-900x1024.png 900w, https:\/\/roundbaltic.eu\/wp-content\/uploads\/2021\/05\/10.05.21-flyer-roundbaltic-tabel-264x300.png 264w, https:\/\/roundbaltic.eu\/wp-content\/uploads\/2021\/05\/10.05.21-flyer-roundbaltic-tabel-768x874.png 768w, https:\/\/roundbaltic.eu\/wp-content\/uploads\/2021\/05\/10.05.21-flyer-roundbaltic-tabel-1350x1536.png 1350w, https:\/\/roundbaltic.eu\/wp-content\/uploads\/2021\/05\/10.05.21-flyer-roundbaltic-tabel.png 1753w\" sizes=\"(max-width: 900px) 100vw, 900px\" \/>\t\t\t\t\t\t\t\t\t\t\t\t\t\t\t<\/div>\n\t\t\t\t<\/div>\n\t\t\t\t\t<\/div>\n\t\t<\/div>\n\t\t\t\t<div class=\"elementor-column elementor-col-50 elementor-top-column elementor-element elementor-element-447e63a1\" data-id=\"447e63a1\" data-element_type=\"column\">\n\t\t\t<div class=\"elementor-widget-wrap elementor-element-populated\">\n\t\t\t\t\t\t<div class=\"elementor-element elementor-element-575373e8 elementor-widget elementor-widget-heading\" data-id=\"575373e8\" data-element_type=\"widget\" data-widget_type=\"heading.default\">\n\t\t\t\t<div class=\"elementor-widget-container\">\n\t\t\t\t\t<h3 class=\"elementor-heading-title elementor-size-default\">Darb\u012bbas joma<\/h3>\t\t\t\t<\/div>\n\t\t\t\t<\/div>\n\t\t\t\t<div class=\"elementor-element elementor-element-5e97b04 elementor-widget elementor-widget-text-editor\" data-id=\"5e97b04\" data-element_type=\"widget\" data-widget_type=\"text-editor.default\">\n\t\t\t\t<div class=\"elementor-widget-container\">\n\t\t\t\t\t\t\t\t\t<p>RoundBaltic projekts izmanto ciklisku pieeju, k\u0101 tas par\u0101d\u012bts diagramm\u0101, \u0146emot v\u0113r\u0101 visp\u0101r\u0113jo m\u0113r\u0137i izveidot pamatu un impulsu energoefektivit\u0101tes ieguld\u012bjumiem tie\u0161aj\u0101s m\u0113r\u0137a valst\u012bs Polij\u0101, Latvij\u0101 un D\u0101nij\u0101.<\/p><p>SEI forumu apa\u013co galdu diskusijas pulc\u0113 finan\u0161u un energoefektivit\u0101tes nozaru p\u0101rst\u0101vjus, lai apspriestu un rastu risin\u0101jumus energoefektivit\u0101tes finans\u0113\u0161anas izaicin\u0101jumiem. Galven\u0101 uzman\u012bba ir, k\u0101 nodro\u0161in\u0101t ieguld\u012bjumiem draudz\u012bgu sist\u0113mu, vienlaikus izstr\u0101d\u0101jot finan\u0161u instrumentus saska\u0146\u0101 ar ES finan\u0161u p\u012bl\u0101riem, efekt\u012bv\u0101k izmantot publiskos l\u012bdzek\u013cus, ieviest atbalsta meh\u0101nismus projekta izstr\u0101d\u0113, k\u0101 ar\u012b mazin\u0101t riskus ieguld\u012bjumiem energoefektivit\u0101t\u0113.<\/p><p>Dialog\u0101 ar ieinteres\u0113taj\u0101m pus\u0113m ir paredz\u0113ts rast idejas un ieteikumus konkr\u0113t\u0101m liet\u0101m, lai veicin\u0101tu invest\u012bciju impulsu. \u0160o aktivit\u0101\u0161u ievie\u0161ana veicin\u0101s uzlabot ieguld\u012bjumu sist\u0113mu, ievie\u0161ot jaunus instrumentus tirgus att\u012bst\u012bbai un g\u016bstot m\u0101c\u012bbas no jau paveikt\u0101, lai uzlabotu turpm\u0101k\u0101s darb\u012bbas.<\/p>\t\t\t\t\t\t\t\t<\/div>\n\t\t\t\t<\/div>\n\t\t\t\t\t<\/div>\n\t\t<\/div>\n\t\t\t\t\t<\/div>\n\t\t<\/section>\n\t\t\t\t<\/div>\n\t\t","protected":false},"excerpt":{"rendered":"<p>Projekts Konteksts RoundBaltic projekta galvenais m\u0113r\u0137is ir atbalst\u012bt iniciat\u012bvas Vied\u0101s finanses vied\u0101m \u0113k\u0101m jeb Smart Finance for Smart Buildings (SFSB) ievie\u0161anu Baltijas j\u016bras re\u0123ion\u0101, jo \u012bpa\u0161i projekta tie\u0161\u0101s m\u0113r\u0137a valst\u012bs Polij\u0101, Latvij\u0101 un D\u0101nij\u0101. Tr\u012bs p\u012bl\u0101ri Vied\u0101s finanses viedaj\u0101m \u0113k\u0101m attiecas uz: Lab\u0101ka publisko l\u012bdzek\u013cu izmanto\u0161ana, maksim\u0101li palielinot to pieejam\u012bbu caur finan\u0161u instrumentiem, nov\u0113r\u0161ot konstat\u0113t\u0101s [&hellip;]<\/p>\n","protected":false},"author":1,"featured_media":0,"parent":0,"menu_order":0,"comment_status":"closed","ping_status":"closed","template":"","meta":{"inline_featured_image":false,"footnotes":""},"class_list":["post-2202","page","type-page","status-publish","hentry"],"_links":{"self":[{"href":"https:\/\/roundbaltic.eu\/lv\/wp-json\/wp\/v2\/pages\/2202","targetHints":{"allow":["GET"]}}],"collection":[{"href":"https:\/\/roundbaltic.eu\/lv\/wp-json\/wp\/v2\/pages"}],"about":[{"href":"https:\/\/roundbaltic.eu\/lv\/wp-json\/wp\/v2\/types\/page"}],"author":[{"embeddable":true,"href":"https:\/\/roundbaltic.eu\/lv\/wp-json\/wp\/v2\/users\/1"}],"replies":[{"embeddable":true,"href":"https:\/\/roundbaltic.eu\/lv\/wp-json\/wp\/v2\/comments?post=2202"}],"version-history":[{"count":25,"href":"https:\/\/roundbaltic.eu\/lv\/wp-json\/wp\/v2\/pages\/2202\/revisions"}],"predecessor-version":[{"id":13618,"href":"https:\/\/roundbaltic.eu\/lv\/wp-json\/wp\/v2\/pages\/2202\/revisions\/13618"}],"wp:attachment":[{"href":"https:\/\/roundbaltic.eu\/lv\/wp-json\/wp\/v2\/media?parent=2202"}],"curies":[{"name":"wp","href":"https:\/\/api.w.org\/{rel}","templated":true}]}}