{"id":2356,"date":"2021-04-22T11:42:37","date_gmt":"2021-04-22T09:42:37","guid":{"rendered":"http:\/\/roundbaltic.eu.185-31-79-130.nmsrv02.dk\/?page_id=2356"},"modified":"2023-09-06T15:40:16","modified_gmt":"2023-09-06T13:40:16","slug":"latvija","status":"publish","type":"page","link":"https:\/\/roundbaltic.eu\/lv\/community\/latvija\/","title":{"rendered":"Latvija"},"content":{"rendered":"\t\t<div data-elementor-type=\"wp-page\" data-elementor-id=\"2356\" class=\"elementor elementor-2356\" data-elementor-post-type=\"page\">\n\t\t\t\t\t\t<section class=\"elementor-section elementor-top-section elementor-element elementor-element-4a233c1 elementor-section-boxed elementor-section-height-default elementor-section-height-default\" data-id=\"4a233c1\" data-element_type=\"section\">\n\t\t\t\t\t\t<div class=\"elementor-container elementor-column-gap-default\">\n\t\t\t\t\t<div class=\"elementor-column elementor-col-100 elementor-top-column elementor-element elementor-element-5b1705f\" data-id=\"5b1705f\" data-element_type=\"column\">\n\t\t\t<div class=\"elementor-widget-wrap\">\n\t\t\t\t\t\t\t<\/div>\n\t\t<\/div>\n\t\t\t\t\t<\/div>\n\t\t<\/section>\n\t\t\t\t<section class=\"elementor-section elementor-top-section elementor-element elementor-element-8167c15 elementor-section-stretched elementor-section-boxed elementor-section-height-default elementor-section-height-default\" data-id=\"8167c15\" data-element_type=\"section\" data-settings=\"{&quot;background_background&quot;:&quot;classic&quot;,&quot;stretch_section&quot;:&quot;section-stretched&quot;}\">\n\t\t\t\t\t\t\t<div class=\"elementor-background-overlay\"><\/div>\n\t\t\t\t\t\t\t<div class=\"elementor-container elementor-column-gap-default\">\n\t\t\t\t\t<div class=\"elementor-column elementor-col-100 elementor-top-column elementor-element elementor-element-15c495ee\" data-id=\"15c495ee\" data-element_type=\"column\">\n\t\t\t<div class=\"elementor-widget-wrap elementor-element-populated\">\n\t\t\t\t\t\t<div class=\"elementor-element elementor-element-7c8962e8 elementor-widget elementor-widget-heading\" data-id=\"7c8962e8\" data-element_type=\"widget\" data-widget_type=\"heading.default\">\n\t\t\t\t<div class=\"elementor-widget-container\">\n\t\t\t\t\t<h2 class=\"elementor-heading-title elementor-size-default\">Latvija<\/h2>\t\t\t\t<\/div>\n\t\t\t\t<\/div>\n\t\t\t\t\t<\/div>\n\t\t<\/div>\n\t\t\t\t\t<\/div>\n\t\t<\/section>\n\t\t\t\t<section class=\"elementor-section elementor-top-section elementor-element elementor-element-f354f6c elementor-section-full_width elementor-section-stretched elementor-section-height-default elementor-section-height-default\" data-id=\"f354f6c\" data-element_type=\"section\" data-settings=\"{&quot;stretch_section&quot;:&quot;section-stretched&quot;,&quot;background_background&quot;:&quot;classic&quot;}\">\n\t\t\t\t\t\t<div class=\"elementor-container elementor-column-gap-default\">\n\t\t\t\t\t<div class=\"elementor-column elementor-col-50 elementor-top-column elementor-element elementor-element-8ac5361 halfImgTextAlignLeft\" data-id=\"8ac5361\" data-element_type=\"column\">\n\t\t\t<div class=\"elementor-widget-wrap elementor-element-populated\">\n\t\t\t\t\t\t<div class=\"elementor-element elementor-element-4f7fe21 elementor-widget elementor-widget-heading\" data-id=\"4f7fe21\" data-element_type=\"widget\" data-widget_type=\"heading.default\">\n\t\t\t\t<div class=\"elementor-widget-container\">\n\t\t\t\t\t<h3 class=\"elementor-heading-title elementor-size-default\">RoundBaltic Latvij\u0101<\/h3>\t\t\t\t<\/div>\n\t\t\t\t<\/div>\n\t\t\t\t<div class=\"elementor-element elementor-element-826f348 elementor-widget elementor-widget-text-editor\" data-id=\"826f348\" data-element_type=\"widget\" data-widget_type=\"text-editor.default\">\n\t\t\t\t<div class=\"elementor-widget-container\">\n\t\t\t\t\t\t\t\t\t<p>SEI foruma aktivit\u0101tes Latvij\u0101 ir biju\u0161as vair\u0101kas &#8211; konference R\u012bg\u0101 2016. gada 11. novembr\u012b, kurai sekoja divas apa\u013co galdu diskusijas. Pirmais apa\u013cais galds notika R\u012bg\u0101 2018. gada 26. apr\u012bl\u012b, bet otrais &#8211; 2019. gada 10. apr\u012bl\u012b.<\/p><p>RoundBaltic sekos \u0161o iepriek\u0161\u0113jo diskusiju ieteikumiem, lai tos izpild\u012btu un ieviestu ar\u012b re\u0123ion\u0101l\u0101 l\u012bmen\u012b. Kopum\u0101 Latvij\u0101 tiek pl\u0101notas tr\u012bs nacion\u0101la m\u0113roga apa\u013c\u0101 galda diskusijas, ko papildin\u0101s 2 re\u0123ion\u0101l\u0101s apa\u013c\u0101 galda diskusijas\u00a0 katr\u0101 no 2 re\u0123ioniem.<\/p>\t\t\t\t\t\t\t\t<\/div>\n\t\t\t\t<\/div>\n\t\t\t\t\t<\/div>\n\t\t<\/div>\n\t\t\t\t<div class=\"elementor-column elementor-col-50 elementor-top-column elementor-element elementor-element-5f17432\" data-id=\"5f17432\" data-element_type=\"column\" data-settings=\"{&quot;background_background&quot;:&quot;classic&quot;}\">\n\t\t\t<div class=\"elementor-widget-wrap elementor-element-populated\">\n\t\t\t\t\t\t<div class=\"elementor-element elementor-element-ca4d802 elementor-widget elementor-widget-shortcode\" data-id=\"ca4d802\" data-element_type=\"widget\" data-widget_type=\"shortcode.default\">\n\t\t\t\t<div class=\"elementor-widget-container\">\n\t\t\t\t\t\t\t<div class=\"elementor-shortcode\"><div class=\"map_wrapper\" id=\"map_wrapper_13554\">\n<div class=\"map_box\" style=\"max-width:2200px\">\n<div class=\"map_aspect_ratio\" style=\"padding-top:56%\" data-padding-top=\"56%\" data-padding-top-mobile=\"0%\">\n<div class=\"map_container\">\n<div class=\"map_render map_loading\" id=\"map_13554\"><\/div>\n<\/div>\n<\/div>\n<\/div>\n<\/div><\/div>\n\t\t\t\t\t\t<\/div>\n\t\t\t\t<\/div>\n\t\t\t\t\t<\/div>\n\t\t<\/div>\n\t\t\t\t\t<\/div>\n\t\t<\/section>\n\t\t\t\t<section class=\"elementor-section elementor-top-section elementor-element elementor-element-4dee32f elementor-section-boxed elementor-section-height-default elementor-section-height-default\" data-id=\"4dee32f\" data-element_type=\"section\">\n\t\t\t\t\t\t<div class=\"elementor-container elementor-column-gap-default\">\n\t\t\t\t\t<div class=\"elementor-column elementor-col-100 elementor-top-column elementor-element elementor-element-9239204\" data-id=\"9239204\" data-element_type=\"column\">\n\t\t\t<div class=\"elementor-widget-wrap elementor-element-populated\">\n\t\t\t\t\t\t<div class=\"elementor-element elementor-element-e876e82 elementor-widget elementor-widget-heading\" data-id=\"e876e82\" data-element_type=\"widget\" data-widget_type=\"heading.default\">\n\t\t\t\t<div class=\"elementor-widget-container\">\n\t\t\t\t\t<h2 class=\"elementor-heading-title elementor-size-default\">Situ\u0101cija Latvij\u0101 EE finans\u0113\u0161an\u0101 <\/h2>\t\t\t\t<\/div>\n\t\t\t\t<\/div>\n\t\t\t\t\t<\/div>\n\t\t<\/div>\n\t\t\t\t\t<\/div>\n\t\t<\/section>\n\t\t\t\t<section class=\"elementor-section elementor-top-section elementor-element elementor-element-f49540a elementor-section-boxed elementor-section-height-default elementor-section-height-default\" data-id=\"f49540a\" data-element_type=\"section\">\n\t\t\t\t\t\t<div class=\"elementor-container elementor-column-gap-default\">\n\t\t\t\t\t<div class=\"elementor-column elementor-col-50 elementor-top-column elementor-element elementor-element-81cad35\" data-id=\"81cad35\" data-element_type=\"column\">\n\t\t\t<div class=\"elementor-widget-wrap elementor-element-populated\">\n\t\t\t\t\t\t<div class=\"elementor-element elementor-element-c206990 elementor-widget elementor-widget-text-editor\" data-id=\"c206990\" data-element_type=\"widget\" data-widget_type=\"text-editor.default\">\n\t\t\t\t<div class=\"elementor-widget-container\">\n\t\t\t\t\t\t\t\t\t<p>Regula par Ener\u0123\u0113tikas Savien\u012bbas p\u0101rvald\u012bbu liek ES dal\u012bbvalst\u012bm izstr\u0101d\u0101t un \u012bstenot Nacion\u0101lo ener\u0123\u0113tikas un klimata pl\u0101nu 2021. \u2013 2030. gadam (NEKP), kur\u0101 noteikti jauni klimata un ener\u0123\u0113tikas m\u0113r\u0137i. Ener\u0123\u0113tikas un klimata m\u0113r\u0137u sasnieg\u0161ana galvenok\u0101rt ir saist\u012bta ar piem\u0113rotas politikas esam\u012bbu un invest\u012bciju pieejam\u012bbu jauniem EE un AER projektiem.<\/p><p>Apl\u016bkojot pieejamo inform\u0101ciju un potenci\u0101los NEKP paredz\u0113tos finans\u0113juma avotus, \u0161\u0137iet, ka priv\u0101tie ieguld\u012bjumi netiek pie\u0161\u0137irti, kaut ar\u012b to v\u0113rt\u012bbai gadu no gada vajadz\u0113tu pieaugt. Nov\u0113rt\u0113jot pieejamo inform\u0101ciju par veiktajiem ieguld\u012bjumiem, \u0161\u0137iet, ka ES fondiem ir galven\u0101 loma EE un AER projektu izstr\u0101d\u0113. Pa\u0161laik ES l\u012bdzek\u013cus galvenok\u0101rt izmanto dot\u0101ciju veid\u0101.<\/p><p>V\u0113rt\u0113jot invest\u012bcijas, kas ieguld\u012btas tehnolo\u0123ij\u0101s un projektos, var secin\u0101t, ka tie galvenok\u0101rt veikti \u0113ku renov\u0101cijas jom\u0101, savuk\u0101rt AER tirg\u016b ieguld\u012btas bioener\u0123ijas projektos. V\u0113l viens svar\u012bgs r\u0101d\u012bt\u0101js ir invest\u012bcijas, piem\u0113ram, lielu elektroapg\u0101des uz\u0146\u0113mumu, piem\u0113ram, AS Latvenergo, hidroener\u0123ijas projektos.<\/p><p>T\u0101 k\u0101 valsts bud\u017eets un ES fondi nevar nodro\u0161in\u0101t nepiecie\u0161am\u0101s invest\u012bcijas piln\u012bb\u0101, ir svar\u012bgi veikt p\u0113t\u012bjumu, lai p\u0101rbaud\u012btu gan nepiecie\u0161amo invest\u012bciju apjomu atbilsto\u0161i NECP priorit\u0101t\u0113m, gan piem\u0113rus priv\u0101to ieguld\u012bjumu mobiliz\u0113\u0161anai ilgtsp\u0113j\u012bgos projektos. <br \/>ES fondiem ir noz\u012bm\u012bga loma kop\u0113jos ieguld\u012bjumos un priv\u0101to ieguld\u012bjumu veicin\u0101\u0161an\u0101. Tom\u0113r pa\u0161reiz\u0113jo ES finans\u0113jumu galvenok\u0101rt izmanto dot\u0101ciju veid\u0101. Cikliska pieeja ar da\u017e\u0101du ieguld\u012bjumu l\u012bmeni vair\u0101ku gadu laik\u0101. Citi finan\u0161u instrumenti: ALTUM emit\u0113t\u0101s za\u013c\u0101s oblig\u0101cijas \u013cauj aiz\u0146emties energoefektivit\u0101tes un AER projektiem.<\/p><p>ES dot\u0101cijas faktiski veido 42% no klimata invest\u012bciju finans\u0113juma Latvij\u0101, 29% no priv\u0101t\u0101 sektora un 29% no valsts bud\u017eeta. \u0160\u0137iet, ka AER izdevumi ir gandr\u012bz piecas reizes maz\u0101ki nek\u0101 EE uz\u0146\u0113mumos. Ja m\u0113s at\u0146emtu ieguld\u012bjumus, ko veica valsts elektroener\u0123ijas pakalpojumu uz\u0146\u0113mums, m\u0113s varam secin\u0101t, ka ieguld\u012bjumi AER ir iev\u0113rojami maz\u0101ki.<\/p><p>63% no kop\u0113j\u0101m invest\u012bcij\u0101m tiek ieguld\u012btas \u0113k\u0101s (42% invest\u012bciju tiek ieguld\u012btas sabiedrisk\u0101s \u0113k\u0101s). V\u0113rt\u0113jot invest\u012bcijas guvu\u0161\u0101s tehnolo\u0123ijas un projektus, var secin\u0101t, ka tie galvenok\u0101rt veikti \u0113ku renov\u0101cij\u0101, savuk\u0101rt AER tirg\u016b ieguld\u012btas bioener\u0123ijas projektos.<\/p><p>Ar\u012b ieguld\u012bjumi pa\u0161vald\u012bbu sektor\u0101 un sabiedriskaj\u0101s \u0113k\u0101s galvenok\u0101rt ir saist\u012bti ar ES fondu un valsts kases aizdevumu izmanto\u0161anu.<\/p>\t\t\t\t\t\t\t\t<\/div>\n\t\t\t\t<\/div>\n\t\t\t\t\t<\/div>\n\t\t<\/div>\n\t\t\t\t<div class=\"elementor-column elementor-col-50 elementor-top-column elementor-element elementor-element-c4bf413\" data-id=\"c4bf413\" data-element_type=\"column\">\n\t\t\t<div class=\"elementor-widget-wrap elementor-element-populated\">\n\t\t\t\t\t\t<div class=\"elementor-element elementor-element-928393a elementor-widget elementor-widget-image\" data-id=\"928393a\" data-element_type=\"widget\" data-widget_type=\"image.default\">\n\t\t\t\t<div class=\"elementor-widget-container\">\n\t\t\t\t\t\t\t\t\t\t\t\t\t\t\t<img fetchpriority=\"high\" decoding=\"async\" width=\"1024\" height=\"729\" src=\"https:\/\/roundbaltic.eu\/wp-content\/uploads\/2021\/05\/iStock-538895150-1024x729.jpg\" class=\"attachment-large size-large wp-image-3061\" alt=\"\" srcset=\"https:\/\/roundbaltic.eu\/wp-content\/uploads\/2021\/05\/iStock-538895150-1024x729.jpg 1024w, https:\/\/roundbaltic.eu\/wp-content\/uploads\/2021\/05\/iStock-538895150-300x214.jpg 300w, https:\/\/roundbaltic.eu\/wp-content\/uploads\/2021\/05\/iStock-538895150-768x547.jpg 768w, https:\/\/roundbaltic.eu\/wp-content\/uploads\/2021\/05\/iStock-538895150-1536x1094.jpg 1536w, https:\/\/roundbaltic.eu\/wp-content\/uploads\/2021\/05\/iStock-538895150-2048x1458.jpg 2048w\" sizes=\"(max-width: 1024px) 100vw, 1024px\" \/>\t\t\t\t\t\t\t\t\t\t\t\t\t\t\t<\/div>\n\t\t\t\t<\/div>\n\t\t\t\t\t<\/div>\n\t\t<\/div>\n\t\t\t\t\t<\/div>\n\t\t<\/section>\n\t\t\t\t<\/div>\n\t\t","protected":false},"excerpt":{"rendered":"<p>Latvija RoundBaltic Latvij\u0101 SEI foruma aktivit\u0101tes Latvij\u0101 ir biju\u0161as vair\u0101kas &#8211; konference R\u012bg\u0101 2016. gada 11. novembr\u012b, kurai sekoja divas apa\u013co galdu diskusijas. Pirmais apa\u013cais galds notika R\u012bg\u0101 2018. gada 26. apr\u012bl\u012b, bet otrais &#8211; 2019. gada 10. apr\u012bl\u012b. RoundBaltic sekos \u0161o iepriek\u0161\u0113jo diskusiju ieteikumiem, lai tos izpild\u012btu un ieviestu ar\u012b re\u0123ion\u0101l\u0101 l\u012bmen\u012b. Kopum\u0101 Latvij\u0101 [&hellip;]<\/p>\n","protected":false},"author":1,"featured_media":0,"parent":2174,"menu_order":0,"comment_status":"closed","ping_status":"closed","template":"","meta":{"inline_featured_image":false,"footnotes":""},"class_list":["post-2356","page","type-page","status-publish","hentry"],"_links":{"self":[{"href":"https:\/\/roundbaltic.eu\/lv\/wp-json\/wp\/v2\/pages\/2356","targetHints":{"allow":["GET"]}}],"collection":[{"href":"https:\/\/roundbaltic.eu\/lv\/wp-json\/wp\/v2\/pages"}],"about":[{"href":"https:\/\/roundbaltic.eu\/lv\/wp-json\/wp\/v2\/types\/page"}],"author":[{"embeddable":true,"href":"https:\/\/roundbaltic.eu\/lv\/wp-json\/wp\/v2\/users\/1"}],"replies":[{"embeddable":true,"href":"https:\/\/roundbaltic.eu\/lv\/wp-json\/wp\/v2\/comments?post=2356"}],"version-history":[{"count":47,"href":"https:\/\/roundbaltic.eu\/lv\/wp-json\/wp\/v2\/pages\/2356\/revisions"}],"predecessor-version":[{"id":13563,"href":"https:\/\/roundbaltic.eu\/lv\/wp-json\/wp\/v2\/pages\/2356\/revisions\/13563"}],"up":[{"embeddable":true,"href":"https:\/\/roundbaltic.eu\/lv\/wp-json\/wp\/v2\/pages\/2174"}],"wp:attachment":[{"href":"https:\/\/roundbaltic.eu\/lv\/wp-json\/wp\/v2\/media?parent=2356"}],"curies":[{"name":"wp","href":"https:\/\/api.w.org\/{rel}","templated":true}]}}