{"id":2229,"date":"2020-12-09T09:45:57","date_gmt":"2020-12-09T08:45:57","guid":{"rendered":"http:\/\/roundbaltic.eu.185-31-79-130.nmsrv02.dk\/news-and-events\/"},"modified":"2021-07-09T11:15:54","modified_gmt":"2021-07-09T09:15:54","slug":"wiadomosci-i-wydarzenia","status":"publish","type":"page","link":"https:\/\/roundbaltic.eu\/pl\/wiadomosci-i-wydarzenia\/","title":{"rendered":"Wiadomo\u015bci i Wydarzenia"},"content":{"rendered":"\t\t<div data-elementor-type=\"wp-page\" data-elementor-id=\"2229\" class=\"elementor elementor-2229 elementor-38\" data-elementor-post-type=\"page\">\n\t\t\t\t\t\t<section class=\"elementor-section elementor-top-section elementor-element elementor-element-6e3b62fe elementor-section-stretched elementor-section-boxed elementor-section-height-default elementor-section-height-default\" data-id=\"6e3b62fe\" data-element_type=\"section\" data-settings=\"{&quot;background_background&quot;:&quot;classic&quot;,&quot;stretch_section&quot;:&quot;section-stretched&quot;}\">\n\t\t\t\t\t\t\t<div class=\"elementor-background-overlay\"><\/div>\n\t\t\t\t\t\t\t<div class=\"elementor-container elementor-column-gap-default\">\n\t\t\t\t\t<div class=\"elementor-column elementor-col-100 elementor-top-column elementor-element elementor-element-33f584d3\" data-id=\"33f584d3\" data-element_type=\"column\">\n\t\t\t<div class=\"elementor-widget-wrap elementor-element-populated\">\n\t\t\t\t\t\t<div class=\"elementor-element elementor-element-be15abf elementor-widget elementor-widget-heading\" data-id=\"be15abf\" data-element_type=\"widget\" data-widget_type=\"heading.default\">\n\t\t\t\t<div class=\"elementor-widget-container\">\n\t\t\t\t\t<h2 class=\"elementor-heading-title elementor-size-default\">Aktualno\u015bci i wydarzenia<\/h2>\t\t\t\t<\/div>\n\t\t\t\t<\/div>\n\t\t\t\t\t<\/div>\n\t\t<\/div>\n\t\t\t\t\t<\/div>\n\t\t<\/section>\n\t\t\t\t<section class=\"elementor-section elementor-top-section elementor-element elementor-element-fb611f1 elementor-section-boxed elementor-section-height-default elementor-section-height-default\" data-id=\"fb611f1\" data-element_type=\"section\">\n\t\t\t\t\t\t<div class=\"elementor-container elementor-column-gap-default\">\n\t\t\t\t\t<div class=\"elementor-column elementor-col-100 elementor-top-column elementor-element elementor-element-f821f91\" data-id=\"f821f91\" data-element_type=\"column\">\n\t\t\t<div class=\"elementor-widget-wrap elementor-element-populated\">\n\t\t\t\t\t\t<div class=\"elementor-element elementor-element-a4bf10a elementor-widget elementor-widget-heading\" data-id=\"a4bf10a\" data-element_type=\"widget\" data-widget_type=\"heading.default\">\n\t\t\t\t<div class=\"elementor-widget-container\">\n\t\t\t\t\t<h3 class=\"elementor-heading-title elementor-size-default\"><a href=\"https:\/\/roundbaltic.eu\/news-and-events\/news\/\">Aktualno\u015bci<\/a><\/h3>\t\t\t\t<\/div>\n\t\t\t\t<\/div>\n\t\t\t\t<div class=\"elementor-element elementor-element-b1af598 elementor-widget elementor-widget-tp-dynamic-listing\" data-id=\"b1af598\" data-element_type=\"widget\" data-widget_type=\"tp-dynamic-listing.default\">\n\t\t\t\t<div class=\"elementor-widget-container\">\n\t\t\t\t\t<div id=\"pt-plus-dynamic-listing\" class=\"dynamic-listing post69f4c0eb3a99b  list-isotope-metro  dynamic-listing-style-1 hover-image-style-1     tp-dy-l-type-page_listing \"    data-layout-type=\"metro\"  data-metro-columns=\"3\"  data-metro-style=\"style-4\"  data-tablet-metro-columns=\"3\" data-tablet-metro-style=\"style-1\"  data-id=\"post69f4c0eb3a99b\" data-style=\"style-1\"   dir= data-enable-isotope=\"1\" filter-type = \"normal\"><div id=\"post69f4c0eb3a99b\" class=\"tp-row post-inner-loop   post69f4c0eb3a99b    tp_list\" data-extparam= '{\"loading-opt\":\"skeleton\",\"URL-para\":\"\"}'    \"  data-widgetId = b1af598><div class=\"grid-item metro-item1 tb-metro-item1     \"><article id=\"post-2839\" class=\"post-2839 post type-post status-publish format-standard has-post-thumbnail hentry category-news-pl\">\r\n\t<div class=\"blog-list-content\">\r\n\t\t\t\t\t\t<div class=\"post-content-bottom\">\r\n\t\t\t\t\t\t<h4 class=\"post-title\">\r\n\t<a href=\"https:\/\/roundbaltic.eu\/pl\/rozpoczecie-projektu\/\" class=\"normal\">Rozpocz\u0119cie projektu RoundBaltic<\/a>\r\n<\/h4>\r\n\t\t\t<div class=\"post-hover-content\">\r\n\t\t\t\t<div class=\"entry-content\">\r\n\t<p>Nadrz\u0119dnym celem projektu RoundBaltic jest wspieranie wdra\u017cania inicjatywy Smart Finance for Smart Buildings (SFSB) w regionie Morza Ba\u0142tyckiego, w szczeg\u00f3lno\u015bci w krajach docelowych projektu...<\/p>\r\n<\/div>\r\n\t\t\t\t\t\t\t\t\t\t\t\t\r\n\t\t\t<\/div>\r\n\t\t<\/div>\r\n\t\t\t\t\t<a href=\"https:\/\/roundbaltic.eu\/pl\/rozpoczecie-projektu\/\"><div class=\"blog-bg-image-metro \" style=\"background:url(https:\/\/roundbaltic.eu\/wp-content\/uploads\/2021\/04\/shutterstock_1811605264-v2-scaled.jpg) #f7f7f7;\" ><\/div><\/a>\r\n\t\t\t\t<\/div>\r\n<\/article>\r\n<\/div><\/div><\/div>\t\t\t\t<\/div>\n\t\t\t\t<\/div>\n\t\t\t\t<div class=\"elementor-element elementor-element-0b8e696 elementor-widget elementor-widget-button\" data-id=\"0b8e696\" data-element_type=\"widget\" data-widget_type=\"button.default\">\n\t\t\t\t<div class=\"elementor-widget-container\">\n\t\t\t\t\t\t\t\t\t<div class=\"elementor-button-wrapper\">\n\t\t\t\t\t<a class=\"elementor-button elementor-button-link elementor-size-sm\" href=\"https:\/\/roundbaltic.eu\/news-and-events\/news\/\">\n\t\t\t\t\t\t<span class=\"elementor-button-content-wrapper\">\n\t\t\t\t\t\t\t\t\t<span class=\"elementor-button-text\">Znajd\u017a wi\u0119cej wiadomo\u015bci<\/span>\n\t\t\t\t\t<\/span>\n\t\t\t\t\t<\/a>\n\t\t\t\t<\/div>\n\t\t\t\t\t\t\t\t<\/div>\n\t\t\t\t<\/div>\n\t\t\t\t\t<\/div>\n\t\t<\/div>\n\t\t\t\t\t<\/div>\n\t\t<\/section>\n\t\t\t\t<section class=\"elementor-section elementor-top-section elementor-element elementor-element-ec50a23 elementor-section-boxed elementor-section-height-default elementor-section-height-default\" data-id=\"ec50a23\" data-element_type=\"section\">\n\t\t\t\t\t\t<div class=\"elementor-container elementor-column-gap-default\">\n\t\t\t\t\t<div class=\"elementor-column elementor-col-100 elementor-top-column elementor-element elementor-element-213d08b\" data-id=\"213d08b\" data-element_type=\"column\">\n\t\t\t<div class=\"elementor-widget-wrap elementor-element-populated\">\n\t\t\t\t\t\t<div class=\"elementor-element elementor-element-4cdcf24 elementor-widget elementor-widget-heading\" data-id=\"4cdcf24\" data-element_type=\"widget\" data-widget_type=\"heading.default\">\n\t\t\t\t<div class=\"elementor-widget-container\">\n\t\t\t\t\t<h3 class=\"elementor-heading-title elementor-size-default\"><a href=\"https:\/\/roundbaltic.eu\/news-and-events\/events\/\">Wydarzenia<\/a><\/h3>\t\t\t\t<\/div>\n\t\t\t\t<\/div>\n\t\t\t\t<div class=\"elementor-element elementor-element-896aa11 elementor-widget elementor-widget-tp-dynamic-listing\" data-id=\"896aa11\" data-element_type=\"widget\" data-widget_type=\"tp-dynamic-listing.default\">\n\t\t\t\t<div class=\"elementor-widget-container\">\n\t\t\t\t\t<div id=\"pt-plus-dynamic-listing\" class=\"dynamic-listing post69f4c0eb3fc11  list-isotope-metro  dynamic-listing-style-1 hover-image-style-1     tp-dy-l-type-page_listing \"    data-layout-type=\"metro\"  data-metro-columns=\"3\"  data-metro-style=\"style-4\"  data-tablet-metro-columns=\"3\" data-tablet-metro-style=\"style-1\"  data-id=\"post69f4c0eb3fc11\" data-style=\"style-1\"   dir= data-enable-isotope=\"1\" filter-type = \"normal\"><div id=\"post69f4c0eb3fc11\" class=\"tp-row post-inner-loop   post69f4c0eb3fc11    tp_list\" data-extparam= '{\"loading-opt\":\"skeleton\",\"URL-para\":\"\"}'    \"  data-widgetId = 896aa11><div class=\"grid-item metro-item1 tb-metro-item1     \"><article id=\"post-14230\" class=\"post-14230 post type-post status-publish format-standard has-post-thumbnail hentry category-events-pl-2\">\r\n\t<div class=\"blog-list-content\">\r\n\t\t\t\t\t\t<div class=\"post-content-bottom\">\r\n\t\t\t\t\t\t<h4 class=\"post-title\">\r\n\t<a href=\"https:\/\/roundbaltic.eu\/pl\/trzeci-krajowy-okragly-stol-w-polsce\/\" class=\"normal\">Trzeci Krajowy Okr\u0105g\u0142y St\u00f3\u0142 w Polsce<\/a>\r\n<\/h4>\r\n\t\t\t<div class=\"post-hover-content\">\r\n\t\t\t\t<div class=\"entry-content\">\r\n\t<p><b>29 czerwca 2023 r., Wydarzenie fizyczne <\/b> <BR> Trzeci Krajowy Okr\u0105g\u0142y St\u00f3\u0142 w Polsce skupi\u0142 si\u0119 na trzech tematach:  Wp\u0142yw unijnej taxanomii; Us\u0142ugi...<\/p>\r\n<\/div>\r\n\t\t\t\t\t\t\t\t\t\t\t\t\r\n\t\t\t<\/div>\r\n\t\t<\/div>\r\n\t\t\t\t\t<a href=\"https:\/\/roundbaltic.eu\/pl\/trzeci-krajowy-okragly-stol-w-polsce\/\"><div class=\"blog-bg-image-metro \" style=\"background:url(https:\/\/roundbaltic.eu\/wp-content\/uploads\/2023\/10\/shutterstock_694992910-scaled.jpg) #f7f7f7;\" ><\/div><\/a>\r\n\t\t\t\t<\/div>\r\n<\/article>\r\n<\/div><div class=\"grid-item metro-item2 tb-metro-item2     \"><article id=\"post-13763\" class=\"post-13763 post type-post status-publish format-standard has-post-thumbnail hentry category-events-pl-3 category-events-pl-2 category-events-pl-pl category-nrtpl-pl\">\r\n\t<div class=\"blog-list-content\">\r\n\t\t\t\t\t\t<div class=\"post-content-bottom\">\r\n\t\t\t\t\t\t<h4 class=\"post-title\">\r\n\t<a href=\"https:\/\/roundbaltic.eu\/pl\/first-national-roundtable-in-poland\/\" class=\"normal\">Pierwszy Krajowy Okr\u0105g\u0142y St\u00f3\u0142 w Polsce<\/a>\r\n<\/h4>\r\n\t\t\t<div class=\"post-hover-content\">\r\n\t\t\t\t<div class=\"entry-content\">\r\n\t<p><b>23 - 24 marca 2021, Online<\/b> <BR> Wydarzenie zosta\u0142o zorganizowane przez polskiego partnera RoundBaltic SAPE we wsp\u00f3\u0142pracy z Ministerstwem Rozwoju i Zwi\u0105zkiem Bank\u00f3w Polskich.\r\n<\/p>\r\n<\/div>\r\n\t\t\t\t\t\t\t\t\t\t\t\t\r\n\t\t\t<\/div>\r\n\t\t<\/div>\r\n\t\t\t\t\t<a href=\"https:\/\/roundbaltic.eu\/pl\/first-national-roundtable-in-poland\/\"><div class=\"blog-bg-image-metro \" style=\"background:url(https:\/\/roundbaltic.eu\/wp-content\/uploads\/2021\/05\/shutterstock_1325562833-scaled-e1621513022450.jpg) #f7f7f7;\" ><\/div><\/a>\r\n\t\t\t\t<\/div>\r\n<\/article>\r\n<\/div><div class=\"grid-item metro-item3 tb-metro-item3     \"><article id=\"post-13747\" class=\"post-13747 post type-post status-publish format-standard has-post-thumbnail hentry category-events-pl-3 category-events-pl-2 category-events-pl-pl category-nrtpl-pl\">\r\n\t<div class=\"blog-list-content\">\r\n\t\t\t\t\t\t<div class=\"post-content-bottom\">\r\n\t\t\t\t\t\t<h4 class=\"post-title\">\r\n\t<a href=\"https:\/\/roundbaltic.eu\/pl\/second-national-roundtable-in-poland\/\" class=\"normal\">Drugi Krajowy Okr\u0105g\u0142y St\u00f3\u0142 w Polsce<\/a>\r\n<\/h4>\r\n\t\t\t<div class=\"post-hover-content\">\r\n\t\t\t\t<div class=\"entry-content\">\r\n\t<p><b>25 maja 2022 r., wydarzenie fizyczne <\/b> <BR> Drugi Krajowy Okr\u0105g\u0142y St\u00f3\u0142 w Polsce skupi\u0142 si\u0119 na trzech tematach:  Zintegrowane us\u0142ugi na rzecz...<\/p>\r\n<\/div>\r\n\t\t\t\t\t\t\t\t\t\t\t\t\r\n\t\t\t<\/div>\r\n\t\t<\/div>\r\n\t\t\t\t\t<a href=\"https:\/\/roundbaltic.eu\/pl\/second-national-roundtable-in-poland\/\"><div class=\"blog-bg-image-metro \" style=\"background:url(https:\/\/roundbaltic.eu\/wp-content\/uploads\/2023\/03\/shutterstock_1428299993-scaled.jpg) #f7f7f7;\" ><\/div><\/a>\r\n\t\t\t\t<\/div>\r\n<\/article>\r\n<\/div><div class=\"grid-item metro-item4 tb-metro-item4     \"><article id=\"post-7070\" class=\"post-7070 post type-post status-publish format-standard has-post-thumbnail hentry category-events-pl-2\">\r\n\t<div class=\"blog-list-content\">\r\n\t\t\t\t\t\t<div class=\"post-content-bottom\">\r\n\t\t\t\t\t\t<h4 class=\"post-title\">\r\n\t<a href=\"https:\/\/roundbaltic.eu\/pl\/pierwszy-regionalny-okragly-stol-wojewodztwa-dolnoslaskiego\/\" class=\"normal\">Pierwszy Regionalny Okr\u0105g\u0142y St\u00f3\u0142 wojew\u00f3dztwa  Dolno\u015bl\u0105skiego...<\/a>\r\n<\/h4>\r\n\t\t\t<div class=\"post-hover-content\">\r\n\t\t\t\t<div class=\"entry-content\">\r\n\t<p>Pierwszy Regionalny Okr\u0105g\u0142y St\u00f3\u0142 wojew\u00f3dztwa dolno\u015bl\u0105skiegodotycz\u0105cy Finansowania Efektywno\u015bci Energetycznej odby\u0142 si\u0119 17 czerwca 2021 roku.&nbsp;Tematy, kt\u00f3re zosta\u0142y poruszone podczas spotkania to: Finansowanie renowacji budynk\u00f3w...<\/p>\r\n<\/div>\r\n\t\t\t\t\t\t\t\t\t\t\t\t\r\n\t\t\t<\/div>\r\n\t\t<\/div>\r\n\t\t\t\t\t<a href=\"https:\/\/roundbaltic.eu\/pl\/pierwszy-regionalny-okragly-stol-wojewodztwa-dolnoslaskiego\/\"><div class=\"blog-bg-image-metro \" style=\"background:url(https:\/\/roundbaltic.eu\/wp-content\/uploads\/2021\/04\/iStock-1194119402.jpg) #f7f7f7;\" ><\/div><\/a>\r\n\t\t\t\t<\/div>\r\n<\/article>\r\n<\/div><\/div><\/div>\t\t\t\t<\/div>\n\t\t\t\t<\/div>\n\t\t\t\t<div class=\"elementor-element elementor-element-616ea9e elementor-widget elementor-widget-button\" data-id=\"616ea9e\" data-element_type=\"widget\" data-widget_type=\"button.default\">\n\t\t\t\t<div class=\"elementor-widget-container\">\n\t\t\t\t\t\t\t\t\t<div class=\"elementor-button-wrapper\">\n\t\t\t\t\t<a class=\"elementor-button elementor-button-link elementor-size-sm\" href=\"https:\/\/roundbaltic.eu\/news-and-events\/events\/\">\n\t\t\t\t\t\t<span class=\"elementor-button-content-wrapper\">\n\t\t\t\t\t\t\t\t\t<span class=\"elementor-button-text\">Zobacz wszystkie wydarzenia<\/span>\n\t\t\t\t\t<\/span>\n\t\t\t\t\t<\/a>\n\t\t\t\t<\/div>\n\t\t\t\t\t\t\t\t<\/div>\n\t\t\t\t<\/div>\n\t\t\t\t\t<\/div>\n\t\t<\/div>\n\t\t\t\t\t<\/div>\n\t\t<\/section>\n\t\t\t\t<\/div>\n\t\t","protected":false},"excerpt":{"rendered":"<p>Aktualno\u015bci i wydarzenia Aktualno\u015bci Uruchomienie RoundBaltic Projekt RoundBaltic ma na celu s\u0142u\u017cenie narz\u0119dziem do promowania inteligentnych finans\u00f3w dla inteligentnych budynk\u00f3w w regionie ba\u0142tyckim z naciskiem na Polsk\u0119, \u0141otw\u0119 i Dani\u0119,&#8230; Znajd\u017a wi\u0119cej wiadomo\u015bci Wydarzenia RoundBaltic \u2013 Pierwszy Okr\u0105g\u0142y St\u00f3\u0142 Pierwszy Krajowy Okr\u0105g\u0142y St\u00f3\u0142 dotycz\u0105cy Finansowania Efektywno\u015bci Energetycznej w Polsce odby\u0142 si\u0119 23-24 marca 2021 W [&hellip;]<\/p>\n","protected":false},"author":1,"featured_media":0,"parent":0,"menu_order":0,"comment_status":"closed","ping_status":"closed","template":"","meta":{"inline_featured_image":false,"footnotes":""},"class_list":["post-2229","page","type-page","status-publish","hentry"],"_links":{"self":[{"href":"https:\/\/roundbaltic.eu\/pl\/wp-json\/wp\/v2\/pages\/2229","targetHints":{"allow":["GET"]}}],"collection":[{"href":"https:\/\/roundbaltic.eu\/pl\/wp-json\/wp\/v2\/pages"}],"about":[{"href":"https:\/\/roundbaltic.eu\/pl\/wp-json\/wp\/v2\/types\/page"}],"author":[{"embeddable":true,"href":"https:\/\/roundbaltic.eu\/pl\/wp-json\/wp\/v2\/users\/1"}],"replies":[{"embeddable":true,"href":"https:\/\/roundbaltic.eu\/pl\/wp-json\/wp\/v2\/comments?post=2229"}],"version-history":[{"count":19,"href":"https:\/\/roundbaltic.eu\/pl\/wp-json\/wp\/v2\/pages\/2229\/revisions"}],"predecessor-version":[{"id":5999,"href":"https:\/\/roundbaltic.eu\/pl\/wp-json\/wp\/v2\/pages\/2229\/revisions\/5999"}],"wp:attachment":[{"href":"https:\/\/roundbaltic.eu\/pl\/wp-json\/wp\/v2\/media?parent=2229"}],"curies":[{"name":"wp","href":"https:\/\/api.w.org\/{rel}","templated":true}]}}