{"id":2232,"date":"2021-03-03T14:32:39","date_gmt":"2021-03-03T13:32:39","guid":{"rendered":"http:\/\/roundbaltic.eu.185-31-79-130.nmsrv02.dk\/wiadomosci-i-wydarzenia\/events\/"},"modified":"2024-02-26T11:11:22","modified_gmt":"2024-02-26T10:11:22","slug":"wydarzenia","status":"publish","type":"page","link":"https:\/\/roundbaltic.eu\/pl\/wiadomosci-i-wydarzenia\/wydarzenia\/","title":{"rendered":"Wydarzenia"},"content":{"rendered":"\t\t<div data-elementor-type=\"wp-page\" data-elementor-id=\"2232\" class=\"elementor elementor-2232 elementor-994\" data-elementor-post-type=\"page\">\n\t\t\t\t\t\t<section class=\"elementor-section elementor-top-section elementor-element elementor-element-bbe6f4f elementor-section-stretched elementor-section-boxed elementor-section-height-default elementor-section-height-default\" data-id=\"bbe6f4f\" data-element_type=\"section\" data-settings=\"{&quot;background_background&quot;:&quot;classic&quot;,&quot;stretch_section&quot;:&quot;section-stretched&quot;}\">\n\t\t\t\t\t\t\t<div class=\"elementor-background-overlay\"><\/div>\n\t\t\t\t\t\t\t<div class=\"elementor-container elementor-column-gap-default\">\n\t\t\t\t\t<div class=\"elementor-column elementor-col-100 elementor-top-column elementor-element elementor-element-794fb244\" data-id=\"794fb244\" data-element_type=\"column\">\n\t\t\t<div class=\"elementor-widget-wrap elementor-element-populated\">\n\t\t\t\t\t\t<div class=\"elementor-element elementor-element-692bd23 elementor-widget elementor-widget-heading\" data-id=\"692bd23\" data-element_type=\"widget\" data-widget_type=\"heading.default\">\n\t\t\t\t<div class=\"elementor-widget-container\">\n\t\t\t\t\t<h2 class=\"elementor-heading-title elementor-size-default\">Wydarzenia<\/h2>\t\t\t\t<\/div>\n\t\t\t\t<\/div>\n\t\t\t\t\t<\/div>\n\t\t<\/div>\n\t\t\t\t\t<\/div>\n\t\t<\/section>\n\t\t\t\t<section class=\"elementor-section elementor-top-section elementor-element elementor-element-42bd3fd elementor-section-boxed elementor-section-height-default elementor-section-height-default\" data-id=\"42bd3fd\" data-element_type=\"section\">\n\t\t\t\t\t\t<div class=\"elementor-container elementor-column-gap-default\">\n\t\t\t\t\t<div class=\"elementor-column elementor-col-100 elementor-top-column elementor-element elementor-element-289c0ea\" data-id=\"289c0ea\" data-element_type=\"column\">\n\t\t\t<div class=\"elementor-widget-wrap elementor-element-populated\">\n\t\t\t\t\t\t<div class=\"elementor-element elementor-element-f2f8577 elementor-grid-1 elementor-posts--thumbnail-left newsPage elementor-grid-tablet-1 elementor-grid-mobile-1 elementor-widget elementor-widget-posts\" data-id=\"f2f8577\" data-element_type=\"widget\" data-settings=\"{&quot;classic_columns&quot;:&quot;1&quot;,&quot;pagination_type&quot;:&quot;numbers&quot;,&quot;classic_columns_tablet&quot;:&quot;1&quot;,&quot;classic_columns_mobile&quot;:&quot;1&quot;,&quot;classic_row_gap&quot;:{&quot;unit&quot;:&quot;px&quot;,&quot;size&quot;:35,&quot;sizes&quot;:[]},&quot;classic_row_gap_tablet&quot;:{&quot;unit&quot;:&quot;px&quot;,&quot;size&quot;:&quot;&quot;,&quot;sizes&quot;:[]},&quot;classic_row_gap_mobile&quot;:{&quot;unit&quot;:&quot;px&quot;,&quot;size&quot;:&quot;&quot;,&quot;sizes&quot;:[]}}\" data-widget_type=\"posts.classic\">\n\t\t\t\t<div class=\"elementor-widget-container\">\n\t\t\t\t\t\t\t<div class=\"elementor-posts-container elementor-posts elementor-posts--skin-classic elementor-grid\" role=\"list\">\n\t\t\t\t<article class=\"elementor-post elementor-grid-item post-14230 post type-post status-publish format-standard has-post-thumbnail hentry category-events-pl-2\" role=\"listitem\">\n\t\t\t\t<a class=\"elementor-post__thumbnail__link\" href=\"https:\/\/roundbaltic.eu\/pl\/trzeci-krajowy-okragly-stol-w-polsce\/\" tabindex=\"-1\" >\n\t\t\t<div class=\"elementor-post__thumbnail\"><img fetchpriority=\"high\" decoding=\"async\" width=\"768\" height=\"405\" src=\"https:\/\/roundbaltic.eu\/wp-content\/uploads\/2023\/10\/shutterstock_694992910-768x405.jpg\" class=\"attachment-medium_large size-medium_large wp-image-14250\" alt=\"\" srcset=\"https:\/\/roundbaltic.eu\/wp-content\/uploads\/2023\/10\/shutterstock_694992910-768x405.jpg 768w, https:\/\/roundbaltic.eu\/wp-content\/uploads\/2023\/10\/shutterstock_694992910-300x158.jpg 300w, https:\/\/roundbaltic.eu\/wp-content\/uploads\/2023\/10\/shutterstock_694992910-1024x540.jpg 1024w, https:\/\/roundbaltic.eu\/wp-content\/uploads\/2023\/10\/shutterstock_694992910-1536x810.jpg 1536w, https:\/\/roundbaltic.eu\/wp-content\/uploads\/2023\/10\/shutterstock_694992910-2048x1080.jpg 2048w\" sizes=\"(max-width: 768px) 100vw, 768px\" \/><\/div>\n\t\t<\/a>\n\t\t\t\t<div class=\"elementor-post__text\">\n\t\t\t\t<h3 class=\"elementor-post__title\">\n\t\t\t<a href=\"https:\/\/roundbaltic.eu\/pl\/trzeci-krajowy-okragly-stol-w-polsce\/\" >\n\t\t\t\tTrzeci Krajowy Okr\u0105g\u0142y St\u00f3\u0142 w Polsce\t\t\t<\/a>\n\t\t<\/h3>\n\t\t\t\t<div class=\"elementor-post__excerpt\">\n\t\t\t<p><b>29 czerwca 2023 r., Wydarzenie fizyczne <\/b> <BR> Trzeci Krajowy Okr\u0105g\u0142y St\u00f3\u0142 w Polsce skupi\u0142 si\u0119 na trzech tematach:  Wp\u0142yw unijnej taxanomii; Us\u0142ugi &#8222;jednego okienka&#8221;; Instrumenty wsparcia transformacji energetycznej. 33 z 95 uczestnik\u00f3w reprezentowa\u0142o sektor finansowy.<\/p>\n\t\t<\/div>\n\t\t\n\t\t<a class=\"elementor-post__read-more\" href=\"https:\/\/roundbaltic.eu\/pl\/trzeci-krajowy-okragly-stol-w-polsce\/\" aria-label=\"Read more about Trzeci Krajowy Okr\u0105g\u0142y St\u00f3\u0142 w Polsce\" tabindex=\"-1\" >\n\t\t\tCzytaj wi\u0119cej \u00bb\t\t<\/a>\n\n\t\t\t\t<\/div>\n\t\t\t\t<\/article>\n\t\t\t\t<article class=\"elementor-post elementor-grid-item post-13763 post type-post status-publish format-standard has-post-thumbnail hentry category-events-pl-3 category-events-pl-2 category-events-pl-pl category-nrtpl-pl\" role=\"listitem\">\n\t\t\t\t<a class=\"elementor-post__thumbnail__link\" href=\"https:\/\/roundbaltic.eu\/pl\/first-national-roundtable-in-poland\/\" tabindex=\"-1\" >\n\t\t\t<div class=\"elementor-post__thumbnail\"><img decoding=\"async\" width=\"768\" height=\"575\" src=\"https:\/\/roundbaltic.eu\/wp-content\/uploads\/2021\/05\/shutterstock_1325562833-768x575.jpg\" class=\"attachment-medium_large size-medium_large wp-image-4089\" alt=\"\" \/><\/div>\n\t\t<\/a>\n\t\t\t\t<div class=\"elementor-post__text\">\n\t\t\t\t<h3 class=\"elementor-post__title\">\n\t\t\t<a href=\"https:\/\/roundbaltic.eu\/pl\/first-national-roundtable-in-poland\/\" >\n\t\t\t\tPierwszy Krajowy Okr\u0105g\u0142y St\u00f3\u0142 w Polsce\t\t\t<\/a>\n\t\t<\/h3>\n\t\t\t\t<div class=\"elementor-post__excerpt\">\n\t\t\t<p><b>23 &#8211; 24 marca 2021, Online<\/b> <BR> Wydarzenie zosta\u0142o zorganizowane przez polskiego partnera RoundBaltic SAPE we wsp\u00f3\u0142pracy z Ministerstwem Rozwoju i Zwi\u0105zkiem Bank\u00f3w Polskich.<\/p>\n\t\t<\/div>\n\t\t\n\t\t<a class=\"elementor-post__read-more\" href=\"https:\/\/roundbaltic.eu\/pl\/first-national-roundtable-in-poland\/\" aria-label=\"Read more about Pierwszy Krajowy Okr\u0105g\u0142y St\u00f3\u0142 w Polsce\" tabindex=\"-1\" >\n\t\t\tCzytaj wi\u0119cej \u00bb\t\t<\/a>\n\n\t\t\t\t<\/div>\n\t\t\t\t<\/article>\n\t\t\t\t<article class=\"elementor-post elementor-grid-item post-13747 post type-post status-publish format-standard has-post-thumbnail hentry category-events-pl-3 category-events-pl-2 category-events-pl-pl category-nrtpl-pl\" role=\"listitem\">\n\t\t\t\t<a class=\"elementor-post__thumbnail__link\" href=\"https:\/\/roundbaltic.eu\/pl\/second-national-roundtable-in-poland\/\" tabindex=\"-1\" >\n\t\t\t<div class=\"elementor-post__thumbnail\"><img decoding=\"async\" width=\"768\" height=\"575\" src=\"https:\/\/roundbaltic.eu\/wp-content\/uploads\/2023\/03\/shutterstock_1428299993-768x575.jpg\" class=\"attachment-medium_large size-medium_large wp-image-12197\" alt=\"\" srcset=\"https:\/\/roundbaltic.eu\/wp-content\/uploads\/2023\/03\/shutterstock_1428299993-768x575.jpg 768w, https:\/\/roundbaltic.eu\/wp-content\/uploads\/2023\/03\/shutterstock_1428299993-300x225.jpg 300w, https:\/\/roundbaltic.eu\/wp-content\/uploads\/2023\/03\/shutterstock_1428299993-1024x767.jpg 1024w, https:\/\/roundbaltic.eu\/wp-content\/uploads\/2023\/03\/shutterstock_1428299993-1536x1151.jpg 1536w, https:\/\/roundbaltic.eu\/wp-content\/uploads\/2023\/03\/shutterstock_1428299993-2048x1534.jpg 2048w\" sizes=\"(max-width: 768px) 100vw, 768px\" \/><\/div>\n\t\t<\/a>\n\t\t\t\t<div class=\"elementor-post__text\">\n\t\t\t\t<h3 class=\"elementor-post__title\">\n\t\t\t<a href=\"https:\/\/roundbaltic.eu\/pl\/second-national-roundtable-in-poland\/\" >\n\t\t\t\tDrugi Krajowy Okr\u0105g\u0142y St\u00f3\u0142 w Polsce\t\t\t<\/a>\n\t\t<\/h3>\n\t\t\t\t<div class=\"elementor-post__excerpt\">\n\t\t\t<p><b>25 maja 2022 r., wydarzenie fizyczne <\/b> <BR> Drugi Krajowy Okr\u0105g\u0142y St\u00f3\u0142 w Polsce skupi\u0142 si\u0119 na trzech tematach:  Zintegrowane us\u0142ugi na rzecz poprawy efektywno\u015bci energetycznej &#8211; &#8222;us\u0142ugi kompleksowej obs\u0142ugi&#8221;; Poprawa efektywno\u015bci energetycznej w M\u015aP; Samowystarczalno\u015b\u0107 energetyczna.<\/p>\n\t\t<\/div>\n\t\t\n\t\t<a class=\"elementor-post__read-more\" href=\"https:\/\/roundbaltic.eu\/pl\/second-national-roundtable-in-poland\/\" aria-label=\"Read more about Drugi Krajowy Okr\u0105g\u0142y St\u00f3\u0142 w Polsce\" tabindex=\"-1\" >\n\t\t\tCzytaj wi\u0119cej \u00bb\t\t<\/a>\n\n\t\t\t\t<\/div>\n\t\t\t\t<\/article>\n\t\t\t\t<article class=\"elementor-post elementor-grid-item post-7070 post type-post status-publish format-standard has-post-thumbnail hentry category-events-pl-2\" role=\"listitem\">\n\t\t\t\t<a class=\"elementor-post__thumbnail__link\" href=\"https:\/\/roundbaltic.eu\/pl\/pierwszy-regionalny-okragly-stol-wojewodztwa-dolnoslaskiego\/\" tabindex=\"-1\" >\n\t\t\t<div class=\"elementor-post__thumbnail\"><img loading=\"lazy\" decoding=\"async\" width=\"768\" height=\"538\" src=\"https:\/\/roundbaltic.eu\/wp-content\/uploads\/2021\/04\/iStock-1194119402-768x538.jpg\" class=\"attachment-medium_large size-medium_large wp-image-4919\" alt=\"\" srcset=\"https:\/\/roundbaltic.eu\/wp-content\/uploads\/2021\/04\/iStock-1194119402-768x538.jpg 768w, https:\/\/roundbaltic.eu\/wp-content\/uploads\/2021\/04\/iStock-1194119402-300x210.jpg 300w, https:\/\/roundbaltic.eu\/wp-content\/uploads\/2021\/04\/iStock-1194119402-1024x717.jpg 1024w, https:\/\/roundbaltic.eu\/wp-content\/uploads\/2021\/04\/iStock-1194119402-1536x1076.jpg 1536w, https:\/\/roundbaltic.eu\/wp-content\/uploads\/2021\/04\/iStock-1194119402-2048x1435.jpg 2048w\" sizes=\"(max-width: 768px) 100vw, 768px\" \/><\/div>\n\t\t<\/a>\n\t\t\t\t<div class=\"elementor-post__text\">\n\t\t\t\t<h3 class=\"elementor-post__title\">\n\t\t\t<a href=\"https:\/\/roundbaltic.eu\/pl\/pierwszy-regionalny-okragly-stol-wojewodztwa-dolnoslaskiego\/\" >\n\t\t\t\tPierwszy Regionalny Okr\u0105g\u0142y St\u00f3\u0142 wojew\u00f3dztwa  Dolno\u015bl\u0105skiego\t\t\t<\/a>\n\t\t<\/h3>\n\t\t\t\t<div class=\"elementor-post__excerpt\">\n\t\t\t<p>Pierwszy Regionalny Okr\u0105g\u0142y St\u00f3\u0142 wojew\u00f3dztwa dolno\u015bl\u0105skiegodotycz\u0105cy Finansowania Efektywno\u015bci Energetycznej odby\u0142 si\u0119 17 czerwca 2021 roku.&nbsp;Tematy, kt\u00f3re zosta\u0142y poruszone podczas spotkania to: Finansowanie renowacji budynk\u00f3w mieszkalnych Finansowanie renowacji budynk\u00f3w nale\u017c\u0105cych do samorz\u0105d\u00f3w oraz JST Finansowanie renowacji budynk\u00f3w nale\u017c\u0105cych do przedsi\u0119biorstw &nbsp;Uczestnikami<\/p>\n\t\t<\/div>\n\t\t\n\t\t<a class=\"elementor-post__read-more\" href=\"https:\/\/roundbaltic.eu\/pl\/pierwszy-regionalny-okragly-stol-wojewodztwa-dolnoslaskiego\/\" aria-label=\"Read more about Pierwszy Regionalny Okr\u0105g\u0142y St\u00f3\u0142 wojew\u00f3dztwa  Dolno\u015bl\u0105skiego\" tabindex=\"-1\" >\n\t\t\tCzytaj wi\u0119cej \u00bb\t\t<\/a>\n\n\t\t\t\t<\/div>\n\t\t\t\t<\/article>\n\t\t\t\t<\/div>\n\t\t\n\t\t\t\t\t\t<\/div>\n\t\t\t\t<\/div>\n\t\t\t\t\t<\/div>\n\t\t<\/div>\n\t\t\t\t\t<\/div>\n\t\t<\/section>\n\t\t\t\t<\/div>\n\t\t","protected":false},"excerpt":{"rendered":"<p>Wydarzenia<\/p>\n","protected":false},"author":1,"featured_media":0,"parent":2229,"menu_order":0,"comment_status":"closed","ping_status":"closed","template":"","meta":{"inline_featured_image":false,"footnotes":""},"class_list":["post-2232","page","type-page","status-publish","hentry"],"_links":{"self":[{"href":"https:\/\/roundbaltic.eu\/pl\/wp-json\/wp\/v2\/pages\/2232","targetHints":{"allow":["GET"]}}],"collection":[{"href":"https:\/\/roundbaltic.eu\/pl\/wp-json\/wp\/v2\/pages"}],"about":[{"href":"https:\/\/roundbaltic.eu\/pl\/wp-json\/wp\/v2\/types\/page"}],"author":[{"embeddable":true,"href":"https:\/\/roundbaltic.eu\/pl\/wp-json\/wp\/v2\/users\/1"}],"replies":[{"embeddable":true,"href":"https:\/\/roundbaltic.eu\/pl\/wp-json\/wp\/v2\/comments?post=2232"}],"version-history":[{"count":29,"href":"https:\/\/roundbaltic.eu\/pl\/wp-json\/wp\/v2\/pages\/2232\/revisions"}],"predecessor-version":[{"id":15992,"href":"https:\/\/roundbaltic.eu\/pl\/wp-json\/wp\/v2\/pages\/2232\/revisions\/15992"}],"up":[{"embeddable":true,"href":"https:\/\/roundbaltic.eu\/pl\/wp-json\/wp\/v2\/pages\/2229"}],"wp:attachment":[{"href":"https:\/\/roundbaltic.eu\/pl\/wp-json\/wp\/v2\/media?parent=2232"}],"curies":[{"name":"wp","href":"https:\/\/api.w.org\/{rel}","templated":true}]}}