{"id":3269,"date":"2021-04-06T11:04:48","date_gmt":"2021-04-06T09:04:48","guid":{"rendered":"http:\/\/roundbaltic.eu.185-31-79-130.nmsrv02.dk\/?page_id=3269"},"modified":"2021-12-14T12:12:17","modified_gmt":"2021-12-14T11:12:17","slug":"podlaskie","status":"publish","type":"page","link":"https:\/\/roundbaltic.eu\/pl\/community\/poland\/podlaskie\/","title":{"rendered":"Podlaskie"},"content":{"rendered":"\t\t<div data-elementor-type=\"wp-page\" data-elementor-id=\"3269\" class=\"elementor elementor-3269 elementor-1337\" data-elementor-post-type=\"page\">\n\t\t\t\t\t\t<section class=\"elementor-section elementor-top-section elementor-element elementor-element-7afb2e21 elementor-section-stretched elementor-section-boxed elementor-section-height-default elementor-section-height-default\" data-id=\"7afb2e21\" data-element_type=\"section\" data-settings=\"{&quot;background_background&quot;:&quot;classic&quot;,&quot;stretch_section&quot;:&quot;section-stretched&quot;}\">\n\t\t\t\t\t\t\t<div class=\"elementor-background-overlay\"><\/div>\n\t\t\t\t\t\t\t<div class=\"elementor-container elementor-column-gap-default\">\n\t\t\t\t\t<div class=\"elementor-column elementor-col-100 elementor-top-column elementor-element elementor-element-5892cd96\" data-id=\"5892cd96\" data-element_type=\"column\">\n\t\t\t<div class=\"elementor-widget-wrap elementor-element-populated\">\n\t\t\t\t\t\t<div class=\"elementor-element elementor-element-3083d33d elementor-widget elementor-widget-heading\" data-id=\"3083d33d\" data-element_type=\"widget\" data-widget_type=\"heading.default\">\n\t\t\t\t<div class=\"elementor-widget-container\">\n\t\t\t\t\t<h2 class=\"elementor-heading-title elementor-size-default\">Podlaskie, Poland<\/h2>\t\t\t\t<\/div>\n\t\t\t\t<\/div>\n\t\t\t\t\t<\/div>\n\t\t<\/div>\n\t\t\t\t\t<\/div>\n\t\t<\/section>\n\t\t\t\t<section class=\"elementor-section elementor-top-section elementor-element elementor-element-25ee669b elementor-section-full_width elementor-section-stretched elementor-section-height-default elementor-section-height-default\" data-id=\"25ee669b\" data-element_type=\"section\" data-settings=\"{&quot;stretch_section&quot;:&quot;section-stretched&quot;,&quot;background_background&quot;:&quot;classic&quot;}\">\n\t\t\t\t\t\t<div class=\"elementor-container elementor-column-gap-default\">\n\t\t\t\t\t<div class=\"elementor-column elementor-col-50 elementor-top-column elementor-element elementor-element-bc35d75 halfImgTextAlignLeft\" data-id=\"bc35d75\" data-element_type=\"column\">\n\t\t\t<div class=\"elementor-widget-wrap elementor-element-populated\">\n\t\t\t\t\t\t<div class=\"elementor-element elementor-element-1c44d5cb elementor-widget elementor-widget-text-editor\" data-id=\"1c44d5cb\" data-element_type=\"widget\" data-widget_type=\"text-editor.default\">\n\t\t\t\t<div class=\"elementor-widget-container\">\n\t\t\t\t\t\t\t\t\t<p><span style=\"font-weight: 400;\">Wojew\u00f3dztwo po\u0142o\u017cony jest w p\u00f3\u0142nocno-wschodniej cz\u0119\u015bci kraju, w geograficznym centrum Europy. Siedziba w\u0142adz wojew\u00f3dztwa znajduje si\u0119 w Bia\u0142ymstoku. Na dzie\u0144 30 czerwca 2016 r. wojew\u00f3dztwo liczy\u0142o 1,2 mln mieszka\u0144c\u00f3w. W regionie znajduje si\u0119 191 826 budynk\u00f3w, z czego 72 536 w gminach i 119 290 na wsi. Prawie 40% wszystkich zasob\u00f3w budowlanych powsta\u0142o w latach 1945-1970. W 2012 roku w regionie by\u0142o 1160 budynk\u00f3w u\u017cyteczno\u015bci publicznej<\/span><\/p>\t\t\t\t\t\t\t\t<\/div>\n\t\t\t\t<\/div>\n\t\t\t\t\t<\/div>\n\t\t<\/div>\n\t\t\t\t<div class=\"elementor-column elementor-col-50 elementor-top-column elementor-element elementor-element-33695e2\" data-id=\"33695e2\" data-element_type=\"column\" data-settings=\"{&quot;background_background&quot;:&quot;classic&quot;}\">\n\t\t\t<div class=\"elementor-widget-wrap elementor-element-populated\">\n\t\t\t\t\t\t<div class=\"elementor-element elementor-element-4d892ac2 elementor-widget elementor-widget-shortcode\" data-id=\"4d892ac2\" data-element_type=\"widget\" data-widget_type=\"shortcode.default\">\n\t\t\t\t<div class=\"elementor-widget-container\">\n\t\t\t\t\t\t\t<div class=\"elementor-shortcode\"><div class=\"map_wrapper\" id=\"map_wrapper_1094\">\n<div class=\"map_box\" style=\"max-width:2200px\">\n<div class=\"map_aspect_ratio\" style=\"padding-top:56%\" data-padding-top=\"56%\" data-padding-top-mobile=\"\">\n<div class=\"map_container\">\n<div class=\"map_render map_loading\" id=\"map_1094\"><\/div>\n<\/div>\n<\/div>\n<\/div>\n<\/div><\/div>\n\t\t\t\t\t\t<\/div>\n\t\t\t\t<\/div>\n\t\t\t\t\t<\/div>\n\t\t<\/div>\n\t\t\t\t\t<\/div>\n\t\t<\/section>\n\t\t\t\t<section class=\"elementor-section elementor-top-section elementor-element elementor-element-e1fb16e elementor-section-boxed elementor-section-height-default elementor-section-height-default\" data-id=\"e1fb16e\" data-element_type=\"section\">\n\t\t\t\t\t\t<div class=\"elementor-container elementor-column-gap-default\">\n\t\t\t\t\t<div class=\"elementor-column elementor-col-50 elementor-top-column elementor-element elementor-element-a79a472\" data-id=\"a79a472\" data-element_type=\"column\">\n\t\t\t<div class=\"elementor-widget-wrap\">\n\t\t\t\t\t\t\t<\/div>\n\t\t<\/div>\n\t\t\t\t<div class=\"elementor-column elementor-col-50 elementor-top-column elementor-element elementor-element-457d8a6\" data-id=\"457d8a6\" data-element_type=\"column\">\n\t\t\t<div class=\"elementor-widget-wrap elementor-element-populated\">\n\t\t\t\t\t\t<div class=\"elementor-element elementor-element-f324f82 elementor-widget elementor-widget-heading\" data-id=\"f324f82\" data-element_type=\"widget\" data-widget_type=\"heading.default\">\n\t\t\t\t<div class=\"elementor-widget-container\">\n\t\t\t\t\t<h2 class=\"elementor-heading-title elementor-size-default\">Energy efficiency actions<\/h2>\t\t\t\t<\/div>\n\t\t\t\t<\/div>\n\t\t\t\t\t<\/div>\n\t\t<\/div>\n\t\t\t\t\t<\/div>\n\t\t<\/section>\n\t\t\t\t<section class=\"elementor-section elementor-top-section elementor-element elementor-element-9e07e73 elementor-section-full_width elementor-section-stretched elementor-section-height-default elementor-section-height-default\" data-id=\"9e07e73\" data-element_type=\"section\" data-settings=\"{&quot;stretch_section&quot;:&quot;section-stretched&quot;,&quot;background_background&quot;:&quot;classic&quot;}\">\n\t\t\t\t\t\t<div class=\"elementor-container elementor-column-gap-default\">\n\t\t\t\t\t<div class=\"elementor-column elementor-col-50 elementor-top-column elementor-element elementor-element-2976ba\" data-id=\"2976ba\" data-element_type=\"column\" data-settings=\"{&quot;background_background&quot;:&quot;classic&quot;}\">\n\t\t\t<div class=\"elementor-widget-wrap elementor-element-populated\">\n\t\t\t\t\t\t<div class=\"elementor-element elementor-element-665f809b elementor-widget elementor-widget-image\" data-id=\"665f809b\" data-element_type=\"widget\" data-widget_type=\"image.default\">\n\t\t\t\t<div class=\"elementor-widget-container\">\n\t\t\t\t\t\t\t\t\t\t\t\t\t\t\t<img fetchpriority=\"high\" decoding=\"async\" width=\"1024\" height=\"683\" src=\"https:\/\/roundbaltic.eu\/wp-content\/uploads\/2021\/04\/shutterstock_1850713141-1024x683.jpg\" class=\"attachment-large size-large wp-image-2414\" alt=\"\" srcset=\"https:\/\/roundbaltic.eu\/wp-content\/uploads\/2021\/04\/shutterstock_1850713141-1024x683.jpg 1024w, https:\/\/roundbaltic.eu\/wp-content\/uploads\/2021\/04\/shutterstock_1850713141-300x200.jpg 300w, https:\/\/roundbaltic.eu\/wp-content\/uploads\/2021\/04\/shutterstock_1850713141-768x512.jpg 768w, https:\/\/roundbaltic.eu\/wp-content\/uploads\/2021\/04\/shutterstock_1850713141-1536x1024.jpg 1536w, https:\/\/roundbaltic.eu\/wp-content\/uploads\/2021\/04\/shutterstock_1850713141-2048x1366.jpg 2048w\" sizes=\"(max-width: 1024px) 100vw, 1024px\" \/>\t\t\t\t\t\t\t\t\t\t\t\t\t\t\t<\/div>\n\t\t\t\t<\/div>\n\t\t\t\t\t<\/div>\n\t\t<\/div>\n\t\t\t\t<div class=\"elementor-column elementor-col-50 elementor-top-column elementor-element elementor-element-bb5164d halfImgTextAlignRight\" data-id=\"bb5164d\" data-element_type=\"column\">\n\t\t\t<div class=\"elementor-widget-wrap elementor-element-populated\">\n\t\t\t\t\t\t<div class=\"elementor-element elementor-element-8368e6b elementor-widget elementor-widget-text-editor\" data-id=\"8368e6b\" data-element_type=\"widget\" data-widget_type=\"text-editor.default\">\n\t\t\t\t<div class=\"elementor-widget-container\">\n\t\t\t\t\t\t\t\t\t<p><span style=\"font-weight: 400;\">W odniesieniu do obiekt\u00f3w u\u017cyteczno\u015bci publicznej woj. Podlaskie w 2018 roku prowadzi\u0142o konkurs na termomodernizacj\u0119 obiekt\u00f3w u\u017cyteczno\u015bci publicznej, komunalnych i sakralnych. Do realizacji wybrano ponad 50 projekt\u00f3w dotycz\u0105cych inwestycji w efektywno\u015b\u0107 energetyczn\u0105. Tym niemniej potrzeby tego rynku s\u0105 znacznie wi\u0119ksze &#8211; w regionie znajduje si\u0119 ponad 1160 obiekt\u00f3w u\u017cyteczno\u015bci publicznej &#8211; z wy\u0142\u0105czeniem komunalnych i sakralnych, z kt\u00f3rych wi\u0119kszo\u015b\u0107 znajduje si\u0119 na terenach wiejskich z ograniczonym dost\u0119pem do informacji i wsparcia. Je\u015bli chodzi o budynki wielorodzinne, konieczne jest dotarcie z instrumentami finansowymi do obszar\u00f3w miejsko-wiejskich gdzie poziom termomodernizacji budynk\u00f3w jest bardzo niski. Kolejnym obszarem, w kt\u00f3rym potrzebne jest wsparcie, jest segment M\u015aP. W najnowszym programie Podlaskiej Fundacji Rozwoju Regionalnego udzielono po\u017cyczek 30 MSP na \u0142\u0105czn\u0105 kwot\u0119 14 mln z\u0142. Ze wzgl\u0119du na du\u017ce zapotrzebowanie program ten zosta\u0142 odnowiony z bud\u017cetem 8 mln z\u0142. Bior\u0105c pod uwag\u0119 ca\u0142kowit\u0105 liczb\u0119 M\u015aP w regionie, kt\u00f3ra wynosi 49 440, potencja\u0142 poprawy efektywno\u015bci energetycznej jest wysoki i niewystarczaj\u0105co zbadany<\/span><\/p>\t\t\t\t\t\t\t\t<\/div>\n\t\t\t\t<\/div>\n\t\t\t\t\t<\/div>\n\t\t<\/div>\n\t\t\t\t\t<\/div>\n\t\t<\/section>\n\t\t\t\t<section class=\"elementor-section elementor-top-section elementor-element elementor-element-65bad2e9 elementor-section-boxed elementor-section-height-default elementor-section-height-default\" data-id=\"65bad2e9\" data-element_type=\"section\">\n\t\t\t\t\t\t<div class=\"elementor-container elementor-column-gap-default\">\n\t\t\t\t\t<div class=\"elementor-column elementor-col-66 elementor-top-column elementor-element elementor-element-5c6dfd0\" data-id=\"5c6dfd0\" data-element_type=\"column\">\n\t\t\t<div class=\"elementor-widget-wrap elementor-element-populated\">\n\t\t\t\t\t\t<div class=\"elementor-element elementor-element-3abc3bd2 elementor-widget elementor-widget-image\" data-id=\"3abc3bd2\" data-element_type=\"widget\" data-widget_type=\"image.default\">\n\t\t\t\t<div class=\"elementor-widget-container\">\n\t\t\t\t\t\t\t\t\t\t\t\t\t\t\t\t<a href=\"https:\/\/nape.pl\/en\/strona-glowna-english\/\" target=\"_blank\">\n\t\t\t\t\t\t\t<img decoding=\"async\" width=\"300\" height=\"149\" src=\"https:\/\/roundbaltic.eu\/wp-content\/uploads\/2021\/04\/Kopia-logoNAPE-bez-kreski-1-300x149.png\" class=\"attachment-medium size-medium wp-image-2711\" alt=\"\" srcset=\"https:\/\/roundbaltic.eu\/wp-content\/uploads\/2021\/04\/Kopia-logoNAPE-bez-kreski-1-300x149.png 300w, https:\/\/roundbaltic.eu\/wp-content\/uploads\/2021\/04\/Kopia-logoNAPE-bez-kreski-1-1024x508.png 1024w, https:\/\/roundbaltic.eu\/wp-content\/uploads\/2021\/04\/Kopia-logoNAPE-bez-kreski-1-768x381.png 768w, https:\/\/roundbaltic.eu\/wp-content\/uploads\/2021\/04\/Kopia-logoNAPE-bez-kreski-1-1536x762.png 1536w, https:\/\/roundbaltic.eu\/wp-content\/uploads\/2021\/04\/Kopia-logoNAPE-bez-kreski-1.png 1772w\" sizes=\"(max-width: 300px) 100vw, 300px\" \/>\t\t\t\t\t\t\t\t<\/a>\n\t\t\t\t\t\t\t\t\t\t\t\t\t\t\t<\/div>\n\t\t\t\t<\/div>\n\t\t\t\t\t<\/div>\n\t\t<\/div>\n\t\t\t\t<div class=\"elementor-column elementor-col-33 elementor-top-column elementor-element elementor-element-5b40199\" data-id=\"5b40199\" data-element_type=\"column\">\n\t\t\t<div class=\"elementor-widget-wrap elementor-element-populated\">\n\t\t\t\t\t\t<div class=\"elementor-element elementor-element-3cda58a2 elementor-widget elementor-widget-heading\" data-id=\"3cda58a2\" data-element_type=\"widget\" data-widget_type=\"heading.default\">\n\t\t\t\t<div class=\"elementor-widget-container\">\n\t\t\t\t\t<h2 class=\"elementor-heading-title elementor-size-xl\">National Energy Conservation Agency<\/h2>\t\t\t\t<\/div>\n\t\t\t\t<\/div>\n\t\t\t\t\t<\/div>\n\t\t<\/div>\n\t\t\t\t\t<\/div>\n\t\t<\/section>\n\t\t\t\t<section class=\"elementor-section elementor-top-section elementor-element elementor-element-876dc5e elementor-section-boxed elementor-section-height-default elementor-section-height-default\" data-id=\"876dc5e\" data-element_type=\"section\">\n\t\t\t\t\t\t<div class=\"elementor-container elementor-column-gap-default\">\n\t\t\t\t\t<div class=\"elementor-column elementor-col-100 elementor-top-column elementor-element elementor-element-949105d\" data-id=\"949105d\" data-element_type=\"column\">\n\t\t\t<div class=\"elementor-widget-wrap\">\n\t\t\t\t\t\t\t<\/div>\n\t\t<\/div>\n\t\t\t\t\t<\/div>\n\t\t<\/section>\n\t\t\t\t<section class=\"elementor-section elementor-top-section elementor-element elementor-element-fc525c elementor-section-boxed elementor-section-height-default elementor-section-height-default\" data-id=\"fc525c\" data-element_type=\"section\">\n\t\t\t\t\t\t<div class=\"elementor-container elementor-column-gap-default\">\n\t\t\t\t\t<div class=\"elementor-column elementor-col-66 elementor-top-column elementor-element elementor-element-1795d10\" data-id=\"1795d10\" data-element_type=\"column\">\n\t\t\t<div class=\"elementor-widget-wrap elementor-element-populated\">\n\t\t\t\t\t\t<div class=\"elementor-element elementor-element-17cb84f elementor-widget elementor-widget-text-editor\" data-id=\"17cb84f\" data-element_type=\"widget\" data-widget_type=\"text-editor.default\">\n\t\t\t\t<div class=\"elementor-widget-container\">\n\t\t\t\t\t\t\t\t\t<p>Narodowa Agencja Poszanowania Energii S.A. zosta\u0142a za\u0142o\u017cona w 1994 roku w celu upowszechniania inwestycji energooszcz\u0119dnych i promowania racjonalnego wykorzystania energii, zgodnie z zasadami zr\u00f3wnowa\u017conego rozwoju. G\u0142\u00f3wnym obszarem dzia\u0142alno\u015bci NAPE jest sektor komunalno-bytowy.<\/p><p>Specjalizujemy si\u0119 w doradztwie energetycznym, opracowywaniu audyt\u00f3w i \u015bwiadectw energetycznych budynk\u00f3w. NAPE jako jedna z niewielu firm w Polsce wykonuje \u015bwiadectwa charakterystyki energetycznej budynk\u00f3w wyposa\u017conych w zaawansowane systemy techniczne, a tak\u017ce budynk\u00f3w u\u017cyteczno\u015bci publicznej. Prowadzimy szkolenia i publikujemy podr\u0119czniki dla audytor\u00f3w energetycznych, arkusze kalkulacyjne do przygotowywania audyt\u00f3w oraz materia\u0142y edukacyjno-informacyjne. Realizujemy tak\u017ce projekty mi\u0119dzynarodowe zwi\u0105zane z efektywno\u015bci\u0105 energetyczn\u0105 budynk\u00f3w, finansowaniem ich modernizacji, wykorzystaniem odnawialnych \u017ar\u00f3de\u0142 energii i poligeneracj\u0105, promocj\u0105 energooszcz\u0119dno\u015bci, zintegrowanym planowaniem energetycznym oraz nowoczesnymi technologiami ogrzewania, ch\u0142odzenia i wentylacji.<\/p><p>Przygotowujemy wnioski o dotacje z Narodowego Funduszu Ochrony \u015arodowiska i Gospodarki Wodnej, Funduszy Europejskich i premie termomodernizacyjne z BGK. NAPE pe\u0142ni te\u017c rol\u0119 weryfikatora w Programie Finansowania Energii Zr\u00f3wnowa\u017conej w Polsce dla ma\u0142ych i \u015brednich przedsi\u0119biorstw PolSEFF. Weryfikujemy r\u00f3wnie\u017c projekty finansowane przez Europejski Bank Inwestycyjny.<\/p><p>Wsp\u00f3\u0142pracujemy z Fundacj\u0105 Poszanowania Energii, Zrzeszeniem Audytor\u00f3w Energetycznych, Politechnik\u0105 Warszawsk\u0105, regionalnymi agencjami ochrony energii, organami rz\u0105dowymi i samorz\u0105dowymi, organizacjami pozarz\u0105dowymi, bankami finansuj\u0105cymi inwestycje zwi\u0105zane z efektywno\u015bci\u0105 energetyczn\u0105 i odnawialnymi \u017ar\u00f3d\u0142ami energii oraz wieloma zagranicznymi partnerami. Jeste\u015bmy r\u00f3wnie\u017c cz\u0142onkiem-za\u0142o\u017cycielem Og\u00f3lnopolskiego Stowarzyszenia \u201cPoszanowanie Energii i \u015arodowiska\u201d SAPE-POLSKA.<\/p>\t\t\t\t\t\t\t\t<\/div>\n\t\t\t\t<\/div>\n\t\t\t\t\t<\/div>\n\t\t<\/div>\n\t\t\t\t<div class=\"elementor-column elementor-col-33 elementor-top-column elementor-element elementor-element-768f49af\" data-id=\"768f49af\" data-element_type=\"column\">\n\t\t\t<div class=\"elementor-widget-wrap elementor-element-populated\">\n\t\t\t\t\t\t<div class=\"elementor-element elementor-element-7e2da922 elementor-widget elementor-widget-image\" data-id=\"7e2da922\" data-element_type=\"widget\" data-widget_type=\"image.default\">\n\t\t\t\t<div class=\"elementor-widget-container\">\n\t\t\t\t\t\t\t\t\t\t\t\t\t\t\t<img decoding=\"async\" width=\"1024\" height=\"673\" src=\"https:\/\/roundbaltic.eu\/wp-content\/uploads\/2021\/04\/shutterstock_155581556-1024x673.jpg\" class=\"attachment-large size-large wp-image-2476\" alt=\"\" srcset=\"https:\/\/roundbaltic.eu\/wp-content\/uploads\/2021\/04\/shutterstock_155581556-1024x673.jpg 1024w, https:\/\/roundbaltic.eu\/wp-content\/uploads\/2021\/04\/shutterstock_155581556-300x197.jpg 300w, https:\/\/roundbaltic.eu\/wp-content\/uploads\/2021\/04\/shutterstock_155581556-768x505.jpg 768w, https:\/\/roundbaltic.eu\/wp-content\/uploads\/2021\/04\/shutterstock_155581556-1536x1009.jpg 1536w, https:\/\/roundbaltic.eu\/wp-content\/uploads\/2021\/04\/shutterstock_155581556-2048x1346.jpg 2048w\" sizes=\"(max-width: 1024px) 100vw, 1024px\" \/>\t\t\t\t\t\t\t\t\t\t\t\t\t\t\t<\/div>\n\t\t\t\t<\/div>\n\t\t\t\t<div class=\"elementor-element elementor-element-72fe822 elementor-widget elementor-widget-image\" data-id=\"72fe822\" data-element_type=\"widget\" data-widget_type=\"image.default\">\n\t\t\t\t<div class=\"elementor-widget-container\">\n\t\t\t\t\t\t\t\t\t\t\t\t\t\t\t<img loading=\"lazy\" decoding=\"async\" width=\"1024\" height=\"678\" src=\"https:\/\/roundbaltic.eu\/wp-content\/uploads\/2021\/04\/shutterstock_523689013-1024x678.jpg\" class=\"attachment-large size-large wp-image-1948\" alt=\"\" srcset=\"https:\/\/roundbaltic.eu\/wp-content\/uploads\/2021\/04\/shutterstock_523689013-1024x678.jpg 1024w, https:\/\/roundbaltic.eu\/wp-content\/uploads\/2021\/04\/shutterstock_523689013-300x199.jpg 300w, https:\/\/roundbaltic.eu\/wp-content\/uploads\/2021\/04\/shutterstock_523689013-768x509.jpg 768w, https:\/\/roundbaltic.eu\/wp-content\/uploads\/2021\/04\/shutterstock_523689013-1536x1017.jpg 1536w, https:\/\/roundbaltic.eu\/wp-content\/uploads\/2021\/04\/shutterstock_523689013-2048x1356.jpg 2048w\" sizes=\"(max-width: 1024px) 100vw, 1024px\" \/>\t\t\t\t\t\t\t\t\t\t\t\t\t\t\t<\/div>\n\t\t\t\t<\/div>\n\t\t\t\t\t<\/div>\n\t\t<\/div>\n\t\t\t\t\t<\/div>\n\t\t<\/section>\n\t\t\t\t<\/div>\n\t\t","protected":false},"excerpt":{"rendered":"<p>Podlaskie, Poland Wojew\u00f3dztwo po\u0142o\u017cony jest w p\u00f3\u0142nocno-wschodniej cz\u0119\u015bci kraju, w geograficznym centrum Europy. Siedziba w\u0142adz wojew\u00f3dztwa znajduje si\u0119 w Bia\u0142ymstoku. Na dzie\u0144 30 czerwca 2016 r. wojew\u00f3dztwo liczy\u0142o 1,2 mln mieszka\u0144c\u00f3w. W regionie znajduje si\u0119 191 826 budynk\u00f3w, z czego 72 536 w gminach i 119 290 na wsi. Prawie 40% wszystkich zasob\u00f3w budowlanych powsta\u0142o [&hellip;]<\/p>\n","protected":false},"author":1,"featured_media":0,"parent":3508,"menu_order":0,"comment_status":"closed","ping_status":"closed","template":"","meta":{"inline_featured_image":false,"footnotes":""},"class_list":["post-3269","page","type-page","status-publish","hentry"],"_links":{"self":[{"href":"https:\/\/roundbaltic.eu\/pl\/wp-json\/wp\/v2\/pages\/3269","targetHints":{"allow":["GET"]}}],"collection":[{"href":"https:\/\/roundbaltic.eu\/pl\/wp-json\/wp\/v2\/pages"}],"about":[{"href":"https:\/\/roundbaltic.eu\/pl\/wp-json\/wp\/v2\/types\/page"}],"author":[{"embeddable":true,"href":"https:\/\/roundbaltic.eu\/pl\/wp-json\/wp\/v2\/users\/1"}],"replies":[{"embeddable":true,"href":"https:\/\/roundbaltic.eu\/pl\/wp-json\/wp\/v2\/comments?post=3269"}],"version-history":[{"count":35,"href":"https:\/\/roundbaltic.eu\/pl\/wp-json\/wp\/v2\/pages\/3269\/revisions"}],"predecessor-version":[{"id":8359,"href":"https:\/\/roundbaltic.eu\/pl\/wp-json\/wp\/v2\/pages\/3269\/revisions\/8359"}],"up":[{"embeddable":true,"href":"https:\/\/roundbaltic.eu\/pl\/wp-json\/wp\/v2\/pages\/3508"}],"wp:attachment":[{"href":"https:\/\/roundbaltic.eu\/pl\/wp-json\/wp\/v2\/media?parent=3269"}],"curies":[{"name":"wp","href":"https:\/\/api.w.org\/{rel}","templated":true}]}}