{"id":3348,"date":"2021-05-07T19:08:52","date_gmt":"2021-05-07T17:08:52","guid":{"rendered":"http:\/\/roundbaltic.eu.185-31-79-130.nmsrv02.dk\/?page_id=3348"},"modified":"2021-12-14T12:06:13","modified_gmt":"2021-12-14T11:06:13","slug":"lodzkie","status":"publish","type":"page","link":"https:\/\/roundbaltic.eu\/pl\/community\/poland\/lodzkie\/","title":{"rendered":"\u0141\u00f3dzkie"},"content":{"rendered":"\t\t<div data-elementor-type=\"wp-page\" data-elementor-id=\"3348\" class=\"elementor elementor-3348 elementor-1341\" data-elementor-post-type=\"page\">\n\t\t\t\t\t\t<section class=\"elementor-section elementor-top-section elementor-element elementor-element-66052bbc elementor-section-stretched elementor-section-boxed elementor-section-height-default elementor-section-height-default\" data-id=\"66052bbc\" data-element_type=\"section\" data-settings=\"{&quot;background_background&quot;:&quot;classic&quot;,&quot;stretch_section&quot;:&quot;section-stretched&quot;}\">\n\t\t\t\t\t\t\t<div class=\"elementor-background-overlay\"><\/div>\n\t\t\t\t\t\t\t<div class=\"elementor-container elementor-column-gap-default\">\n\t\t\t\t\t<div class=\"elementor-column elementor-col-100 elementor-top-column elementor-element elementor-element-face8a7\" data-id=\"face8a7\" data-element_type=\"column\">\n\t\t\t<div class=\"elementor-widget-wrap elementor-element-populated\">\n\t\t\t\t\t\t<div class=\"elementor-element elementor-element-11c978ba elementor-widget elementor-widget-heading\" data-id=\"11c978ba\" data-element_type=\"widget\" data-widget_type=\"heading.default\">\n\t\t\t\t<div class=\"elementor-widget-container\">\n\t\t\t\t\t<h2 class=\"elementor-heading-title elementor-size-default\">L\u00f3dzkie, Poland<\/h2>\t\t\t\t<\/div>\n\t\t\t\t<\/div>\n\t\t\t\t\t<\/div>\n\t\t<\/div>\n\t\t\t\t\t<\/div>\n\t\t<\/section>\n\t\t\t\t<section class=\"elementor-section elementor-top-section elementor-element elementor-element-51d6b71d elementor-section-full_width elementor-section-stretched elementor-section-height-default elementor-section-height-default\" data-id=\"51d6b71d\" data-element_type=\"section\" data-settings=\"{&quot;stretch_section&quot;:&quot;section-stretched&quot;,&quot;background_background&quot;:&quot;classic&quot;}\">\n\t\t\t\t\t\t<div class=\"elementor-container elementor-column-gap-default\">\n\t\t\t\t\t<div class=\"elementor-column elementor-col-50 elementor-top-column elementor-element elementor-element-7aaa47ec halfImgTextAlignLeft\" data-id=\"7aaa47ec\" data-element_type=\"column\">\n\t\t\t<div class=\"elementor-widget-wrap elementor-element-populated\">\n\t\t\t\t\t\t<div class=\"elementor-element elementor-element-1c57ad0c elementor-widget elementor-widget-text-editor\" data-id=\"1c57ad0c\" data-element_type=\"widget\" data-widget_type=\"text-editor.default\">\n\t\t\t\t<div class=\"elementor-widget-container\">\n\t\t\t\t\t\t\t\t\t<p><span style=\"font-weight: 400;\"><strong>Wojew\u00f3dztwo \u0142\u00f3dzkie<\/strong> po\u0142o\u017cone jest w centralnej cz\u0119\u015bci kraju. Obejmuje obszar o powierzchni 18 218,95 km\u00b2. Wed\u0142ug danych z 30 czerwca 2020 wojew\u00f3dztwo zamieszkiwa\u0142o oko\u0142o 2,4 mln os\u00f3b. Ma najmniejsz\u0105 lesisto\u015b\u0107 w kraju. Siedzib\u0105 w\u0142adz wojew\u00f3dztwa jest \u0141\u00f3d\u017a.<\/span><\/p><p><span style=\"font-weight: 400;\">W wojew\u00f3dztwie \u0142\u00f3dzkim jest 46 miast, w tym 3 miasta na prawach powiat\u00f3w.<\/span><\/p><p><span style=\"font-weight: 400;\">Ca\u0142kowita liczba budynk\u00f3w mieszkalnych w 2019 r. wynios\u0142a 462 648. By\u0142o w nich 1 032 240 mieszka\u0144 o \u0142\u0105cznej powierzchni 71 909 358 m<\/span><span style=\"font-weight: 400;\">2<\/span><span style=\"font-weight: 400;\">, z tego 60% po\u0142o\u017conych jest w miastach. Oko\u0142o 30% og\u00f3lnej liczby mieszka\u0144 zosta\u0142o wybudowanych w latach 1945-1970.<\/span><\/p><p><span style=\"font-weight: 400;\">Ze wzgl\u0119du na zasoby w\u0119gla brunatnego w Be\u0142chatowie znajduje si\u0119 najwi\u0119ksza kopalnia odkrywkowa tego surowca w Europie. Pomimo, i\u017c w wojew\u00f3dztwie rozpatruje si\u0119 stopniowe zmniejszanie udzia\u0142u w\u0119gla w produkcji energii elektrycznej, jednak nadal za perspektywiczny zas\u00f3b dla tej produkcji w wojew\u00f3dztwie \u0142\u00f3dzkim uznaje si\u0119 z\u0142o\u017ce w\u0119gla brunatnego Z\u0142oczew zapewniaj\u0105ce utrzymanie funkcjonowania elektrowni Be\u0142chat\u00f3w.<\/span><\/p>\t\t\t\t\t\t\t\t<\/div>\n\t\t\t\t<\/div>\n\t\t\t\t\t<\/div>\n\t\t<\/div>\n\t\t\t\t<div class=\"elementor-column elementor-col-50 elementor-top-column elementor-element elementor-element-1e7478ea\" data-id=\"1e7478ea\" data-element_type=\"column\" data-settings=\"{&quot;background_background&quot;:&quot;classic&quot;}\">\n\t\t\t<div class=\"elementor-widget-wrap elementor-element-populated\">\n\t\t\t\t\t\t<div class=\"elementor-element elementor-element-4893f453 elementor-widget elementor-widget-shortcode\" data-id=\"4893f453\" data-element_type=\"widget\" data-widget_type=\"shortcode.default\">\n\t\t\t\t<div class=\"elementor-widget-container\">\n\t\t\t\t\t\t\t<div class=\"elementor-shortcode\"><div class=\"map_wrapper\" id=\"map_wrapper_3280\">\n<div class=\"map_box\" style=\"max-width:2200px\">\n<div class=\"map_aspect_ratio\" style=\"padding-top:56%\" data-padding-top=\"56%\" data-padding-top-mobile=\"\">\n<div class=\"map_container\">\n<div class=\"map_render map_loading\" id=\"map_3280\"><\/div>\n<\/div>\n<\/div>\n<\/div>\n<\/div><\/div>\n\t\t\t\t\t\t<\/div>\n\t\t\t\t<\/div>\n\t\t\t\t\t<\/div>\n\t\t<\/div>\n\t\t\t\t\t<\/div>\n\t\t<\/section>\n\t\t\t\t<section class=\"elementor-section elementor-top-section elementor-element elementor-element-37b15a21 elementor-section-boxed elementor-section-height-default elementor-section-height-default\" data-id=\"37b15a21\" data-element_type=\"section\">\n\t\t\t\t\t\t<div class=\"elementor-container elementor-column-gap-default\">\n\t\t\t\t\t<div class=\"elementor-column elementor-col-50 elementor-top-column elementor-element elementor-element-557e1e49\" data-id=\"557e1e49\" data-element_type=\"column\">\n\t\t\t<div class=\"elementor-widget-wrap\">\n\t\t\t\t\t\t\t<\/div>\n\t\t<\/div>\n\t\t\t\t<div class=\"elementor-column elementor-col-50 elementor-top-column elementor-element elementor-element-b3f9710\" data-id=\"b3f9710\" data-element_type=\"column\">\n\t\t\t<div class=\"elementor-widget-wrap elementor-element-populated\">\n\t\t\t\t\t\t<div class=\"elementor-element elementor-element-a164da0 elementor-widget elementor-widget-heading\" data-id=\"a164da0\" data-element_type=\"widget\" data-widget_type=\"heading.default\">\n\t\t\t\t<div class=\"elementor-widget-container\">\n\t\t\t\t\t<h2 class=\"elementor-heading-title elementor-size-default\">Strategia energetyczna<\/h2>\t\t\t\t<\/div>\n\t\t\t\t<\/div>\n\t\t\t\t\t<\/div>\n\t\t<\/div>\n\t\t\t\t\t<\/div>\n\t\t<\/section>\n\t\t\t\t<section class=\"elementor-section elementor-top-section elementor-element elementor-element-6e5c7bff elementor-section-full_width elementor-section-stretched elementor-section-height-default elementor-section-height-default\" data-id=\"6e5c7bff\" data-element_type=\"section\" data-settings=\"{&quot;stretch_section&quot;:&quot;section-stretched&quot;,&quot;background_background&quot;:&quot;classic&quot;}\">\n\t\t\t\t\t\t<div class=\"elementor-container elementor-column-gap-default\">\n\t\t\t\t\t<div class=\"elementor-column elementor-col-50 elementor-top-column elementor-element elementor-element-7e341d80\" data-id=\"7e341d80\" data-element_type=\"column\" data-settings=\"{&quot;background_background&quot;:&quot;classic&quot;}\">\n\t\t\t<div class=\"elementor-widget-wrap elementor-element-populated\">\n\t\t\t\t\t\t<div class=\"elementor-element elementor-element-3d9ba030 elementor-widget elementor-widget-image\" data-id=\"3d9ba030\" data-element_type=\"widget\" data-widget_type=\"image.default\">\n\t\t\t\t<div class=\"elementor-widget-container\">\n\t\t\t\t\t\t\t\t\t\t\t\t\t\t\t<img fetchpriority=\"high\" decoding=\"async\" width=\"1024\" height=\"683\" src=\"https:\/\/roundbaltic.eu\/wp-content\/uploads\/2021\/04\/shutterstock_1850713141-1024x683.jpg\" class=\"attachment-large size-large wp-image-2414\" alt=\"\" srcset=\"https:\/\/roundbaltic.eu\/wp-content\/uploads\/2021\/04\/shutterstock_1850713141-1024x683.jpg 1024w, https:\/\/roundbaltic.eu\/wp-content\/uploads\/2021\/04\/shutterstock_1850713141-300x200.jpg 300w, https:\/\/roundbaltic.eu\/wp-content\/uploads\/2021\/04\/shutterstock_1850713141-768x512.jpg 768w, https:\/\/roundbaltic.eu\/wp-content\/uploads\/2021\/04\/shutterstock_1850713141-1536x1024.jpg 1536w, https:\/\/roundbaltic.eu\/wp-content\/uploads\/2021\/04\/shutterstock_1850713141-2048x1366.jpg 2048w\" sizes=\"(max-width: 1024px) 100vw, 1024px\" \/>\t\t\t\t\t\t\t\t\t\t\t\t\t\t\t<\/div>\n\t\t\t\t<\/div>\n\t\t\t\t\t<\/div>\n\t\t<\/div>\n\t\t\t\t<div class=\"elementor-column elementor-col-50 elementor-top-column elementor-element elementor-element-4f499a77 halfImgTextAlignRight\" data-id=\"4f499a77\" data-element_type=\"column\">\n\t\t\t<div class=\"elementor-widget-wrap elementor-element-populated\">\n\t\t\t\t\t\t<div class=\"elementor-element elementor-element-6dd34f7e elementor-widget elementor-widget-text-editor\" data-id=\"6dd34f7e\" data-element_type=\"widget\" data-widget_type=\"text-editor.default\">\n\t\t\t\t<div class=\"elementor-widget-container\">\n\t\t\t\t\t\t\t\t\t<p><span style=\"font-weight: 400;\">Wojew\u00f3dztwo \u0141\u00f3dzkie nie posiada oddzielnie sformu\u0142owanej polityki w zakresie efektywno\u015bci energetycznej. W regionie wykorzystywanych jest wiele mechanizm\u00f3w finansowych, wspomagaj\u0105cych wdra\u017canie projekt\u00f3w w obszarze efektywno\u015bci energetycznej, zar\u00f3wno lokalnych jak i krajowych, zwrotnych i dotacyjnych.<\/span><\/p><p><span style=\"font-weight: 400;\">Jako g\u0142\u00f3wny problem wskazuje si\u0119 na nisk\u0105 jako\u015b\u0107 powietrza w wojew\u00f3dztwie, kt\u00f3ra stanowi wysokie zagro\u017cenie dla zdrowia mieszka\u0144c\u00f3w. Skala zmian w zakresie wprowadzania niskoemisyjnych system\u00f3w grzewczych oraz poprawy efektywno\u015bci energetycznej zabudowy jest niewystarczaj\u0105ca. W\u015br\u00f3d g\u0142\u00f3wnych przyczyn tego stanu wskazuje si\u0119 brak wystarczaj\u0105cych \u015brodk\u00f3w finansowych i niepewno\u015b\u0107 finansowania.<\/span><\/p><p><\/p>\t\t\t\t\t\t\t\t<\/div>\n\t\t\t\t<\/div>\n\t\t\t\t\t<\/div>\n\t\t<\/div>\n\t\t\t\t\t<\/div>\n\t\t<\/section>\n\t\t\t\t<section class=\"elementor-section elementor-top-section elementor-element elementor-element-7106695d elementor-section-boxed elementor-section-height-default elementor-section-height-default\" data-id=\"7106695d\" data-element_type=\"section\">\n\t\t\t\t\t\t<div class=\"elementor-container elementor-column-gap-default\">\n\t\t\t\t\t<div class=\"elementor-column elementor-col-66 elementor-top-column elementor-element elementor-element-57194524\" data-id=\"57194524\" data-element_type=\"column\">\n\t\t\t<div class=\"elementor-widget-wrap elementor-element-populated\">\n\t\t\t\t\t\t<div class=\"elementor-element elementor-element-67594996 elementor-widget elementor-widget-heading\" data-id=\"67594996\" data-element_type=\"widget\" data-widget_type=\"heading.default\">\n\t\t\t\t<div class=\"elementor-widget-container\">\n\t\t\t\t\t<h3 class=\"elementor-heading-title elementor-size-default\">Mechanizmy finansowe<\/h3>\t\t\t\t<\/div>\n\t\t\t\t<\/div>\n\t\t\t\t\t<\/div>\n\t\t<\/div>\n\t\t\t\t<div class=\"elementor-column elementor-col-33 elementor-top-column elementor-element elementor-element-4c738fdb\" data-id=\"4c738fdb\" data-element_type=\"column\">\n\t\t\t<div class=\"elementor-widget-wrap\">\n\t\t\t\t\t\t\t<\/div>\n\t\t<\/div>\n\t\t\t\t\t<\/div>\n\t\t<\/section>\n\t\t\t\t<section class=\"elementor-section elementor-top-section elementor-element elementor-element-62bf1682 elementor-section-boxed elementor-section-height-default elementor-section-height-default\" data-id=\"62bf1682\" data-element_type=\"section\">\n\t\t\t\t\t\t<div class=\"elementor-container elementor-column-gap-default\">\n\t\t\t\t\t<div class=\"elementor-column elementor-col-66 elementor-top-column elementor-element elementor-element-54eaab81\" data-id=\"54eaab81\" data-element_type=\"column\">\n\t\t\t<div class=\"elementor-widget-wrap elementor-element-populated\">\n\t\t\t\t\t\t<div class=\"elementor-element elementor-element-398aad5d elementor-widget elementor-widget-text-editor\" data-id=\"398aad5d\" data-element_type=\"widget\" data-widget_type=\"text-editor.default\">\n\t\t\t\t<div class=\"elementor-widget-container\">\n\t\t\t\t\t\t\t\t\t<p><span style=\"font-weight: 400;\">W celu zwi\u0119kszenia tempa modernizacji wymagane jest dotarcie z instrumentami finansowymi do o\u015brodk\u00f3w miejsko-wiejskich, w kt\u00f3rych poziom termomodernizacji jest bardzo niski. W osi\u0105gni\u0119ciu cel\u00f3w mo\u017ce pom\u00f3c przede wszystkim szeroka wiedza inwestor\u00f3w na temat dost\u0119pno\u015bci \u017ar\u00f3de\u0142 finansowania inwestycji jak i wsparcie doradcze dla takic.<\/span><\/p>\t\t\t\t\t\t\t\t<\/div>\n\t\t\t\t<\/div>\n\t\t\t\t\t<\/div>\n\t\t<\/div>\n\t\t\t\t<div class=\"elementor-column elementor-col-33 elementor-top-column elementor-element elementor-element-fa16f0a\" data-id=\"fa16f0a\" data-element_type=\"column\">\n\t\t\t<div class=\"elementor-widget-wrap elementor-element-populated\">\n\t\t\t\t\t\t<div class=\"elementor-element elementor-element-49ce50d3 elementor-widget elementor-widget-image\" data-id=\"49ce50d3\" data-element_type=\"widget\" data-widget_type=\"image.default\">\n\t\t\t\t<div class=\"elementor-widget-container\">\n\t\t\t\t\t\t\t\t\t\t\t\t\t\t\t<img decoding=\"async\" width=\"1024\" height=\"682\" src=\"https:\/\/roundbaltic.eu\/wp-content\/uploads\/2021\/04\/shutterstock_1718548003-1024x682.jpg\" class=\"attachment-large size-large wp-image-7224\" alt=\"\" srcset=\"https:\/\/roundbaltic.eu\/wp-content\/uploads\/2021\/04\/shutterstock_1718548003-1024x682.jpg 1024w, https:\/\/roundbaltic.eu\/wp-content\/uploads\/2021\/04\/shutterstock_1718548003-300x200.jpg 300w, https:\/\/roundbaltic.eu\/wp-content\/uploads\/2021\/04\/shutterstock_1718548003-768x511.jpg 768w, https:\/\/roundbaltic.eu\/wp-content\/uploads\/2021\/04\/shutterstock_1718548003-1536x1022.jpg 1536w, https:\/\/roundbaltic.eu\/wp-content\/uploads\/2021\/04\/shutterstock_1718548003-2048x1363.jpg 2048w\" sizes=\"(max-width: 1024px) 100vw, 1024px\" \/>\t\t\t\t\t\t\t\t\t\t\t\t\t\t\t<\/div>\n\t\t\t\t<\/div>\n\t\t\t\t\t<\/div>\n\t\t<\/div>\n\t\t\t\t\t<\/div>\n\t\t<\/section>\n\t\t\t\t<section class=\"elementor-section elementor-top-section elementor-element elementor-element-55f7aea8 elementor-section-boxed elementor-section-height-default elementor-section-height-default\" data-id=\"55f7aea8\" data-element_type=\"section\">\n\t\t\t\t\t\t<div class=\"elementor-container elementor-column-gap-default\">\n\t\t\t\t\t<div class=\"elementor-column elementor-col-33 elementor-top-column elementor-element elementor-element-33937879\" data-id=\"33937879\" data-element_type=\"column\">\n\t\t\t<div class=\"elementor-widget-wrap\">\n\t\t\t\t\t\t\t<\/div>\n\t\t<\/div>\n\t\t\t\t<div class=\"elementor-column elementor-col-66 elementor-top-column elementor-element elementor-element-1be2c061\" data-id=\"1be2c061\" data-element_type=\"column\">\n\t\t\t<div class=\"elementor-widget-wrap elementor-element-populated\">\n\t\t\t\t\t\t<div class=\"elementor-element elementor-element-7e08bfd7 elementor-widget elementor-widget-heading\" data-id=\"7e08bfd7\" data-element_type=\"widget\" data-widget_type=\"heading.default\">\n\t\t\t\t<div class=\"elementor-widget-container\">\n\t\t\t\t\t<h3 class=\"elementor-heading-title elementor-size-default\">G\u0142\u00f3wne dzia\u0142ania projektowe w regionie<\/h3>\t\t\t\t<\/div>\n\t\t\t\t<\/div>\n\t\t\t\t\t<\/div>\n\t\t<\/div>\n\t\t\t\t\t<\/div>\n\t\t<\/section>\n\t\t\t\t<section class=\"elementor-section elementor-top-section elementor-element elementor-element-3fce2433 elementor-section-boxed elementor-section-height-default elementor-section-height-default\" data-id=\"3fce2433\" data-element_type=\"section\">\n\t\t\t\t\t\t<div class=\"elementor-container elementor-column-gap-default\">\n\t\t\t\t\t<div class=\"elementor-column elementor-col-33 elementor-top-column elementor-element elementor-element-15d1eaa2\" data-id=\"15d1eaa2\" data-element_type=\"column\">\n\t\t\t<div class=\"elementor-widget-wrap elementor-element-populated\">\n\t\t\t\t\t\t<div class=\"elementor-element elementor-element-2a864722 elementor-widget elementor-widget-image\" data-id=\"2a864722\" data-element_type=\"widget\" data-widget_type=\"image.default\">\n\t\t\t\t<div class=\"elementor-widget-container\">\n\t\t\t\t\t\t\t\t\t\t\t\t\t\t\t<img decoding=\"async\" width=\"1024\" height=\"539\" src=\"https:\/\/roundbaltic.eu\/wp-content\/uploads\/2021\/04\/shutterstock_1747523120-1024x539.jpg\" class=\"attachment-large size-large wp-image-2599\" alt=\"\" srcset=\"https:\/\/roundbaltic.eu\/wp-content\/uploads\/2021\/04\/shutterstock_1747523120-1024x539.jpg 1024w, https:\/\/roundbaltic.eu\/wp-content\/uploads\/2021\/04\/shutterstock_1747523120-300x158.jpg 300w, https:\/\/roundbaltic.eu\/wp-content\/uploads\/2021\/04\/shutterstock_1747523120-768x404.jpg 768w, https:\/\/roundbaltic.eu\/wp-content\/uploads\/2021\/04\/shutterstock_1747523120-1536x808.jpg 1536w, https:\/\/roundbaltic.eu\/wp-content\/uploads\/2021\/04\/shutterstock_1747523120-2048x1078.jpg 2048w\" sizes=\"(max-width: 1024px) 100vw, 1024px\" \/>\t\t\t\t\t\t\t\t\t\t\t\t\t\t\t<\/div>\n\t\t\t\t<\/div>\n\t\t\t\t\t<\/div>\n\t\t<\/div>\n\t\t\t\t<div class=\"elementor-column elementor-col-66 elementor-top-column elementor-element elementor-element-eb95ca7\" data-id=\"eb95ca7\" data-element_type=\"column\">\n\t\t\t<div class=\"elementor-widget-wrap elementor-element-populated\">\n\t\t\t\t\t\t<div class=\"elementor-element elementor-element-644dd15c elementor-widget elementor-widget-text-editor\" data-id=\"644dd15c\" data-element_type=\"widget\" data-widget_type=\"text-editor.default\">\n\t\t\t\t<div class=\"elementor-widget-container\">\n\t\t\t\t\t\t\t\t\t<p><span style=\"font-weight: 400;\">Obecnie dost\u0119p do informacji o wsparciu finansowym opiera si\u0119 o dzia\u0142anie doradc\u00f3w energetycznych przy WFO\u015aiGW w \u0141odzi, Punkty Informacyjne Funduszy Europejskich (RPO), Centrum Innowacji Biznesowej, \u0141\u00f3dzk\u0105 Agencj\u0119 Rozwoju Regionalnego, Fundacj\u0119 Rozwoju Przedsi\u0119biorczo\u015bci oraz wiele innych instytucji oferuj\u0105cych swoj\u0105 indywidualn\u0105 ofert\u0119.<\/span><\/p><p><span style=\"font-weight: 400;\">W 2020 roku Bank BNP Paribas zawar\u0142 umowy z krajowymi i europejskimi bankami rozwojowymi (Europejski Bank Inwestycyjny &#8211; EBI i Bank Gospodarstwa Krajowego &#8211; BGK) i wprowadzi\u0142 na rynek dwa nowe programy finansowania efektywno\u015bci energetycznej wielorodzinnych budynk\u00f3w mieszkalnych (wsp\u00f3lnoty mieszkaniowe) oraz budynk\u00f3w komercyjnych. Zarz\u0105dcy w ramach programu ELENA mog\u0105 liczy\u0107 na pomoc m.in. w przygotowaniu dokumentacji technicznej, wykonaniu audytu energetycznego w trzech wariantach, sporz\u0105dzeniu wniosku do BGK o premi\u0119 termomodernizacyjn\u0105, pomocy technicznej u\u0142atwiaj\u0105cej przygotowanie inwestycji oraz aplikowanie o dofinansowanie.<\/span><\/p>\t\t\t\t\t\t\t\t<\/div>\n\t\t\t\t<\/div>\n\t\t\t\t\t<\/div>\n\t\t<\/div>\n\t\t\t\t\t<\/div>\n\t\t<\/section>\n\t\t\t\t<section class=\"elementor-section elementor-top-section elementor-element elementor-element-4ba93a97 elementor-section-boxed elementor-section-height-default elementor-section-height-default\" data-id=\"4ba93a97\" data-element_type=\"section\">\n\t\t\t\t\t\t<div class=\"elementor-container elementor-column-gap-default\">\n\t\t\t\t\t<div class=\"elementor-column elementor-col-66 elementor-top-column elementor-element elementor-element-55451fc2\" data-id=\"55451fc2\" data-element_type=\"column\">\n\t\t\t<div class=\"elementor-widget-wrap elementor-element-populated\">\n\t\t\t\t\t\t<div class=\"elementor-element elementor-element-58b74c78 elementor-widget elementor-widget-image\" data-id=\"58b74c78\" data-element_type=\"widget\" data-widget_type=\"image.default\">\n\t\t\t\t<div class=\"elementor-widget-container\">\n\t\t\t\t\t\t\t\t\t\t\t\t\t\t\t<img loading=\"lazy\" decoding=\"async\" width=\"298\" height=\"300\" src=\"https:\/\/roundbaltic.eu\/wp-content\/uploads\/2021\/04\/logo-AUiPE-298x300.jpg\" class=\"attachment-medium size-medium wp-image-2518\" alt=\"\" srcset=\"https:\/\/roundbaltic.eu\/wp-content\/uploads\/2021\/04\/logo-AUiPE-298x300.jpg 298w, https:\/\/roundbaltic.eu\/wp-content\/uploads\/2021\/04\/logo-AUiPE-150x150.jpg 150w, https:\/\/roundbaltic.eu\/wp-content\/uploads\/2021\/04\/logo-AUiPE.jpg 417w\" sizes=\"(max-width: 298px) 100vw, 298px\" \/>\t\t\t\t\t\t\t\t\t\t\t\t\t\t\t<\/div>\n\t\t\t\t<\/div>\n\t\t\t\t\t<\/div>\n\t\t<\/div>\n\t\t\t\t<div class=\"elementor-column elementor-col-33 elementor-top-column elementor-element elementor-element-47ff1145\" data-id=\"47ff1145\" data-element_type=\"column\">\n\t\t\t<div class=\"elementor-widget-wrap elementor-element-populated\">\n\t\t\t\t\t\t<div class=\"elementor-element elementor-element-338c86bc elementor-widget elementor-widget-heading\" data-id=\"338c86bc\" data-element_type=\"widget\" data-widget_type=\"heading.default\">\n\t\t\t\t<div class=\"elementor-widget-container\">\n\t\t\t\t\t<h6 class=\"elementor-heading-title elementor-size-large\">Agencja U\u017cytkowania i Poszanowania Energii<\/h6>\t\t\t\t<\/div>\n\t\t\t\t<\/div>\n\t\t\t\t\t<\/div>\n\t\t<\/div>\n\t\t\t\t\t<\/div>\n\t\t<\/section>\n\t\t\t\t<section class=\"elementor-section elementor-top-section elementor-element elementor-element-5235c096 elementor-section-boxed elementor-section-height-default elementor-section-height-default\" data-id=\"5235c096\" data-element_type=\"section\">\n\t\t\t\t\t\t<div class=\"elementor-container elementor-column-gap-default\">\n\t\t\t\t\t<div class=\"elementor-column elementor-col-66 elementor-top-column elementor-element elementor-element-90a6b83\" data-id=\"90a6b83\" data-element_type=\"column\">\n\t\t\t<div class=\"elementor-widget-wrap elementor-element-populated\">\n\t\t\t\t\t\t<div class=\"elementor-element elementor-element-53f0fc6b elementor-widget elementor-widget-text-editor\" data-id=\"53f0fc6b\" data-element_type=\"widget\" data-widget_type=\"text-editor.default\">\n\t\t\t\t<div class=\"elementor-widget-container\">\n\t\t\t\t\t\t\t\t\t<p><span style=\"font-weight: 400;\">Istniejemy od 1997 roku. Jeste\u015bmy firm\u0105 specjalizuj\u0105c\u0105 si\u0119 w dzia\u0142alno\u015bci ekspercko-doradczej z zakresu racjonalizacji wykorzystania energii oraz organizowaniu dzia\u0142a\u0144 edukacyjno-szkoleniowych w zakresie OZE i efektywno\u015bci energetycznej.<\/span><\/p><p><span style=\"font-weight: 400;\">W oparciu o znajomo\u015b\u0107 rynku oraz bogaty dorobek i do\u015bwiadczenie oferujemy najwy\u017cszej jako\u015bci us\u0142ugi zwi\u0105zane z efektywnym i racjonalnym u\u017cytkowaniem energii. D\u0105\u017cymy do upowszechnienia i wdro\u017cenia najlepszych standard\u00f3w i praktyk zwi\u0105zanych ze stosowaniem OZE oraz efektywno\u015bci energetycznej.<\/span><\/p><p><b>Wspomagamy samorz\u0105dy<\/b><span style=\"font-weight: 400;\"> w realizacji zada\u0144 zwi\u0105zanych z planowaniem i organizacj\u0105 zaopatrzenia w paliwa i energi\u0119, zarz\u0105dzaniem energi\u0105 i oraz wdra\u017caniem gospodarki niskoemisyjnej.<\/span><\/p><p><b>Doradzamy klientom w procesie realizacji przedsi\u0119wzi\u0119\u0107<\/b><span style=\"font-weight: 400;\">: zdefiniowanie zakresu i kszta\u0142tu projektu, wyb\u00f3r \u017ar\u00f3de\u0142 finansowania oraz aplikowanie o dofinansowanie.<\/span><\/p><p>Jeste\u015bmy cz\u0142onkiem Og\u00f3lnokrajowego Stowarzyszenia \u201ePoszanowanie Energii i \u015arodowiska\u201d (SAPE- Polska).<\/p>\t\t\t\t\t\t\t\t<\/div>\n\t\t\t\t<\/div>\n\t\t\t\t\t<\/div>\n\t\t<\/div>\n\t\t\t\t<div class=\"elementor-column elementor-col-33 elementor-top-column elementor-element elementor-element-396a5746\" data-id=\"396a5746\" data-element_type=\"column\">\n\t\t\t<div class=\"elementor-widget-wrap elementor-element-populated\">\n\t\t\t\t\t\t<div class=\"elementor-element elementor-element-4dc5beda elementor-widget elementor-widget-image\" data-id=\"4dc5beda\" data-element_type=\"widget\" data-widget_type=\"image.default\">\n\t\t\t\t<div class=\"elementor-widget-container\">\n\t\t\t\t\t\t\t\t\t\t\t\t\t\t\t<img loading=\"lazy\" decoding=\"async\" width=\"1024\" height=\"673\" src=\"https:\/\/roundbaltic.eu\/wp-content\/uploads\/2021\/04\/shutterstock_155581556-1024x673.jpg\" class=\"attachment-large size-large wp-image-2476\" alt=\"\" srcset=\"https:\/\/roundbaltic.eu\/wp-content\/uploads\/2021\/04\/shutterstock_155581556-1024x673.jpg 1024w, https:\/\/roundbaltic.eu\/wp-content\/uploads\/2021\/04\/shutterstock_155581556-300x197.jpg 300w, https:\/\/roundbaltic.eu\/wp-content\/uploads\/2021\/04\/shutterstock_155581556-768x505.jpg 768w, https:\/\/roundbaltic.eu\/wp-content\/uploads\/2021\/04\/shutterstock_155581556-1536x1009.jpg 1536w, https:\/\/roundbaltic.eu\/wp-content\/uploads\/2021\/04\/shutterstock_155581556-2048x1346.jpg 2048w\" sizes=\"(max-width: 1024px) 100vw, 1024px\" \/>\t\t\t\t\t\t\t\t\t\t\t\t\t\t\t<\/div>\n\t\t\t\t<\/div>\n\t\t\t\t\t<\/div>\n\t\t<\/div>\n\t\t\t\t\t<\/div>\n\t\t<\/section>\n\t\t\t\t<\/div>\n\t\t","protected":false},"excerpt":{"rendered":"<p>L\u00f3dzkie, Poland Wojew\u00f3dztwo \u0142\u00f3dzkie po\u0142o\u017cone jest w centralnej cz\u0119\u015bci kraju. Obejmuje obszar o powierzchni 18 218,95 km\u00b2. Wed\u0142ug danych z 30 czerwca 2020 wojew\u00f3dztwo zamieszkiwa\u0142o oko\u0142o 2,4 mln os\u00f3b. Ma najmniejsz\u0105 lesisto\u015b\u0107 w kraju. Siedzib\u0105 w\u0142adz wojew\u00f3dztwa jest \u0141\u00f3d\u017a. W wojew\u00f3dztwie \u0142\u00f3dzkim jest 46 miast, w tym 3 miasta na prawach powiat\u00f3w. Ca\u0142kowita liczba budynk\u00f3w [&hellip;]<\/p>\n","protected":false},"author":2,"featured_media":0,"parent":3508,"menu_order":0,"comment_status":"closed","ping_status":"closed","template":"","meta":{"inline_featured_image":false,"footnotes":""},"class_list":["post-3348","page","type-page","status-publish","hentry"],"_links":{"self":[{"href":"https:\/\/roundbaltic.eu\/pl\/wp-json\/wp\/v2\/pages\/3348","targetHints":{"allow":["GET"]}}],"collection":[{"href":"https:\/\/roundbaltic.eu\/pl\/wp-json\/wp\/v2\/pages"}],"about":[{"href":"https:\/\/roundbaltic.eu\/pl\/wp-json\/wp\/v2\/types\/page"}],"author":[{"embeddable":true,"href":"https:\/\/roundbaltic.eu\/pl\/wp-json\/wp\/v2\/users\/2"}],"replies":[{"embeddable":true,"href":"https:\/\/roundbaltic.eu\/pl\/wp-json\/wp\/v2\/comments?post=3348"}],"version-history":[{"count":36,"href":"https:\/\/roundbaltic.eu\/pl\/wp-json\/wp\/v2\/pages\/3348\/revisions"}],"predecessor-version":[{"id":8347,"href":"https:\/\/roundbaltic.eu\/pl\/wp-json\/wp\/v2\/pages\/3348\/revisions\/8347"}],"up":[{"embeddable":true,"href":"https:\/\/roundbaltic.eu\/pl\/wp-json\/wp\/v2\/pages\/3508"}],"wp:attachment":[{"href":"https:\/\/roundbaltic.eu\/pl\/wp-json\/wp\/v2\/media?parent=3348"}],"curies":[{"name":"wp","href":"https:\/\/api.w.org\/{rel}","templated":true}]}}