{"id":3368,"date":"2021-05-08T14:03:34","date_gmt":"2021-05-08T12:03:34","guid":{"rendered":"http:\/\/roundbaltic.eu.185-31-79-130.nmsrv02.dk\/?page_id=3368"},"modified":"2021-06-07T10:59:25","modified_gmt":"2021-06-07T08:59:25","slug":"mazowieckie-2","status":"publish","type":"page","link":"https:\/\/roundbaltic.eu\/pl\/community\/poland\/mazowieckie-2\/","title":{"rendered":"Mazowieckie"},"content":{"rendered":"\t\t<div data-elementor-type=\"wp-page\" data-elementor-id=\"3368\" class=\"elementor elementor-3368 elementor-1339\" data-elementor-post-type=\"page\">\n\t\t\t\t\t\t<section class=\"elementor-section elementor-top-section elementor-element elementor-element-4fb21f51 elementor-section-stretched elementor-section-boxed elementor-section-height-default elementor-section-height-default\" data-id=\"4fb21f51\" data-element_type=\"section\" data-settings=\"{&quot;background_background&quot;:&quot;classic&quot;,&quot;stretch_section&quot;:&quot;section-stretched&quot;}\">\n\t\t\t\t\t\t\t<div class=\"elementor-background-overlay\"><\/div>\n\t\t\t\t\t\t\t<div class=\"elementor-container elementor-column-gap-default\">\n\t\t\t\t\t<div class=\"elementor-column elementor-col-100 elementor-top-column elementor-element elementor-element-57a3b586\" data-id=\"57a3b586\" data-element_type=\"column\">\n\t\t\t<div class=\"elementor-widget-wrap elementor-element-populated\">\n\t\t\t\t\t\t<div class=\"elementor-element elementor-element-41d85878 elementor-widget elementor-widget-heading\" data-id=\"41d85878\" data-element_type=\"widget\" data-widget_type=\"heading.default\">\n\t\t\t\t<div class=\"elementor-widget-container\">\n\t\t\t\t\t<h2 class=\"elementor-heading-title elementor-size-default\">Mazowieckie, Polska<\/h2>\t\t\t\t<\/div>\n\t\t\t\t<\/div>\n\t\t\t\t\t<\/div>\n\t\t<\/div>\n\t\t\t\t\t<\/div>\n\t\t<\/section>\n\t\t\t\t<section class=\"elementor-section elementor-top-section elementor-element elementor-element-1568842e elementor-section-full_width elementor-section-stretched elementor-section-height-default elementor-section-height-default\" data-id=\"1568842e\" data-element_type=\"section\" data-settings=\"{&quot;stretch_section&quot;:&quot;section-stretched&quot;,&quot;background_background&quot;:&quot;classic&quot;}\">\n\t\t\t\t\t\t<div class=\"elementor-container elementor-column-gap-default\">\n\t\t\t\t\t<div class=\"elementor-column elementor-col-50 elementor-top-column elementor-element elementor-element-1a4a21db halfImgTextAlignLeft\" data-id=\"1a4a21db\" data-element_type=\"column\">\n\t\t\t<div class=\"elementor-widget-wrap elementor-element-populated\">\n\t\t\t\t\t\t<div class=\"elementor-element elementor-element-4f51fbcf elementor-widget elementor-widget-text-editor\" data-id=\"4f51fbcf\" data-element_type=\"widget\" data-widget_type=\"text-editor.default\">\n\t\t\t\t<div class=\"elementor-widget-container\">\n\t\t\t\t\t\t\t\t\t<p><strong>Wojew\u00f3dztwo mazowieckie<\/strong> jest najwi\u0119kszym w Polsce, ze stolic\u0105 &#8211; Warszaw\u0105, kt\u00f3ra jest jednocze\u015bnie stolic\u0105 Polski. Z 5,36 mln mieszka\u0144c\u00f3w 65% mieszka w gminach. Warszawa jest o\u015brodkiem rz\u0105dowym, a tak\u017ce miejscem dzia\u0142ania r\u00f3\u017cnych podmiot\u00f3w zaanga\u017cowanych w popraw\u0119 efektywno\u015bci energetycznej w r\u00f3\u017cnych sektorach gospodarki na poziomie krajowym i regionalnym. W regionie znajduje si\u0119 755 835 budynk\u00f3w, z czego 290 722 w gminach i 465 113 na wsi. Ponad 50% wszystkich zasob\u00f3w budowlanych powsta\u0142o w latach 1945-1970, a w 2012 roku w regionie by\u0142o 6900 budynk\u00f3w u\u017cyteczno\u015bci publicznej.<\/p>\t\t\t\t\t\t\t\t<\/div>\n\t\t\t\t<\/div>\n\t\t\t\t\t<\/div>\n\t\t<\/div>\n\t\t\t\t<div class=\"elementor-column elementor-col-50 elementor-top-column elementor-element elementor-element-36d99102\" data-id=\"36d99102\" data-element_type=\"column\" data-settings=\"{&quot;background_background&quot;:&quot;classic&quot;}\">\n\t\t\t<div class=\"elementor-widget-wrap elementor-element-populated\">\n\t\t\t\t\t\t<div class=\"elementor-element elementor-element-1c62ab77 elementor-widget elementor-widget-shortcode\" data-id=\"1c62ab77\" data-element_type=\"widget\" data-widget_type=\"shortcode.default\">\n\t\t\t\t<div class=\"elementor-widget-container\">\n\t\t\t\t\t\t\t<div class=\"elementor-shortcode\"><div class=\"map_wrapper\" id=\"map_wrapper_3280\">\n<div class=\"map_box\" style=\"max-width:2200px\">\n<div class=\"map_aspect_ratio\" style=\"padding-top:56%\" data-padding-top=\"56%\" data-padding-top-mobile=\"\">\n<div class=\"map_container\">\n<div class=\"map_render map_loading\" id=\"map_3280\"><\/div>\n<\/div>\n<\/div>\n<\/div>\n<\/div><\/div>\n\t\t\t\t\t\t<\/div>\n\t\t\t\t<\/div>\n\t\t\t\t\t<\/div>\n\t\t<\/div>\n\t\t\t\t\t<\/div>\n\t\t<\/section>\n\t\t\t\t<section class=\"elementor-section elementor-top-section elementor-element elementor-element-0082bf5 elementor-section-boxed elementor-section-height-default elementor-section-height-default\" data-id=\"0082bf5\" data-element_type=\"section\">\n\t\t\t\t\t\t<div class=\"elementor-container elementor-column-gap-default\">\n\t\t\t\t\t<div class=\"elementor-column elementor-col-50 elementor-top-column elementor-element elementor-element-f5fc391\" data-id=\"f5fc391\" data-element_type=\"column\">\n\t\t\t<div class=\"elementor-widget-wrap\">\n\t\t\t\t\t\t\t<\/div>\n\t\t<\/div>\n\t\t\t\t<div class=\"elementor-column elementor-col-50 elementor-top-column elementor-element elementor-element-c3f5189\" data-id=\"c3f5189\" data-element_type=\"column\">\n\t\t\t<div class=\"elementor-widget-wrap elementor-element-populated\">\n\t\t\t\t\t\t<div class=\"elementor-element elementor-element-1d4be85 elementor-widget elementor-widget-heading\" data-id=\"1d4be85\" data-element_type=\"widget\" data-widget_type=\"heading.default\">\n\t\t\t\t<div class=\"elementor-widget-container\">\n\t\t\t\t\t<h3 class=\"elementor-heading-title elementor-size-default\">Dzia\u0142ania na rzecz efektywno\u015bci energetycznej<\/h3>\t\t\t\t<\/div>\n\t\t\t\t<\/div>\n\t\t\t\t\t<\/div>\n\t\t<\/div>\n\t\t\t\t\t<\/div>\n\t\t<\/section>\n\t\t\t\t<section class=\"elementor-section elementor-top-section elementor-element elementor-element-646b54b elementor-section-boxed elementor-section-height-default elementor-section-height-default\" data-id=\"646b54b\" data-element_type=\"section\">\n\t\t\t\t\t\t<div class=\"elementor-container elementor-column-gap-default\">\n\t\t\t\t\t<div class=\"elementor-column elementor-col-50 elementor-top-column elementor-element elementor-element-985a6a4\" data-id=\"985a6a4\" data-element_type=\"column\">\n\t\t\t<div class=\"elementor-widget-wrap elementor-element-populated\">\n\t\t\t\t\t\t<div class=\"elementor-element elementor-element-a3247a2 elementor-widget elementor-widget-image\" data-id=\"a3247a2\" data-element_type=\"widget\" data-widget_type=\"image.default\">\n\t\t\t\t<div class=\"elementor-widget-container\">\n\t\t\t\t\t\t\t\t\t\t\t\t\t\t\t<img fetchpriority=\"high\" decoding=\"async\" width=\"1024\" height=\"683\" src=\"https:\/\/roundbaltic.eu\/wp-content\/uploads\/2021\/04\/shutterstock_1850713141-1024x683.jpg\" class=\"attachment-large size-large wp-image-2414\" alt=\"\" srcset=\"https:\/\/roundbaltic.eu\/wp-content\/uploads\/2021\/04\/shutterstock_1850713141-1024x683.jpg 1024w, https:\/\/roundbaltic.eu\/wp-content\/uploads\/2021\/04\/shutterstock_1850713141-300x200.jpg 300w, https:\/\/roundbaltic.eu\/wp-content\/uploads\/2021\/04\/shutterstock_1850713141-768x512.jpg 768w, https:\/\/roundbaltic.eu\/wp-content\/uploads\/2021\/04\/shutterstock_1850713141-1536x1024.jpg 1536w, https:\/\/roundbaltic.eu\/wp-content\/uploads\/2021\/04\/shutterstock_1850713141-2048x1366.jpg 2048w\" sizes=\"(max-width: 1024px) 100vw, 1024px\" \/>\t\t\t\t\t\t\t\t\t\t\t\t\t\t\t<\/div>\n\t\t\t\t<\/div>\n\t\t\t\t\t<\/div>\n\t\t<\/div>\n\t\t\t\t<div class=\"elementor-column elementor-col-50 elementor-top-column elementor-element elementor-element-76a2be6\" data-id=\"76a2be6\" data-element_type=\"column\">\n\t\t\t<div class=\"elementor-widget-wrap elementor-element-populated\">\n\t\t\t\t\t\t<div class=\"elementor-element elementor-element-114b3aa elementor-widget elementor-widget-text-editor\" data-id=\"114b3aa\" data-element_type=\"widget\" data-widget_type=\"text-editor.default\">\n\t\t\t\t<div class=\"elementor-widget-container\">\n\t\t\t\t\t\t\t\t\t<p><span style=\"font-weight: 400;\">W\u0142a\u015bciciele budynk\u00f3w wielorodzinnych na Mazowszu s\u0105 jednym z g\u0142\u00f3wnych odbiorc\u00f3w programu finansowania termomodernizacji w Polsce, kt\u00f3ry istnieje od 1998 roku, jednak wska\u017anik pokrycia jest nadal niski (15%). Nowe instrumenty finansowe w po\u0142\u0105czeniu z po\u017cyczkami, dotacjami UE i pomoc\u0105 UE Elena przyspiesz\u0105 proces modernizacji. Pa\u0144stwowy program \u201eCzyste powietrze\u201d musi by\u0107 lepiej dost\u0119pny dla beneficjent\u00f3w. M\u015aP wzi\u0119\u0142y udzia\u0142 w kilku projektach pilota\u017cowych zwi\u0105zanych z audytami energetycznymi. Wsp\u00f3\u0142finansowana ze \u015brodk\u00f3w unijnych og\u00f3lnokrajowa Sie\u0107 Doradztwa Energetycznego Narodowego Funduszu Ochrony \u015arodowiska (NFOS) wymaga wi\u0119kszego zaanga\u017cowania regionalnych podmiot\u00f3w publicznych i niepublicznych, takich jak Mazowiecka Agencja Energii, Stowarzyszenie Audytor\u00f3w Energetyki, Rozw\u00f3j Mazowsza Agencja, banki komercyjne. Celem dzia\u0142ania b\u0119dzie lepsze udost\u0119pnienie istniej\u0105cych schemat\u00f3w finansowania beneficjentom ko\u0144cowym w sektorze mieszkaniowym oraz w\u015br\u00f3d M\u015aP poprzez koordynacj\u0119 podobnych dzia\u0142a\u0144 zarz\u0105dzanych przez r\u00f3\u017cne organizacje.<\/span><\/p>\t\t\t\t\t\t\t\t<\/div>\n\t\t\t\t<\/div>\n\t\t\t\t\t<\/div>\n\t\t<\/div>\n\t\t\t\t\t<\/div>\n\t\t<\/section>\n\t\t\t\t<section class=\"elementor-section elementor-top-section elementor-element elementor-element-67beb106 elementor-section-boxed elementor-section-height-default elementor-section-height-default\" data-id=\"67beb106\" data-element_type=\"section\">\n\t\t\t\t\t\t<div class=\"elementor-container elementor-column-gap-default\">\n\t\t\t\t\t<div class=\"elementor-column elementor-col-66 elementor-top-column elementor-element elementor-element-3e27567d\" data-id=\"3e27567d\" data-element_type=\"column\">\n\t\t\t<div class=\"elementor-widget-wrap elementor-element-populated\">\n\t\t\t\t\t\t<div class=\"elementor-element elementor-element-5a58d12 elementor-widget elementor-widget-image\" data-id=\"5a58d12\" data-element_type=\"widget\" data-widget_type=\"image.default\">\n\t\t\t\t<div class=\"elementor-widget-container\">\n\t\t\t\t\t\t\t\t\t\t\t\t\t\t\t<img decoding=\"async\" width=\"300\" height=\"149\" src=\"https:\/\/roundbaltic.eu\/wp-content\/uploads\/2021\/04\/Kopia-logoNAPE-bez-kreski-1-300x149.png\" class=\"attachment-medium size-medium wp-image-2711\" alt=\"\" srcset=\"https:\/\/roundbaltic.eu\/wp-content\/uploads\/2021\/04\/Kopia-logoNAPE-bez-kreski-1-300x149.png 300w, https:\/\/roundbaltic.eu\/wp-content\/uploads\/2021\/04\/Kopia-logoNAPE-bez-kreski-1-1024x508.png 1024w, https:\/\/roundbaltic.eu\/wp-content\/uploads\/2021\/04\/Kopia-logoNAPE-bez-kreski-1-768x381.png 768w, https:\/\/roundbaltic.eu\/wp-content\/uploads\/2021\/04\/Kopia-logoNAPE-bez-kreski-1-1536x762.png 1536w, https:\/\/roundbaltic.eu\/wp-content\/uploads\/2021\/04\/Kopia-logoNAPE-bez-kreski-1.png 1772w\" sizes=\"(max-width: 300px) 100vw, 300px\" \/>\t\t\t\t\t\t\t\t\t\t\t\t\t\t\t<\/div>\n\t\t\t\t<\/div>\n\t\t\t\t\t<\/div>\n\t\t<\/div>\n\t\t\t\t<div class=\"elementor-column elementor-col-33 elementor-top-column elementor-element elementor-element-350dcf01\" data-id=\"350dcf01\" data-element_type=\"column\">\n\t\t\t<div class=\"elementor-widget-wrap elementor-element-populated\">\n\t\t\t\t\t\t<div class=\"elementor-element elementor-element-192f0447 elementor-widget elementor-widget-heading\" data-id=\"192f0447\" data-element_type=\"widget\" data-widget_type=\"heading.default\">\n\t\t\t\t<div class=\"elementor-widget-container\">\n\t\t\t\t\t<h6 class=\"elementor-heading-title elementor-size-xl\">Narodowa Agencja Poszanowania Energii<\/h6>\t\t\t\t<\/div>\n\t\t\t\t<\/div>\n\t\t\t\t\t<\/div>\n\t\t<\/div>\n\t\t\t\t\t<\/div>\n\t\t<\/section>\n\t\t\t\t<section class=\"elementor-section elementor-top-section elementor-element elementor-element-41feb549 elementor-section-boxed elementor-section-height-default elementor-section-height-default\" data-id=\"41feb549\" data-element_type=\"section\">\n\t\t\t\t\t\t<div class=\"elementor-container elementor-column-gap-default\">\n\t\t\t\t\t<div class=\"elementor-column elementor-col-66 elementor-top-column elementor-element elementor-element-7b715ef4\" data-id=\"7b715ef4\" data-element_type=\"column\">\n\t\t\t<div class=\"elementor-widget-wrap elementor-element-populated\">\n\t\t\t\t\t\t<div class=\"elementor-element elementor-element-4e73e7a4 elementor-widget elementor-widget-text-editor\" data-id=\"4e73e7a4\" data-element_type=\"widget\" data-widget_type=\"text-editor.default\">\n\t\t\t\t<div class=\"elementor-widget-container\">\n\t\t\t\t\t\t\t\t\t<p><span style=\"font-weight: 400;\">Narodowa Agencja Poszanowania Energii S.A. zosta\u0142a za\u0142o\u017cona w 1994 roku w celu upowszechniania inwestycji energooszcz\u0119dnych i promowania racjonalnego wykorzystania energii, zgodnie z zasadami zr\u00f3wnowa\u017conego rozwoju. G\u0142\u00f3wnym obszarem dzia\u0142alno\u015bci NAPE jest sektor komunalno-bytowy.<\/span><\/p><p><span style=\"font-weight: 400;\">Specjalizujemy si\u0119 w doradztwie energetycznym, opracowywaniu audyt\u00f3w i \u015bwiadectw energetycznych budynk\u00f3w. NAPE jako jedna z niewielu firm w Polsce wykonuje \u015bwiadectwa charakterystyki energetycznej budynk\u00f3w wyposa\u017conych w zaawansowane systemy techniczne, a tak\u017ce budynk\u00f3w u\u017cyteczno\u015bci publicznej. Prowadzimy szkolenia i publikujemy podr\u0119czniki dla audytor\u00f3w energetycznych, arkusze kalkulacyjne do przygotowywania audyt\u00f3w oraz materia\u0142y edukacyjno-informacyjne. Realizujemy tak\u017ce projekty mi\u0119dzynarodowe zwi\u0105zane z efektywno\u015bci\u0105 energetyczn\u0105 budynk\u00f3w, finansowaniem ich modernizacji, wykorzystaniem odnawialnych \u017ar\u00f3de\u0142 energii i poligeneracj\u0105, promocj\u0105 energooszcz\u0119dno\u015bci, zintegrowanym planowaniem energetycznym oraz nowoczesnymi technologiami ogrzewania, ch\u0142odzenia i wentylacji.<\/span><\/p><p><span style=\"font-weight: 400;\">Przygotowujemy wnioski o dotacje z Narodowego Funduszu Ochrony \u015arodowiska i Gospodarki Wodnej, Funduszy Europejskich i premie termomodernizacyjne z BGK. NAPE pe\u0142ni te\u017c rol\u0119 weryfikatora w Programie Finansowania Energii Zr\u00f3wnowa\u017conej w Polsce dla ma\u0142ych i \u015brednich przedsi\u0119biorstw PolSEFF. Weryfikujemy r\u00f3wnie\u017c projekty finansowane przez Europejski Bank Inwestycyjny.<\/span><\/p><p><span style=\"font-weight: 400;\">Wsp\u00f3\u0142pracujemy z Fundacj\u0105 Poszanowania Energii, Zrzeszeniem Audytor\u00f3w Energetycznych, Politechnik\u0105 Warszawsk\u0105, regionalnymi agencjami ochrony energii, organami rz\u0105dowymi i samorz\u0105dowymi, organizacjami pozarz\u0105dowymi, bankami finansuj\u0105cymi inwestycje zwi\u0105zane z efektywno\u015bci\u0105 energetyczn\u0105 i odnawialnymi \u017ar\u00f3d\u0142ami energii oraz wieloma zagranicznymi partnerami. Jeste\u015bmy r\u00f3wnie\u017c cz\u0142onkiem-za\u0142o\u017cycielem Og\u00f3lnopolskiego Stowarzyszenia \u201cPoszanowanie Energii i \u015arodowiska\u201d SAPE-POLSKA.<\/span><\/p>\t\t\t\t\t\t\t\t<\/div>\n\t\t\t\t<\/div>\n\t\t\t\t\t<\/div>\n\t\t<\/div>\n\t\t\t\t<div class=\"elementor-column elementor-col-33 elementor-top-column elementor-element elementor-element-45051414\" data-id=\"45051414\" data-element_type=\"column\">\n\t\t\t<div class=\"elementor-widget-wrap elementor-element-populated\">\n\t\t\t\t\t\t<div class=\"elementor-element elementor-element-6d52c5a6 elementor-widget elementor-widget-image\" data-id=\"6d52c5a6\" data-element_type=\"widget\" data-widget_type=\"image.default\">\n\t\t\t\t<div class=\"elementor-widget-container\">\n\t\t\t\t\t\t\t\t\t\t\t\t\t\t\t<img decoding=\"async\" width=\"1024\" height=\"673\" src=\"https:\/\/roundbaltic.eu\/wp-content\/uploads\/2021\/04\/shutterstock_155581556-1024x673.jpg\" class=\"attachment-large size-large wp-image-2476\" alt=\"\" srcset=\"https:\/\/roundbaltic.eu\/wp-content\/uploads\/2021\/04\/shutterstock_155581556-1024x673.jpg 1024w, https:\/\/roundbaltic.eu\/wp-content\/uploads\/2021\/04\/shutterstock_155581556-300x197.jpg 300w, https:\/\/roundbaltic.eu\/wp-content\/uploads\/2021\/04\/shutterstock_155581556-768x505.jpg 768w, https:\/\/roundbaltic.eu\/wp-content\/uploads\/2021\/04\/shutterstock_155581556-1536x1009.jpg 1536w, https:\/\/roundbaltic.eu\/wp-content\/uploads\/2021\/04\/shutterstock_155581556-2048x1346.jpg 2048w\" sizes=\"(max-width: 1024px) 100vw, 1024px\" \/>\t\t\t\t\t\t\t\t\t\t\t\t\t\t\t<\/div>\n\t\t\t\t<\/div>\n\t\t\t\t<div class=\"elementor-element elementor-element-4bf4b14 elementor-widget elementor-widget-image\" data-id=\"4bf4b14\" data-element_type=\"widget\" data-widget_type=\"image.default\">\n\t\t\t\t<div class=\"elementor-widget-container\">\n\t\t\t\t\t\t\t\t\t\t\t\t\t\t\t<img loading=\"lazy\" decoding=\"async\" width=\"1024\" height=\"539\" src=\"https:\/\/roundbaltic.eu\/wp-content\/uploads\/2021\/04\/shutterstock_1747523120-1024x539.jpg\" class=\"attachment-large size-large wp-image-2599\" alt=\"\" srcset=\"https:\/\/roundbaltic.eu\/wp-content\/uploads\/2021\/04\/shutterstock_1747523120-1024x539.jpg 1024w, https:\/\/roundbaltic.eu\/wp-content\/uploads\/2021\/04\/shutterstock_1747523120-300x158.jpg 300w, https:\/\/roundbaltic.eu\/wp-content\/uploads\/2021\/04\/shutterstock_1747523120-768x404.jpg 768w, https:\/\/roundbaltic.eu\/wp-content\/uploads\/2021\/04\/shutterstock_1747523120-1536x808.jpg 1536w, https:\/\/roundbaltic.eu\/wp-content\/uploads\/2021\/04\/shutterstock_1747523120-2048x1078.jpg 2048w\" sizes=\"(max-width: 1024px) 100vw, 1024px\" \/>\t\t\t\t\t\t\t\t\t\t\t\t\t\t\t<\/div>\n\t\t\t\t<\/div>\n\t\t\t\t\t<\/div>\n\t\t<\/div>\n\t\t\t\t\t<\/div>\n\t\t<\/section>\n\t\t\t\t<\/div>\n\t\t","protected":false},"excerpt":{"rendered":"<p>Mazowieckie, Polska Wojew\u00f3dztwo mazowieckie jest najwi\u0119kszym w Polsce, ze stolic\u0105 &#8211; Warszaw\u0105, kt\u00f3ra jest jednocze\u015bnie stolic\u0105 Polski. Z 5,36 mln mieszka\u0144c\u00f3w 65% mieszka w gminach. Warszawa jest o\u015brodkiem rz\u0105dowym, a tak\u017ce miejscem dzia\u0142ania r\u00f3\u017cnych podmiot\u00f3w zaanga\u017cowanych w popraw\u0119 efektywno\u015bci energetycznej w r\u00f3\u017cnych sektorach gospodarki na poziomie krajowym i regionalnym. W regionie znajduje si\u0119 755 835 [&hellip;]<\/p>\n","protected":false},"author":2,"featured_media":0,"parent":3508,"menu_order":0,"comment_status":"closed","ping_status":"closed","template":"","meta":{"inline_featured_image":false,"footnotes":""},"class_list":["post-3368","page","type-page","status-publish","hentry"],"_links":{"self":[{"href":"https:\/\/roundbaltic.eu\/pl\/wp-json\/wp\/v2\/pages\/3368","targetHints":{"allow":["GET"]}}],"collection":[{"href":"https:\/\/roundbaltic.eu\/pl\/wp-json\/wp\/v2\/pages"}],"about":[{"href":"https:\/\/roundbaltic.eu\/pl\/wp-json\/wp\/v2\/types\/page"}],"author":[{"embeddable":true,"href":"https:\/\/roundbaltic.eu\/pl\/wp-json\/wp\/v2\/users\/2"}],"replies":[{"embeddable":true,"href":"https:\/\/roundbaltic.eu\/pl\/wp-json\/wp\/v2\/comments?post=3368"}],"version-history":[{"count":37,"href":"https:\/\/roundbaltic.eu\/pl\/wp-json\/wp\/v2\/pages\/3368\/revisions"}],"predecessor-version":[{"id":4629,"href":"https:\/\/roundbaltic.eu\/pl\/wp-json\/wp\/v2\/pages\/3368\/revisions\/4629"}],"up":[{"embeddable":true,"href":"https:\/\/roundbaltic.eu\/pl\/wp-json\/wp\/v2\/pages\/3508"}],"wp:attachment":[{"href":"https:\/\/roundbaltic.eu\/pl\/wp-json\/wp\/v2\/media?parent=3368"}],"curies":[{"name":"wp","href":"https:\/\/api.w.org\/{rel}","templated":true}]}}