{"id":3468,"date":"2021-05-09T10:19:40","date_gmt":"2021-05-09T08:19:40","guid":{"rendered":"http:\/\/roundbaltic.eu.185-31-79-130.nmsrv02.dk\/?page_id=3468"},"modified":"2021-06-07T11:17:28","modified_gmt":"2021-06-07T09:17:28","slug":"pomorskie","status":"publish","type":"page","link":"https:\/\/roundbaltic.eu\/pl\/community\/poland\/pomorskie\/","title":{"rendered":"Pomorskie"},"content":{"rendered":"\t\t<div data-elementor-type=\"wp-page\" data-elementor-id=\"3468\" class=\"elementor elementor-3468 elementor-1333\" data-elementor-post-type=\"page\">\n\t\t\t\t\t\t<section class=\"elementor-section elementor-top-section elementor-element elementor-element-680a3460 elementor-section-stretched elementor-section-boxed elementor-section-height-default elementor-section-height-default\" data-id=\"680a3460\" data-element_type=\"section\" data-settings=\"{&quot;background_background&quot;:&quot;classic&quot;,&quot;stretch_section&quot;:&quot;section-stretched&quot;}\">\n\t\t\t\t\t\t\t<div class=\"elementor-background-overlay\"><\/div>\n\t\t\t\t\t\t\t<div class=\"elementor-container elementor-column-gap-default\">\n\t\t\t\t\t<div class=\"elementor-column elementor-col-100 elementor-top-column elementor-element elementor-element-5c23eeef\" data-id=\"5c23eeef\" data-element_type=\"column\">\n\t\t\t<div class=\"elementor-widget-wrap elementor-element-populated\">\n\t\t\t\t\t\t<div class=\"elementor-element elementor-element-169b2efe elementor-widget elementor-widget-heading\" data-id=\"169b2efe\" data-element_type=\"widget\" data-widget_type=\"heading.default\">\n\t\t\t\t<div class=\"elementor-widget-container\">\n\t\t\t\t\t<h2 class=\"elementor-heading-title elementor-size-default\">Pomorskie, Polska<\/h2>\t\t\t\t<\/div>\n\t\t\t\t<\/div>\n\t\t\t\t\t<\/div>\n\t\t<\/div>\n\t\t\t\t\t<\/div>\n\t\t<\/section>\n\t\t\t\t<section class=\"elementor-section elementor-top-section elementor-element elementor-element-1f4af9e elementor-section-boxed elementor-section-height-default elementor-section-height-default\" data-id=\"1f4af9e\" data-element_type=\"section\">\n\t\t\t\t\t\t<div class=\"elementor-container elementor-column-gap-default\">\n\t\t\t\t\t<div class=\"elementor-column elementor-col-100 elementor-top-column elementor-element elementor-element-e91421e\" data-id=\"e91421e\" data-element_type=\"column\">\n\t\t\t<div class=\"elementor-widget-wrap\">\n\t\t\t\t\t\t\t<\/div>\n\t\t<\/div>\n\t\t\t\t\t<\/div>\n\t\t<\/section>\n\t\t\t\t<section class=\"elementor-section elementor-top-section elementor-element elementor-element-ce9c6d9 elementor-section-full_width elementor-section-stretched elementor-section-height-default elementor-section-height-default\" data-id=\"ce9c6d9\" data-element_type=\"section\" data-settings=\"{&quot;stretch_section&quot;:&quot;section-stretched&quot;,&quot;background_background&quot;:&quot;classic&quot;}\">\n\t\t\t\t\t\t<div class=\"elementor-container elementor-column-gap-default\">\n\t\t\t\t\t<div class=\"elementor-column elementor-col-50 elementor-top-column elementor-element elementor-element-8232fcd halfImgTextAlignLeft\" data-id=\"8232fcd\" data-element_type=\"column\">\n\t\t\t<div class=\"elementor-widget-wrap elementor-element-populated\">\n\t\t\t\t\t\t<div class=\"elementor-element elementor-element-d34dab7 elementor-widget elementor-widget-text-editor\" data-id=\"d34dab7\" data-element_type=\"widget\" data-widget_type=\"text-editor.default\">\n\t\t\t\t<div class=\"elementor-widget-container\">\n\t\t\t\t\t\t\t\t\t<p><span style=\"font-weight: 400;\"><strong>Wojew\u00f3dztwo Pomorskie<\/strong> le\u017cy na p\u00f3\u0142nocy kraju nad Morzem Ba\u0142tyckim ze stolic\u0105 regionu w Gda\u0144sku. Region tworz\u0105 123 gminy, w tym 42 gminy miejskie i miejsko-wiejskie oraz 81 gmin wiejskich. Liczba ludno\u015bci w wojew\u00f3dztwie wynosi ponad 2,3 mln z czego ok. 65% zamieszkuje na terenach miejskich..<\/span><\/p><p><span style=\"font-weight: 400;\">Wszystkie gminy w wojew\u00f3dztwie uchwali\u0142y za\u0142o\u017cenia do plan\u00f3w zaopatrzenia w ciep\u0142o, energi\u0119 elektryczn\u0105 i paliwa gazowe, kt\u00f3re sukcesywnie s\u0105 aktualizowane.<\/span><\/p><p><span style=\"font-weight: 400;\">Wojew\u00f3dztwo Pomorskie ma wysoki potencja\u0142 produkcji energii z odnawialnych \u017ar\u00f3de\u0142. Pomorskie od wielu lat konsekwentnie wdra\u017ca dzia\u0142ania w popraw\u0119 efektywno\u015bci energetycznej. <\/span><\/p>\t\t\t\t\t\t\t\t<\/div>\n\t\t\t\t<\/div>\n\t\t\t\t\t<\/div>\n\t\t<\/div>\n\t\t\t\t<div class=\"elementor-column elementor-col-50 elementor-top-column elementor-element elementor-element-36b13ec\" data-id=\"36b13ec\" data-element_type=\"column\" data-settings=\"{&quot;background_background&quot;:&quot;classic&quot;}\">\n\t\t\t<div class=\"elementor-widget-wrap elementor-element-populated\">\n\t\t\t\t\t\t<div class=\"elementor-element elementor-element-30c511a elementor-widget elementor-widget-shortcode\" data-id=\"30c511a\" data-element_type=\"widget\" data-widget_type=\"shortcode.default\">\n\t\t\t\t<div class=\"elementor-widget-container\">\n\t\t\t\t\t\t\t<div class=\"elementor-shortcode\"><div class=\"map_wrapper\" id=\"map_wrapper_3280\">\n<div class=\"map_box\" style=\"max-width:2200px\">\n<div class=\"map_aspect_ratio\" style=\"padding-top:56%\" data-padding-top=\"56%\" data-padding-top-mobile=\"\">\n<div class=\"map_container\">\n<div class=\"map_render map_loading\" id=\"map_3280\"><\/div>\n<\/div>\n<\/div>\n<\/div>\n<\/div><\/div>\n\t\t\t\t\t\t<\/div>\n\t\t\t\t<\/div>\n\t\t\t\t\t<\/div>\n\t\t<\/div>\n\t\t\t\t\t<\/div>\n\t\t<\/section>\n\t\t\t\t<section class=\"elementor-section elementor-top-section elementor-element elementor-element-d34629e elementor-section-boxed elementor-section-height-default elementor-section-height-default\" data-id=\"d34629e\" data-element_type=\"section\">\n\t\t\t\t\t\t<div class=\"elementor-container elementor-column-gap-default\">\n\t\t\t\t\t<div class=\"elementor-column elementor-col-50 elementor-top-column elementor-element elementor-element-939e978\" data-id=\"939e978\" data-element_type=\"column\">\n\t\t\t<div class=\"elementor-widget-wrap\">\n\t\t\t\t\t\t\t<\/div>\n\t\t<\/div>\n\t\t\t\t<div class=\"elementor-column elementor-col-50 elementor-top-column elementor-element elementor-element-8931056\" data-id=\"8931056\" data-element_type=\"column\">\n\t\t\t<div class=\"elementor-widget-wrap elementor-element-populated\">\n\t\t\t\t\t\t<div class=\"elementor-element elementor-element-af9af76 elementor-widget elementor-widget-heading\" data-id=\"af9af76\" data-element_type=\"widget\" data-widget_type=\"heading.default\">\n\t\t\t\t<div class=\"elementor-widget-container\">\n\t\t\t\t\t<h3 class=\"elementor-heading-title elementor-size-default\">Dzia\u0142ania na rzecz efektywno\u015bci energetycznej<\/h3>\t\t\t\t<\/div>\n\t\t\t\t<\/div>\n\t\t\t\t\t<\/div>\n\t\t<\/div>\n\t\t\t\t\t<\/div>\n\t\t<\/section>\n\t\t\t\t<section class=\"elementor-section elementor-top-section elementor-element elementor-element-6f836a8 elementor-section-boxed elementor-section-height-default elementor-section-height-default\" data-id=\"6f836a8\" data-element_type=\"section\">\n\t\t\t\t\t\t<div class=\"elementor-container elementor-column-gap-default\">\n\t\t\t\t\t<div class=\"elementor-column elementor-col-50 elementor-top-column elementor-element elementor-element-2a2e50ac\" data-id=\"2a2e50ac\" data-element_type=\"column\">\n\t\t\t<div class=\"elementor-widget-wrap elementor-element-populated\">\n\t\t\t\t\t\t<div class=\"elementor-element elementor-element-18621ca3 elementor-widget elementor-widget-image\" data-id=\"18621ca3\" data-element_type=\"widget\" data-widget_type=\"image.default\">\n\t\t\t\t<div class=\"elementor-widget-container\">\n\t\t\t\t\t\t\t\t\t\t\t\t\t\t\t<img fetchpriority=\"high\" decoding=\"async\" width=\"1024\" height=\"683\" src=\"https:\/\/roundbaltic.eu\/wp-content\/uploads\/2021\/05\/shutterstock_1850713141-scaled-1-1024x683.jpg\" class=\"attachment-large size-large wp-image-3452\" alt=\"\" srcset=\"https:\/\/roundbaltic.eu\/wp-content\/uploads\/2021\/05\/shutterstock_1850713141-scaled-1-1024x683.jpg 1024w, https:\/\/roundbaltic.eu\/wp-content\/uploads\/2021\/05\/shutterstock_1850713141-scaled-1-300x200.jpg 300w, https:\/\/roundbaltic.eu\/wp-content\/uploads\/2021\/05\/shutterstock_1850713141-scaled-1-768x512.jpg 768w, https:\/\/roundbaltic.eu\/wp-content\/uploads\/2021\/05\/shutterstock_1850713141-scaled-1-1536x1024.jpg 1536w, https:\/\/roundbaltic.eu\/wp-content\/uploads\/2021\/05\/shutterstock_1850713141-scaled-1-2048x1366.jpg 2048w\" sizes=\"(max-width: 1024px) 100vw, 1024px\" \/>\t\t\t\t\t\t\t\t\t\t\t\t\t\t\t<\/div>\n\t\t\t\t<\/div>\n\t\t\t\t\t<\/div>\n\t\t<\/div>\n\t\t\t\t<div class=\"elementor-column elementor-col-50 elementor-top-column elementor-element elementor-element-62b5e22f\" data-id=\"62b5e22f\" data-element_type=\"column\">\n\t\t\t<div class=\"elementor-widget-wrap elementor-element-populated\">\n\t\t\t\t\t\t<div class=\"elementor-element elementor-element-5d53a325 elementor-widget elementor-widget-text-editor\" data-id=\"5d53a325\" data-element_type=\"widget\" data-widget_type=\"text-editor.default\">\n\t\t\t\t<div class=\"elementor-widget-container\">\n\t\t\t\t\t\t\t\t\t<p>Oko\u0142o 75% budynk\u00f3w jest starszych ni\u017c 20 lat i wi\u0119kszo\u015b\u0107 z nich wymaga cz\u0119\u015bciowej lub kompleksowej termomodernizacji. Program krajowy \u201eCzyste powietrze\u201d wspiera wdra\u017canie dzia\u0142a\u0144 w zakresie efektywno\u015bci energetycznej przez w\u0142a\u015bcicieli dom\u00f3w jednorodzinnych wraz z mo\u017cliwo\u015bci\u0105 instalacji odnawialnych \u017ar\u00f3de\u0142 energii, jednak rodziny o niskich dochodach wymagaj\u0105 specjalnych zach\u0119t, a procedura nadal wymaga poprawy. Potrzebne jest dodatkowe wsparcie dla dom\u00f3w wielorodzinnych, w przypadku kt\u00f3rych kroki w zakresie efektywno\u015bci energetycznej b\u0119d\u0105 po\u0142\u0105czone z zast\u0119powaniem ogrzewania w\u0119glowego energi\u0105 odnawialn\u0105 lub gazem ziemnym, zar\u00f3wno do produkcji ciep\u0142a, jak i energii elektrycznej po\u0142\u0105czone z mo\u017cliwo\u015bci\u0105 budowy wewn\u0119trznych instalacji grzewczych. W\u0142a\u015bciciele budynk\u00f3w publicznych i komercyjnych b\u0119d\u0105 stymulowani do wdra\u017cania krok\u00f3w w zakresie efektywno\u015bci energetycznej za pomoc\u0105 specjalnych funduszy. Wsp\u00f3\u0142praca samorz\u0105dowej administracji na Pomorzu, Wojew\u00f3dzkiego Funduszu Ochrony \u015arodowiska w Gda\u0144sku, organizacji i izb zrzeszaj\u0105cych ekspert\u00f3w oraz instytucji finansuj\u0105cych pozwoli na wsp\u00f3lne planowanie dzia\u0142a\u0144 i dalsze wdra\u017canie efektywno\u015bci energetycznej na Pomorzu.<\/p><p>Termomodernizacja budynk\u00f3w wielorodzinnych w miastach jest mocno zaawansowana, natomiast w innych obszarach i sektorach wymaga podejmowania dalszych dzia\u0142a\u0144 i wsparcia.<\/p><p>Jednak w dalszym ci\u0105gu konieczne jest podnoszenie \u015bwiadomo\u015bci zar\u00f3wno w\u015br\u00f3d samorz\u0105dowc\u00f3w, przedsi\u0119biorc\u00f3w, jak i mieszka\u0144c\u00f3w.<\/p><p>Dzia\u0142ania w ramach projektu powinny wnie\u015b\u0107 wk\u0142ad w zwi\u0119kszanie dost\u0119pno\u015bci finansowania i wdra\u017cania efektywno\u015bci energetycznej i odnawialnych \u017ar\u00f3de\u0142 energii w wojew\u00f3dztwie pomorskim.<\/p>\t\t\t\t\t\t\t\t<\/div>\n\t\t\t\t<\/div>\n\t\t\t\t\t<\/div>\n\t\t<\/div>\n\t\t\t\t\t<\/div>\n\t\t<\/section>\n\t\t\t\t<section class=\"elementor-section elementor-top-section elementor-element elementor-element-265723e elementor-section-boxed elementor-section-height-default elementor-section-height-default\" data-id=\"265723e\" data-element_type=\"section\">\n\t\t\t\t\t\t<div class=\"elementor-container elementor-column-gap-default\">\n\t\t\t\t\t<div class=\"elementor-column elementor-col-100 elementor-top-column elementor-element elementor-element-316bce5d\" data-id=\"316bce5d\" data-element_type=\"column\">\n\t\t\t<div class=\"elementor-widget-wrap elementor-element-populated\">\n\t\t\t\t\t\t<div class=\"elementor-element elementor-element-40090f12 elementor-position-top elementor-widget elementor-widget-image-box\" data-id=\"40090f12\" data-element_type=\"widget\" data-widget_type=\"image-box.default\">\n\t\t\t\t<div class=\"elementor-widget-container\">\n\t\t\t\t\t<div class=\"elementor-image-box-wrapper\"><figure class=\"elementor-image-box-img\"><img decoding=\"async\" width=\"510\" height=\"255\" src=\"https:\/\/roundbaltic.eu\/wp-content\/uploads\/2021\/05\/BAPE-1.png\" class=\"attachment-full size-full wp-image-3453\" alt=\"\" srcset=\"https:\/\/roundbaltic.eu\/wp-content\/uploads\/2021\/05\/BAPE-1.png 510w, https:\/\/roundbaltic.eu\/wp-content\/uploads\/2021\/05\/BAPE-1-300x150.png 300w\" sizes=\"(max-width: 510px) 100vw, 510px\" \/><\/figure><div class=\"elementor-image-box-content\"><h3 class=\"elementor-image-box-title\">Ba\u0142tycka Agencja Poszanowania Energii<\/h3><\/div><\/div>\t\t\t\t<\/div>\n\t\t\t\t<\/div>\n\t\t\t\t\t<\/div>\n\t\t<\/div>\n\t\t\t\t\t<\/div>\n\t\t<\/section>\n\t\t\t\t<section class=\"elementor-section elementor-top-section elementor-element elementor-element-713a3a7 elementor-section-boxed elementor-section-height-default elementor-section-height-default\" data-id=\"713a3a7\" data-element_type=\"section\">\n\t\t\t\t\t\t<div class=\"elementor-container elementor-column-gap-default\">\n\t\t\t\t\t<div class=\"elementor-column elementor-col-66 elementor-top-column elementor-element elementor-element-1aea4aa7\" data-id=\"1aea4aa7\" data-element_type=\"column\">\n\t\t\t<div class=\"elementor-widget-wrap elementor-element-populated\">\n\t\t\t\t\t\t<div class=\"elementor-element elementor-element-411d9a57 elementor-widget elementor-widget-text-editor\" data-id=\"411d9a57\" data-element_type=\"widget\" data-widget_type=\"text-editor.default\">\n\t\t\t\t<div class=\"elementor-widget-container\">\n\t\t\t\t\t\t\t\t\t<p>Ba\u0142tycka Agencja Poszanowania Energii S.A. zosta\u0142a utworzona 19 stycznia 1996 r. W pa\u017adzierniku 2014 r. sp\u00f3\u0142ka zosta\u0142a przekszta\u0142cona w Ba\u0142tyck\u0105 Agencj\u0119 Poszanowania Energii Sp. z o.o.<\/p><p><span style=\"font-weight: 400;\">Agencja wsp\u00f3\u0142pracuje z wieloma gminami, producentami i odbiorcami ciep\u0142a w regionie pomorskim. Cele statutowe Agencji obejmuj\u0105 dzia\u0142ania s\u0142u\u017c\u0105ce racjonalizacji przetwarzania, przesy\u0142ania i wykorzystania energii oraz promocj\u0119 odnawialnych \u017ar\u00f3de\u0142 energii.<\/span><\/p><p><span style=\"font-weight: 400;\">BAPE wsp\u00f3\u0142pracuje z regionalnymi agencjami poszanowania energii oraz wieloma partnerami zagranicznymi. Jest r\u00f3wnie\u017c cz\u0142onkiem Og\u00f3lnokrajowego Stowarzyszenia \u201ePoszanowanie Energii i \u015arodowiska\u201d (<\/span><a href=\"http:\/\/www.sape.org.pl\/\"><span style=\"font-weight: 400;\">SAPE- Polska<\/span><\/a><span style=\"font-weight: 400;\">).<\/span><\/p><p><span style=\"font-weight: 400;\">Agencja uczestniczy w realizacji europejskich program\u00f3w zwi\u0105zanych z poszanowaniem energii. Zesp\u00f3\u0142 pracownik\u00f3w posiada wieloletnie do\u015bwiadczenie w zakresie wdra\u017cania odnawialnych \u017ar\u00f3de\u0142 energii, w systemach ciep\u0142owniczych, wsp\u00f3\u0142pracy mi\u0119dzynarodowej w zakresie nowoczesnych technik energetycznych i zr\u00f3wnowa\u017conego rozwoju oraz uczestnictwa w programach Komisji Europejskiej. Pracownicy BAPE to kadra wysokiej klasy specjalist\u00f3w w dziedzinie ciep\u0142ownictwa i termomodernizacji.<\/span><\/p><p><span style=\"font-weight: 400;\">Wykonujemy prace z zakresu planowania i auditingu energetycznego. Wykonujemy badania i pomiary termowizyjne oraz opracowujemy \u015bwiadectwa charakterystyki energetycznej. Przeprowadzamy due dilligence farm wiatrowych. Ponadto, pomagamy w przygotowaniu wniosk\u00f3w o dofinansowanie inwestycji oraz prowadzimy dzia\u0142alno\u015b\u0107 edukacyjno-szkoleniow\u0105.<\/span><\/p><p><\/p>\t\t\t\t\t\t\t\t<\/div>\n\t\t\t\t<\/div>\n\t\t\t\t\t<\/div>\n\t\t<\/div>\n\t\t\t\t<div class=\"elementor-column elementor-col-33 elementor-top-column elementor-element elementor-element-3d52db83\" data-id=\"3d52db83\" data-element_type=\"column\">\n\t\t\t<div class=\"elementor-widget-wrap elementor-element-populated\">\n\t\t\t\t\t\t<div class=\"elementor-element elementor-element-31ee886c elementor-widget elementor-widget-image\" data-id=\"31ee886c\" data-element_type=\"widget\" data-widget_type=\"image.default\">\n\t\t\t\t<div class=\"elementor-widget-container\">\n\t\t\t\t\t\t\t\t\t\t\t\t\t\t\t<img decoding=\"async\" width=\"1024\" height=\"673\" src=\"https:\/\/roundbaltic.eu\/wp-content\/uploads\/2021\/05\/shutterstock_155581556-scaled-1-1024x673.jpg\" class=\"attachment-large size-large wp-image-3460\" alt=\"\" srcset=\"https:\/\/roundbaltic.eu\/wp-content\/uploads\/2021\/05\/shutterstock_155581556-scaled-1-1024x673.jpg 1024w, https:\/\/roundbaltic.eu\/wp-content\/uploads\/2021\/05\/shutterstock_155581556-scaled-1-300x197.jpg 300w, https:\/\/roundbaltic.eu\/wp-content\/uploads\/2021\/05\/shutterstock_155581556-scaled-1-768x505.jpg 768w, https:\/\/roundbaltic.eu\/wp-content\/uploads\/2021\/05\/shutterstock_155581556-scaled-1-1536x1009.jpg 1536w, https:\/\/roundbaltic.eu\/wp-content\/uploads\/2021\/05\/shutterstock_155581556-scaled-1-2048x1346.jpg 2048w\" sizes=\"(max-width: 1024px) 100vw, 1024px\" \/>\t\t\t\t\t\t\t\t\t\t\t\t\t\t\t<\/div>\n\t\t\t\t<\/div>\n\t\t\t\t<div class=\"elementor-element elementor-element-2cc41f52 elementor-widget elementor-widget-image\" data-id=\"2cc41f52\" data-element_type=\"widget\" data-widget_type=\"image.default\">\n\t\t\t\t<div class=\"elementor-widget-container\">\n\t\t\t\t\t\t\t\t\t\t\t\t\t\t\t<img loading=\"lazy\" decoding=\"async\" width=\"1024\" height=\"539\" src=\"https:\/\/roundbaltic.eu\/wp-content\/uploads\/2021\/05\/shutterstock_1747523120-scaled-1-1024x539.jpg\" class=\"attachment-large size-large wp-image-3464\" alt=\"\" srcset=\"https:\/\/roundbaltic.eu\/wp-content\/uploads\/2021\/05\/shutterstock_1747523120-scaled-1-1024x539.jpg 1024w, https:\/\/roundbaltic.eu\/wp-content\/uploads\/2021\/05\/shutterstock_1747523120-scaled-1-300x158.jpg 300w, https:\/\/roundbaltic.eu\/wp-content\/uploads\/2021\/05\/shutterstock_1747523120-scaled-1-768x404.jpg 768w, https:\/\/roundbaltic.eu\/wp-content\/uploads\/2021\/05\/shutterstock_1747523120-scaled-1-1536x808.jpg 1536w, https:\/\/roundbaltic.eu\/wp-content\/uploads\/2021\/05\/shutterstock_1747523120-scaled-1-2048x1078.jpg 2048w\" sizes=\"(max-width: 1024px) 100vw, 1024px\" \/>\t\t\t\t\t\t\t\t\t\t\t\t\t\t\t<\/div>\n\t\t\t\t<\/div>\n\t\t\t\t\t<\/div>\n\t\t<\/div>\n\t\t\t\t\t<\/div>\n\t\t<\/section>\n\t\t\t\t<\/div>\n\t\t","protected":false},"excerpt":{"rendered":"<p>Pomorskie, Polska Wojew\u00f3dztwo Pomorskie le\u017cy na p\u00f3\u0142nocy kraju nad Morzem Ba\u0142tyckim ze stolic\u0105 regionu w Gda\u0144sku. Region tworz\u0105 123 gminy, w tym 42 gminy miejskie i miejsko-wiejskie oraz 81 gmin wiejskich. Liczba ludno\u015bci w wojew\u00f3dztwie wynosi ponad 2,3 mln z czego ok. 65% zamieszkuje na terenach miejskich.. Wszystkie gminy w wojew\u00f3dztwie uchwali\u0142y za\u0142o\u017cenia do plan\u00f3w [&hellip;]<\/p>\n","protected":false},"author":2,"featured_media":0,"parent":3508,"menu_order":0,"comment_status":"closed","ping_status":"closed","template":"","meta":{"inline_featured_image":false,"footnotes":""},"class_list":["post-3468","page","type-page","status-publish","hentry"],"_links":{"self":[{"href":"https:\/\/roundbaltic.eu\/pl\/wp-json\/wp\/v2\/pages\/3468","targetHints":{"allow":["GET"]}}],"collection":[{"href":"https:\/\/roundbaltic.eu\/pl\/wp-json\/wp\/v2\/pages"}],"about":[{"href":"https:\/\/roundbaltic.eu\/pl\/wp-json\/wp\/v2\/types\/page"}],"author":[{"embeddable":true,"href":"https:\/\/roundbaltic.eu\/pl\/wp-json\/wp\/v2\/users\/2"}],"replies":[{"embeddable":true,"href":"https:\/\/roundbaltic.eu\/pl\/wp-json\/wp\/v2\/comments?post=3468"}],"version-history":[{"count":22,"href":"https:\/\/roundbaltic.eu\/pl\/wp-json\/wp\/v2\/pages\/3468\/revisions"}],"predecessor-version":[{"id":4674,"href":"https:\/\/roundbaltic.eu\/pl\/wp-json\/wp\/v2\/pages\/3468\/revisions\/4674"}],"up":[{"embeddable":true,"href":"https:\/\/roundbaltic.eu\/pl\/wp-json\/wp\/v2\/pages\/3508"}],"wp:attachment":[{"href":"https:\/\/roundbaltic.eu\/pl\/wp-json\/wp\/v2\/media?parent=3468"}],"curies":[{"name":"wp","href":"https:\/\/api.w.org\/{rel}","templated":true}]}}