{"id":3493,"date":"2021-05-09T10:45:56","date_gmt":"2021-05-09T08:45:56","guid":{"rendered":"http:\/\/roundbaltic.eu.185-31-79-130.nmsrv02.dk\/?page_id=3493"},"modified":"2021-12-14T12:06:43","modified_gmt":"2021-12-14T11:06:43","slug":"slaskie","status":"publish","type":"page","link":"https:\/\/roundbaltic.eu\/pl\/community\/poland\/slaskie\/","title":{"rendered":"\u015al\u0105skie"},"content":{"rendered":"\t\t<div data-elementor-type=\"wp-page\" data-elementor-id=\"3493\" class=\"elementor elementor-3493 elementor-1343\" data-elementor-post-type=\"page\">\n\t\t\t\t\t\t<section class=\"elementor-section elementor-top-section elementor-element elementor-element-28e17d0f elementor-section-stretched elementor-section-boxed elementor-section-height-default elementor-section-height-default\" data-id=\"28e17d0f\" data-element_type=\"section\" data-settings=\"{&quot;background_background&quot;:&quot;classic&quot;,&quot;stretch_section&quot;:&quot;section-stretched&quot;}\">\n\t\t\t\t\t\t\t<div class=\"elementor-background-overlay\"><\/div>\n\t\t\t\t\t\t\t<div class=\"elementor-container elementor-column-gap-default\">\n\t\t\t\t\t<div class=\"elementor-column elementor-col-100 elementor-top-column elementor-element elementor-element-2e7eaa3a\" data-id=\"2e7eaa3a\" data-element_type=\"column\">\n\t\t\t<div class=\"elementor-widget-wrap elementor-element-populated\">\n\t\t\t\t\t\t<div class=\"elementor-element elementor-element-4a4f1ad2 elementor-widget elementor-widget-heading\" data-id=\"4a4f1ad2\" data-element_type=\"widget\" data-widget_type=\"heading.default\">\n\t\t\t\t<div class=\"elementor-widget-container\">\n\t\t\t\t\t<h2 class=\"elementor-heading-title elementor-size-default\">\u015al\u0105skie, Polska<\/h2>\t\t\t\t<\/div>\n\t\t\t\t<\/div>\n\t\t\t\t\t<\/div>\n\t\t<\/div>\n\t\t\t\t\t<\/div>\n\t\t<\/section>\n\t\t\t\t<section class=\"elementor-section elementor-top-section elementor-element elementor-element-3c9306de elementor-section-full_width elementor-section-stretched elementor-section-height-default elementor-section-height-default\" data-id=\"3c9306de\" data-element_type=\"section\" data-settings=\"{&quot;stretch_section&quot;:&quot;section-stretched&quot;,&quot;background_background&quot;:&quot;classic&quot;}\">\n\t\t\t\t\t\t<div class=\"elementor-container elementor-column-gap-default\">\n\t\t\t\t\t<div class=\"elementor-column elementor-col-50 elementor-top-column elementor-element elementor-element-11dae532 halfImgTextAlignLeft\" data-id=\"11dae532\" data-element_type=\"column\">\n\t\t\t<div class=\"elementor-widget-wrap elementor-element-populated\">\n\t\t\t\t\t\t<div class=\"elementor-element elementor-element-5aaa8992 elementor-widget elementor-widget-text-editor\" data-id=\"5aaa8992\" data-element_type=\"widget\" data-widget_type=\"text-editor.default\">\n\t\t\t\t<div class=\"elementor-widget-container\">\n\t\t\t\t\t\t\t\t\t<p>4,52 mln obywateli zamieszkuje <strong>wojew\u00f3dztwo \u015bl\u0105skie.\u00a0<\/strong> Po\u0142owa z nich\u00a0 \u017cyje\u00a0 w jego centrum, w obejmuj\u0105cej na powierzchni 2500 km2\u00a0 unikalnej SILESII &#8211; Metropolii GZM.<\/p><p>To na terenie SILESII obejmuj\u0105cej 41 miast i gmin siedzib\u0119 ma ponad 240 tysi\u0119cy firm, generuj\u0105cych ok. 8 proc. PKB Polski.<\/p><p>Wojew\u00f3dztwo \u015bl\u0105skie to og\u00f3\u0142em 167 gmin: 49 miejskich , 22 miejsko-wiejskich i 96 wiejskich tworz\u0105cych 36 powiat\u00f3w.<\/p><p>Energia &#8211; to s\u0142owo, z kt\u00f3rym \u015al\u0105sk kojarzy si\u0119 w Polsce i na \u015bwiecie nie tylko ze wzgl\u0119du na zasoby surowcowe(w\u0119giel), ale przede wszystkim ze wzgl\u0119du na dynamik\u0119 zmian w regionie.<\/p><p>Now\u0105 &#8222;POZYTYWN\u0104 Energi\u0119&#8221; nap\u0119dza obecnie\u00a0 nie tylko &#8222;sprawiedliwa transformacja&#8221; zwi\u0105zana z\u00a0 odleg\u0142ym europejskim celem neutralno\u015bci klimatycznej do roku 2050, ale tak\u017ce s\u0142aba jako\u015b\u0107 powietrza w regionie.<\/p><p>\u015al\u0105sk jest nara\u017cony na najwi\u0119ksze zanieczyszczenie powietrza w skali Europy. Wed\u0142ug wykazu opublikowanego w 2018 roku przez WHO, 14 \u015bl\u0105skich miast znalaz\u0142o si\u0119 w\u015br\u00f3d 50 najbardziej zanieczyszczonych miast w UE.<\/p>\t\t\t\t\t\t\t\t<\/div>\n\t\t\t\t<\/div>\n\t\t\t\t\t<\/div>\n\t\t<\/div>\n\t\t\t\t<div class=\"elementor-column elementor-col-50 elementor-top-column elementor-element elementor-element-2c7d575a\" data-id=\"2c7d575a\" data-element_type=\"column\" data-settings=\"{&quot;background_background&quot;:&quot;classic&quot;}\">\n\t\t\t<div class=\"elementor-widget-wrap elementor-element-populated\">\n\t\t\t\t\t\t<div class=\"elementor-element elementor-element-76cc3ae9 elementor-widget elementor-widget-shortcode\" data-id=\"76cc3ae9\" data-element_type=\"widget\" data-widget_type=\"shortcode.default\">\n\t\t\t\t<div class=\"elementor-widget-container\">\n\t\t\t\t\t\t\t<div class=\"elementor-shortcode\"><div class=\"map_wrapper\" id=\"map_wrapper_3280\">\n<div class=\"map_box\" style=\"max-width:2200px\">\n<div class=\"map_aspect_ratio\" style=\"padding-top:56%\" data-padding-top=\"56%\" data-padding-top-mobile=\"\">\n<div class=\"map_container\">\n<div class=\"map_render map_loading\" id=\"map_3280\"><\/div>\n<\/div>\n<\/div>\n<\/div>\n<\/div><\/div>\n\t\t\t\t\t\t<\/div>\n\t\t\t\t<\/div>\n\t\t\t\t\t<\/div>\n\t\t<\/div>\n\t\t\t\t\t<\/div>\n\t\t<\/section>\n\t\t\t\t<section class=\"elementor-section elementor-top-section elementor-element elementor-element-64533ace elementor-section-boxed elementor-section-height-default elementor-section-height-default\" data-id=\"64533ace\" data-element_type=\"section\">\n\t\t\t\t\t\t<div class=\"elementor-container elementor-column-gap-default\">\n\t\t\t\t\t<div class=\"elementor-column elementor-col-50 elementor-top-column elementor-element elementor-element-6c1612b0\" data-id=\"6c1612b0\" data-element_type=\"column\">\n\t\t\t<div class=\"elementor-widget-wrap\">\n\t\t\t\t\t\t\t<\/div>\n\t\t<\/div>\n\t\t\t\t<div class=\"elementor-column elementor-col-50 elementor-top-column elementor-element elementor-element-2b74ba34\" data-id=\"2b74ba34\" data-element_type=\"column\">\n\t\t\t<div class=\"elementor-widget-wrap elementor-element-populated\">\n\t\t\t\t\t\t<div class=\"elementor-element elementor-element-499e631a elementor-widget elementor-widget-heading\" data-id=\"499e631a\" data-element_type=\"widget\" data-widget_type=\"heading.default\">\n\t\t\t\t<div class=\"elementor-widget-container\">\n\t\t\t\t\t<h2 class=\"elementor-heading-title elementor-size-default\">Dzia\u0142ania na rzecz efektywno\u015bci energetycznej<\/h2>\t\t\t\t<\/div>\n\t\t\t\t<\/div>\n\t\t\t\t\t<\/div>\n\t\t<\/div>\n\t\t\t\t\t<\/div>\n\t\t<\/section>\n\t\t\t\t<section class=\"elementor-section elementor-top-section elementor-element elementor-element-d0a986c elementor-section-full_width elementor-section-stretched elementor-section-height-default elementor-section-height-default\" data-id=\"d0a986c\" data-element_type=\"section\" data-settings=\"{&quot;stretch_section&quot;:&quot;section-stretched&quot;,&quot;background_background&quot;:&quot;classic&quot;}\">\n\t\t\t\t\t\t<div class=\"elementor-container elementor-column-gap-default\">\n\t\t\t\t\t<div class=\"elementor-column elementor-col-50 elementor-top-column elementor-element elementor-element-1d6175df\" data-id=\"1d6175df\" data-element_type=\"column\" data-settings=\"{&quot;background_background&quot;:&quot;classic&quot;}\">\n\t\t\t<div class=\"elementor-widget-wrap elementor-element-populated\">\n\t\t\t\t\t\t<div class=\"elementor-element elementor-element-4746be08 elementor-absolute elementor-widget elementor-widget-image\" data-id=\"4746be08\" data-element_type=\"widget\" data-settings=\"{&quot;_position&quot;:&quot;absolute&quot;}\" data-widget_type=\"image.default\">\n\t\t\t\t<div class=\"elementor-widget-container\">\n\t\t\t\t\t\t\t\t\t\t\t\t\t\t\t<img fetchpriority=\"high\" decoding=\"async\" width=\"1024\" height=\"683\" src=\"https:\/\/roundbaltic.eu\/wp-content\/uploads\/2021\/04\/shutterstock_1850713141-1024x683.jpg\" class=\"attachment-large size-large wp-image-2414\" alt=\"\" srcset=\"https:\/\/roundbaltic.eu\/wp-content\/uploads\/2021\/04\/shutterstock_1850713141-1024x683.jpg 1024w, https:\/\/roundbaltic.eu\/wp-content\/uploads\/2021\/04\/shutterstock_1850713141-300x200.jpg 300w, https:\/\/roundbaltic.eu\/wp-content\/uploads\/2021\/04\/shutterstock_1850713141-768x512.jpg 768w, https:\/\/roundbaltic.eu\/wp-content\/uploads\/2021\/04\/shutterstock_1850713141-1536x1024.jpg 1536w, https:\/\/roundbaltic.eu\/wp-content\/uploads\/2021\/04\/shutterstock_1850713141-2048x1366.jpg 2048w\" sizes=\"(max-width: 1024px) 100vw, 1024px\" \/>\t\t\t\t\t\t\t\t\t\t\t\t\t\t\t<\/div>\n\t\t\t\t<\/div>\n\t\t\t\t\t<\/div>\n\t\t<\/div>\n\t\t\t\t<div class=\"elementor-column elementor-col-50 elementor-top-column elementor-element elementor-element-4eecde07 halfImgTextAlignRight\" data-id=\"4eecde07\" data-element_type=\"column\">\n\t\t\t<div class=\"elementor-widget-wrap elementor-element-populated\">\n\t\t\t\t\t\t<div class=\"elementor-element elementor-element-9ecf6d3 elementor-widget elementor-widget-text-editor\" data-id=\"9ecf6d3\" data-element_type=\"widget\" data-widget_type=\"text-editor.default\">\n\t\t\t\t<div class=\"elementor-widget-container\">\n\t\t\t\t\t\t\t\t\t<p><span style=\"font-weight: 400;\">Rola w\u0142adz lokalnych w promowaniu renowacji energetycznej budynk\u00f3w nie mo\u017ce by\u0107 oddzielona od dzia\u0142a\u0144 \u015a<\/span><b>l\u0105skiego Funduszu Ochrony \u015arodowiska i Gospodarki Wodnej,<\/b><span style=\"font-weight: 400;\"> kt\u00f3ry wsp\u00f3\u0142finansowa\u0142 wi\u0119kszo\u015b\u0107 gmin w zakresie dzia\u0142a\u0144 na rzecz poprawy efektywno\u015bci energetycznej szczeg\u00f3lne w ramach program\u00f3w ochrony powietrza.<\/span><\/p><p><span style=\"font-weight: 400;\">Wiele <\/span><b>samorz\u0105d\u00f3w<\/b><span style=\"font-weight: 400;\"> aktywnie organizowa\u0142o i s<\/span><b>ponsorowa\u0142o programy wymiany przestarza\u0142ych kot\u0142\u00f3w<\/b><span style=\"font-weight: 400;\"> w\u0119glowych, ale to w\u0142a\u015bnie Fundusz wsp\u00f3\u0142finansowa\u0142 wi\u0119kszo\u015b\u0107 termomodernizacji du\u017cych budynk\u00f3w wielorodzinnych i generowanie wymiernych oszcz\u0119dno\u015bci energii.<\/span><\/p><p><span style=\"font-weight: 400;\">Komisja ds. Lokalnej Polityki Energetycznej wp\u0142ywa na dzia\u0142ania <\/span><b>\u015al\u0105skiego Zwi\u0105zku Gmin i Powiat\u00f3w<\/b><span style=\"font-weight: 400;\">.<\/span><\/p><p><span style=\"font-weight: 400;\">Gminy skupi\u0142y si\u0119 na lokalnym procesie planowania energetycznego i rozwoju w\u0142asnych kompetencji tworz\u0105c\u00a0 stanowiska i biura zarz\u0105dzania energi\u0105.<\/span><\/p><p><span style=\"font-weight: 400;\">Wsp\u00f3\u0142praca pomi\u0119dzy\u00a0 nimi\u00a0 lokaln\u0105 <\/span><b>Agencj\u0105 Energetyczn\u0105 FEWE <\/b><span style=\"font-weight: 400;\">zapewni\u0142a <\/span><b>pionierskie\u00a0 opracowania\u00a0 niskoemisyjnych strategii energetycznych (SEAP)<\/b><span style=\"font-weight: 400;\"> oraz dzia\u0142a\u0144 ograniczaj\u0105cych emisje py\u0142\u00f3w i CO2.<\/span><\/p>\t\t\t\t\t\t\t\t<\/div>\n\t\t\t\t<\/div>\n\t\t\t\t\t<\/div>\n\t\t<\/div>\n\t\t\t\t\t<\/div>\n\t\t<\/section>\n\t\t\t\t<section class=\"elementor-section elementor-top-section elementor-element elementor-element-1065e1ef elementor-section-boxed elementor-section-height-default elementor-section-height-default\" data-id=\"1065e1ef\" data-element_type=\"section\">\n\t\t\t\t\t\t<div class=\"elementor-container elementor-column-gap-default\">\n\t\t\t\t\t<div class=\"elementor-column elementor-col-66 elementor-top-column elementor-element elementor-element-115c0265\" data-id=\"115c0265\" data-element_type=\"column\">\n\t\t\t<div class=\"elementor-widget-wrap elementor-element-populated\">\n\t\t\t\t\t\t<div class=\"elementor-element elementor-element-3a78f266 elementor-position-top elementor-widget elementor-widget-image-box\" data-id=\"3a78f266\" data-element_type=\"widget\" data-widget_type=\"image-box.default\">\n\t\t\t\t<div class=\"elementor-widget-container\">\n\t\t\t\t\t<div class=\"elementor-image-box-wrapper\"><figure class=\"elementor-image-box-img\"><a href=\"https:\/\/fewe.pl\/pl\/\" target=\"_blank\" tabindex=\"-1\"><img decoding=\"async\" width=\"2214\" height=\"1685\" src=\"https:\/\/roundbaltic.eu\/wp-content\/uploads\/2021\/04\/FEWE_logo.bmp\" class=\"attachment-full size-full wp-image-2701\" alt=\"\" srcset=\"https:\/\/roundbaltic.eu\/wp-content\/uploads\/2021\/04\/FEWE_logo.bmp 2214w, https:\/\/roundbaltic.eu\/wp-content\/uploads\/2021\/04\/FEWE_logo-300x228.jpg 300w, https:\/\/roundbaltic.eu\/wp-content\/uploads\/2021\/04\/FEWE_logo-1024x779.jpg 1024w, https:\/\/roundbaltic.eu\/wp-content\/uploads\/2021\/04\/FEWE_logo-768x584.jpg 768w, https:\/\/roundbaltic.eu\/wp-content\/uploads\/2021\/04\/FEWE_logo-1536x1169.jpg 1536w, https:\/\/roundbaltic.eu\/wp-content\/uploads\/2021\/04\/FEWE_logo-2048x1559.jpg 2048w\" sizes=\"(max-width: 2214px) 100vw, 2214px\" \/><\/a><\/figure><div class=\"elementor-image-box-content\"><h3 class=\"elementor-image-box-title\"><a href=\"https:\/\/fewe.pl\/pl\/\" target=\"_blank\">FEWE -  Fundacja na rzecz Efektywnego Wykorzystania Energii <\/a><\/h3><\/div><\/div>\t\t\t\t<\/div>\n\t\t\t\t<\/div>\n\t\t\t\t<div class=\"elementor-element elementor-element-c92a29c elementor-widget elementor-widget-text-editor\" data-id=\"c92a29c\" data-element_type=\"widget\" data-widget_type=\"text-editor.default\">\n\t\t\t\t<div class=\"elementor-widget-container\">\n\t\t\t\t\t\t\t\t\t<p><span style=\"font-weight: 400;\">FEWE:<\/span><\/p><p><span style=\"font-weight: 400;\">&#8211; jest niezale\u017cn\u0105, pozarz\u0105dow\u0105 organizacj\u0105 non-profit, dzia\u0142aj\u0105c\u0105 w Polsce od 1990 roku,<\/span><\/p><p><span style=\"font-weight: 400;\">&#8211; misj\u0105 jest promowanie zr\u00f3wnowa\u017conego zarz\u0105dzania energi\u0105 wsz\u0119dzie tam, gdzie energia jest wytwarzana, dystrybuowana i wykorzystywana.<\/span><\/p><p><span style=\"font-weight: 400;\">&#8211; cel to wspieranie racjonalnego i efektywnego wykorzystania energii w polskiej gospodarce.<\/span><\/p><p><span style=\"font-weight: 400;\">\u00a0&#8211; sprawnie wsp\u00f3\u0142pracuje z sektorem publicznym, bankami i\u00a0 biznesem w tym sp\u00f3\u0142dzielniami mieszkaniowymi, <\/span><b>WSP\u00d3LNOTAMI mieszkaniowymi <\/b><span style=\"font-weight: 400;\">czy zarz\u0105dcami NIERUCHOMO\u015aCI.<\/span><\/p><p><span style=\"font-weight: 400;\">\u00a0&#8211; <\/span><b>tworzy og\u00f3lnopolsk\u0105 sie\u0107 wykwalifikowanyc<\/b><span style=\"font-weight: 400;\">h in\u017cynier\u00f3w z do\u015bwiadczeniem w przeprowadzaniu audyt\u00f3w zwi\u0105zanych z efektywno\u015bci\u0105 energetyczn\u0105 w mieszkalnictwie\u00a0 przemy\u015ble.<\/span><\/p><p><b>\u00a0&#8211; ma bogate do\u015bwiadczenie <\/b><span style=\"font-weight: 400;\">w zarz\u0105dzaniu i wdra\u017caniu projekt\u00f3w na poziomie mi\u0119dzynarodowym, krajowym i lokalnym, kt\u00f3re koncentruj\u0105 si\u0119 na: efektywno\u015bci energetycznej, polityce energetycznej i planowaniu lub audycie energetycznym.<\/span><\/p><p><span style=\"font-weight: 400;\">\u00a0&#8211; \u015bwiadczy\u0142a us\u0142ugi doradztwa technicznego w zakresie wielu program\u00f3w finansowanych przez B\u015a, IFC, UE, EBI, EBOR.<\/span><\/p>\t\t\t\t\t\t\t\t<\/div>\n\t\t\t\t<\/div>\n\t\t\t\t\t<\/div>\n\t\t<\/div>\n\t\t\t\t<div class=\"elementor-column elementor-col-33 elementor-top-column elementor-element elementor-element-41f36b6c\" data-id=\"41f36b6c\" data-element_type=\"column\">\n\t\t\t<div class=\"elementor-widget-wrap elementor-element-populated\">\n\t\t\t\t\t\t<div class=\"elementor-element elementor-element-637d046c elementor-widget elementor-widget-image\" data-id=\"637d046c\" data-element_type=\"widget\" data-widget_type=\"image.default\">\n\t\t\t\t<div class=\"elementor-widget-container\">\n\t\t\t\t\t\t\t\t\t\t\t\t\t\t\t<img decoding=\"async\" width=\"1024\" height=\"673\" src=\"https:\/\/roundbaltic.eu\/wp-content\/uploads\/2021\/04\/shutterstock_155581556-1024x673.jpg\" class=\"attachment-large size-large wp-image-2476\" alt=\"\" srcset=\"https:\/\/roundbaltic.eu\/wp-content\/uploads\/2021\/04\/shutterstock_155581556-1024x673.jpg 1024w, https:\/\/roundbaltic.eu\/wp-content\/uploads\/2021\/04\/shutterstock_155581556-300x197.jpg 300w, https:\/\/roundbaltic.eu\/wp-content\/uploads\/2021\/04\/shutterstock_155581556-768x505.jpg 768w, https:\/\/roundbaltic.eu\/wp-content\/uploads\/2021\/04\/shutterstock_155581556-1536x1009.jpg 1536w, https:\/\/roundbaltic.eu\/wp-content\/uploads\/2021\/04\/shutterstock_155581556-2048x1346.jpg 2048w\" sizes=\"(max-width: 1024px) 100vw, 1024px\" \/>\t\t\t\t\t\t\t\t\t\t\t\t\t\t\t<\/div>\n\t\t\t\t<\/div>\n\t\t\t\t\t<\/div>\n\t\t<\/div>\n\t\t\t\t\t<\/div>\n\t\t<\/section>\n\t\t\t\t<\/div>\n\t\t","protected":false},"excerpt":{"rendered":"<p>\u015al\u0105skie, Polska 4,52 mln obywateli zamieszkuje wojew\u00f3dztwo \u015bl\u0105skie.\u00a0 Po\u0142owa z nich\u00a0 \u017cyje\u00a0 w jego centrum, w obejmuj\u0105cej na powierzchni 2500 km2\u00a0 unikalnej SILESII &#8211; Metropolii GZM. To na terenie SILESII obejmuj\u0105cej 41 miast i gmin siedzib\u0119 ma ponad 240 tysi\u0119cy firm, generuj\u0105cych ok. 8 proc. PKB Polski. Wojew\u00f3dztwo \u015bl\u0105skie to og\u00f3\u0142em 167 gmin: 49 miejskich [&hellip;]<\/p>\n","protected":false},"author":2,"featured_media":0,"parent":3508,"menu_order":0,"comment_status":"closed","ping_status":"closed","template":"","meta":{"inline_featured_image":false,"footnotes":""},"class_list":["post-3493","page","type-page","status-publish","hentry"],"_links":{"self":[{"href":"https:\/\/roundbaltic.eu\/pl\/wp-json\/wp\/v2\/pages\/3493","targetHints":{"allow":["GET"]}}],"collection":[{"href":"https:\/\/roundbaltic.eu\/pl\/wp-json\/wp\/v2\/pages"}],"about":[{"href":"https:\/\/roundbaltic.eu\/pl\/wp-json\/wp\/v2\/types\/page"}],"author":[{"embeddable":true,"href":"https:\/\/roundbaltic.eu\/pl\/wp-json\/wp\/v2\/users\/2"}],"replies":[{"embeddable":true,"href":"https:\/\/roundbaltic.eu\/pl\/wp-json\/wp\/v2\/comments?post=3493"}],"version-history":[{"count":35,"href":"https:\/\/roundbaltic.eu\/pl\/wp-json\/wp\/v2\/pages\/3493\/revisions"}],"predecessor-version":[{"id":8350,"href":"https:\/\/roundbaltic.eu\/pl\/wp-json\/wp\/v2\/pages\/3493\/revisions\/8350"}],"up":[{"embeddable":true,"href":"https:\/\/roundbaltic.eu\/pl\/wp-json\/wp\/v2\/pages\/3508"}],"wp:attachment":[{"href":"https:\/\/roundbaltic.eu\/pl\/wp-json\/wp\/v2\/media?parent=3493"}],"curies":[{"name":"wp","href":"https:\/\/api.w.org\/{rel}","templated":true}]}}